{"id":43474,"date":"2022-08-23T15:06:06","date_gmt":"2022-08-23T15:06:06","guid":{"rendered":"https:\/\/ofm4x4.com\/shop\/senza-categoria\/ofm110-distanziali-ruota-flange-30mm-6x139-7-m12x1-25-cb110-con-anello-di-centraggio-per-nissan-patrol\/"},"modified":"2025-09-24T09:59:46","modified_gmt":"2025-09-24T09:59:46","slug":"ofm110-distanziali-ruota-flange-30mm-6x139-7-m12x1-25-cb110-con-anello-di-centraggio-per-nissan-patrol","status":"publish","type":"product","link":"https:\/\/ofm4x4.com\/it\/shop\/distanziali-per-ruote\/ofm110-distanziali-ruota-flange-30mm-6x139-7-m12x1-25-cb110-con-anello-di-centraggio-per-nissan-patrol\/","title":{"rendered":"OFM110 Distanziali ruota flange 30mm 6&#215;139.7 M12x1.25-CB110 con anello di centraggio per Nissan Patrol"},"content":{"rendered":"<p data-start=\"0\" data-end=\"23\">Il prezzo si intende per pezzo.<\/p>\n<p data-start=\"25\" data-end=\"233\">I distanziali per ruote sono realizzati in alluminio speciale e soddisfano gli standard di qualit\u00e0 e sicurezza richiesti. Migliorano la stabilit\u00e0 del veicolo dopo averlo sollevato installando una sospensione e ruote pi\u00f9 grandi. <\/p>\n<ul>\n<li data-start=\"235\" data-end=\"358\">Anello di centratura: S\u00cc<\/li>\n<li data-start=\"235\" data-end=\"358\">Spessore: 30 mm<\/li>\n<li data-start=\"235\" data-end=\"358\">Filettatura: M12 x 1,25<\/li>\n<li data-start=\"235\" data-end=\"358\">PCD: 6 x 139,7<\/li>\n<li data-start=\"235\" data-end=\"358\">Materiale: Alluminio<\/li>\n<li data-start=\"235\" data-end=\"358\">CB: 110<\/li>\n<li data-start=\"235\" data-end=\"358\">Modello: OFM 110<\/li>\n<\/ul>\n<p data-start=\"360\" data-end=\"520\" data-is-last-node=\"\" data-is-only-node=\"\">Attenzione: I distanziali con anello centrale per Nissan Patrol sono compatibili solo con i mozzi AVM manuali. Non sono compatibili con gli attacchi originali di fabbrica. <\/p>\n","protected":false},"excerpt":{"rendered":"<p>Distanziali ruota 30 mm 6X139,7 M12X1,25 CB110 con anello di centraggio per Nissan Patrol<\/p>\n","protected":false},"featured_media":37102,"comment_status":"open","ping_status":"closed","template":"","meta":[],"product_brand":[1279],"product_cat":[4611],"product_tag":[4008,4009,4221,3770,3674,4222,4113],"class_list":{"0":"post-43474","1":"product","2":"type-product","3":"status-publish","4":"has-post-thumbnail","6":"product_brand-ofm4x4","7":"product_cat-distanziali-per-ruote","8":"product_tag-30mm-it","9":"product_tag-6x139-7-it","10":"product_tag-cb110-it","11":"product_tag-centering-ring-it","12":"product_tag-distanziali-per-ruote","13":"product_tag-m12x1-25-it","14":"product_tag-nissan-patrol-it","15":"product_shipping_class-produse-usoare-set-it","17":"first","18":"instock","19":"taxable","20":"shipping-taxable","21":"purchasable","22":"product-type-simple"},"_links":{"self":[{"href":"https:\/\/ofm4x4.com\/it\/wp-json\/wp\/v2\/product\/43474","targetHints":{"allow":["GET"]}}],"collection":[{"href":"https:\/\/ofm4x4.com\/it\/wp-json\/wp\/v2\/product"}],"about":[{"href":"https:\/\/ofm4x4.com\/it\/wp-json\/wp\/v2\/types\/product"}],"replies":[{"embeddable":true,"href":"https:\/\/ofm4x4.com\/it\/wp-json\/wp\/v2\/comments?post=43474"}],"version-history":[{"count":1,"href":"https:\/\/ofm4x4.com\/it\/wp-json\/wp\/v2\/product\/43474\/revisions"}],"predecessor-version":[{"id":43483,"href":"https:\/\/ofm4x4.com\/it\/wp-json\/wp\/v2\/product\/43474\/revisions\/43483"}],"wp:featuredmedia":[{"embeddable":true,"href":"https:\/\/ofm4x4.com\/it\/wp-json\/wp\/v2\/media\/37102"}],"wp:attachment":[{"href":"https:\/\/ofm4x4.com\/it\/wp-json\/wp\/v2\/media?parent=43474"}],"wp:term":[{"taxonomy":"product_brand","embeddable":true,"href":"https:\/\/ofm4x4.com\/it\/wp-json\/wp\/v2\/product_brand?post=43474"},{"taxonomy":"product_cat","embeddable":true,"href":"https:\/\/ofm4x4.com\/it\/wp-json\/wp\/v2\/product_cat?post=43474"},{"taxonomy":"product_tag","embeddable":true,"href":"https:\/\/ofm4x4.com\/it\/wp-json\/wp\/v2\/product_tag?post=43474"}],"curies":[{"name":"wp","href":"https:\/\/api.w.org\/{rel}","templated":true}]}}