{"id":43802,"date":"2021-05-28T11:51:37","date_gmt":"2021-05-28T11:51:37","guid":{"rendered":"https:\/\/ofm4x4.com\/shop\/senza-categoria\/ofm106-distanziali-ruota-flange-30mm-6x139-7-m12x1-25mm-cb-110-per-nissan-ford\/"},"modified":"2025-09-24T10:01:40","modified_gmt":"2025-09-24T10:01:40","slug":"ofm106-distanziali-ruota-flange-30mm-6x139-7-m12x1-25mm-cb-110-per-nissan-ford","status":"publish","type":"product","link":"https:\/\/ofm4x4.com\/it\/shop\/distanziali-per-ruote\/ofm106-distanziali-ruota-flange-30mm-6x139-7-m12x1-25mm-cb-110-per-nissan-ford\/","title":{"rendered":"OFM106 Distanziali ruota Flange 30mm 6&#215;139.7 M12x1.25mm CB 110 per Nissan, Ford"},"content":{"rendered":"<p data-start=\"0\" data-end=\"209\">Le flange distanziali per ruote sono realizzate in duralluminio speciale e soddisfano i necessari requisiti di qualit\u00e0 e sicurezza. Migliorano la stabilit\u00e0 del veicolo dopo il sollevamento installando una sospensione e ruote pi\u00f9 grandi. <\/p>\n<ul>\n<li data-start=\"211\" data-end=\"336\">Anello di centratura: No<\/li>\n<li data-start=\"211\" data-end=\"336\">Spessore: 30 mm<\/li>\n<li data-start=\"211\" data-end=\"336\">Montaggio: M12 x 1,25<\/li>\n<li data-start=\"211\" data-end=\"336\">PCD: 6 x 139,7<\/li>\n<li data-start=\"211\" data-end=\"336\">Materiale: Alluminio<\/li>\n<li data-start=\"211\" data-end=\"336\">CB: 110<\/li>\n<li data-start=\"211\" data-end=\"336\">Modello: OFM106<\/li>\n<\/ul>\n<p data-start=\"338\" data-end=\"363\">Senza anello di centraggio.<\/p>\n<p data-start=\"365\" data-end=\"516\">Compatibile con: Nissan Patrol, Terrano, Navara D22<br data-start=\"416\" data-end=\"419\">Maverick (CB:100) &#8211; richiede un anello di centraggio<br data-start=\"464\" data-end=\"467\">Navara D21 (CB:100) &#8211; richiede un anello di centraggio<\/p>\n<p data-start=\"518\" data-end=\"541\" data-is-last-node=\"\" data-is-only-node=\"\">Il prezzo si intende per pezzo.<\/p>\n","protected":false},"excerpt":{"rendered":"<p>Distanziali ruota 30mm 6&#215;139,7 M12x1,25mm CB 110 per Nissan, Ford<\/p>\n","protected":false},"featured_media":37197,"comment_status":"open","ping_status":"closed","template":"","meta":[],"product_brand":[1279],"product_cat":[4611],"product_tag":[4008,4009,4212,3674,4314,3675,4138],"class_list":{"0":"post-43802","1":"product","2":"type-product","3":"status-publish","4":"has-post-thumbnail","6":"product_brand-ofm4x4","7":"product_cat-distanziali-per-ruote","8":"product_tag-30mm-it","9":"product_tag-6x139-7-it","10":"product_tag-cb-110-it","11":"product_tag-distanziali-per-ruote","12":"product_tag-ford-it","13":"product_tag-m12x125-mm","14":"product_tag-nissan-it","15":"product_shipping_class-produse-usoare-set-it","17":"first","18":"instock","19":"taxable","20":"shipping-taxable","21":"purchasable","22":"product-type-simple"},"_links":{"self":[{"href":"https:\/\/ofm4x4.com\/it\/wp-json\/wp\/v2\/product\/43802","targetHints":{"allow":["GET"]}}],"collection":[{"href":"https:\/\/ofm4x4.com\/it\/wp-json\/wp\/v2\/product"}],"about":[{"href":"https:\/\/ofm4x4.com\/it\/wp-json\/wp\/v2\/types\/product"}],"replies":[{"embeddable":true,"href":"https:\/\/ofm4x4.com\/it\/wp-json\/wp\/v2\/comments?post=43802"}],"version-history":[{"count":1,"href":"https:\/\/ofm4x4.com\/it\/wp-json\/wp\/v2\/product\/43802\/revisions"}],"predecessor-version":[{"id":43813,"href":"https:\/\/ofm4x4.com\/it\/wp-json\/wp\/v2\/product\/43802\/revisions\/43813"}],"wp:featuredmedia":[{"embeddable":true,"href":"https:\/\/ofm4x4.com\/it\/wp-json\/wp\/v2\/media\/37197"}],"wp:attachment":[{"href":"https:\/\/ofm4x4.com\/it\/wp-json\/wp\/v2\/media?parent=43802"}],"wp:term":[{"taxonomy":"product_brand","embeddable":true,"href":"https:\/\/ofm4x4.com\/it\/wp-json\/wp\/v2\/product_brand?post=43802"},{"taxonomy":"product_cat","embeddable":true,"href":"https:\/\/ofm4x4.com\/it\/wp-json\/wp\/v2\/product_cat?post=43802"},{"taxonomy":"product_tag","embeddable":true,"href":"https:\/\/ofm4x4.com\/it\/wp-json\/wp\/v2\/product_tag?post=43802"}],"curies":[{"name":"wp","href":"https:\/\/api.w.org\/{rel}","templated":true}]}}