{"id":44193,"date":"2020-06-11T12:18:31","date_gmt":"2020-06-11T12:18:31","guid":{"rendered":"https:\/\/ofm4x4.com\/shop\/senza-categoria\/ofm105-distanziali-ruota-flange-40mm-6x139-7-m12x1-25mm-per-nissan-ford\/"},"modified":"2025-09-24T10:02:12","modified_gmt":"2025-09-24T10:02:12","slug":"ofm105-distanziali-ruota-flange-40mm-6x139-7-m12x1-25mm-per-nissan-ford","status":"publish","type":"product","link":"https:\/\/ofm4x4.com\/it\/shop\/distanziali-per-ruote\/ofm105-distanziali-ruota-flange-40mm-6x139-7-m12x1-25mm-per-nissan-ford\/","title":{"rendered":"OFM105 Distanziali ruota Flange 40mm 6&#215;139.7 M12x1.25mm per Nissan, Ford"},"content":{"rendered":"<p data-start=\"0\" data-end=\"209\">Le flange distanziali per ruote sono realizzate in duralluminio speciale e soddisfano i necessari requisiti di qualit\u00e0 e sicurezza. Migliorano la stabilit\u00e0 del veicolo dopo il sollevamento installando una sospensione e ruote pi\u00f9 grandi. <\/p>\n<ul>\n<li data-start=\"211\" data-end=\"336\">Anello di centratura: No<\/li>\n<li data-start=\"211\" data-end=\"336\">Spessore: 40 mm<\/li>\n<li data-start=\"211\" data-end=\"336\">Montaggio: M12 x 1,25<\/li>\n<li data-start=\"211\" data-end=\"336\">PCD: 6 x 139,7<\/li>\n<li data-start=\"211\" data-end=\"336\">Materiale: Alluminio<\/li>\n<li data-start=\"211\" data-end=\"336\">CB: 110<\/li>\n<li data-start=\"211\" data-end=\"336\">Modello: OFM105<\/li>\n<\/ul>\n<p data-start=\"338\" data-end=\"363\">Senza anello di centraggio.<\/p>\n<p data-start=\"365\" data-end=\"518\">Compatibile con: Nissan Patrol, Terrano, Navara D22<br data-start=\"416\" data-end=\"419\">Maverick (CB: 100) &#8211; richiede un anello di centraggio<br data-start=\"465\" data-end=\"468\">Navara D21 (CB: 100) &#8211; richiede un anello di centraggio<\/p>\n<p data-start=\"520\" data-end=\"543\" data-is-last-node=\"\" data-is-only-node=\"\">Il prezzo si intende per pezzo.<\/p>\n","protected":false},"excerpt":{"rendered":"<p>Distanziali ruota 40mm 6&#215;139.7 M12x1.25mm per Nissan, Ford<\/p>\n","protected":false},"featured_media":37442,"comment_status":"open","ping_status":"closed","template":"","meta":[],"product_brand":[1279],"product_cat":[4611],"product_tag":[4242,4009,3674,4314,3675],"class_list":{"0":"post-44193","1":"product","2":"type-product","3":"status-publish","4":"has-post-thumbnail","6":"product_brand-ofm4x4","7":"product_cat-distanziali-per-ruote","8":"product_tag-40mm-it","9":"product_tag-6x139-7-it","10":"product_tag-distanziali-per-ruote","11":"product_tag-ford-it","12":"product_tag-m12x125-mm","13":"product_shipping_class-produse-usoare-set-it","15":"first","16":"instock","17":"taxable","18":"shipping-taxable","19":"purchasable","20":"product-type-simple"},"_links":{"self":[{"href":"https:\/\/ofm4x4.com\/it\/wp-json\/wp\/v2\/product\/44193","targetHints":{"allow":["GET"]}}],"collection":[{"href":"https:\/\/ofm4x4.com\/it\/wp-json\/wp\/v2\/product"}],"about":[{"href":"https:\/\/ofm4x4.com\/it\/wp-json\/wp\/v2\/types\/product"}],"replies":[{"embeddable":true,"href":"https:\/\/ofm4x4.com\/it\/wp-json\/wp\/v2\/comments?post=44193"}],"version-history":[{"count":1,"href":"https:\/\/ofm4x4.com\/it\/wp-json\/wp\/v2\/product\/44193\/revisions"}],"predecessor-version":[{"id":44200,"href":"https:\/\/ofm4x4.com\/it\/wp-json\/wp\/v2\/product\/44193\/revisions\/44200"}],"wp:featuredmedia":[{"embeddable":true,"href":"https:\/\/ofm4x4.com\/it\/wp-json\/wp\/v2\/media\/37442"}],"wp:attachment":[{"href":"https:\/\/ofm4x4.com\/it\/wp-json\/wp\/v2\/media?parent=44193"}],"wp:term":[{"taxonomy":"product_brand","embeddable":true,"href":"https:\/\/ofm4x4.com\/it\/wp-json\/wp\/v2\/product_brand?post=44193"},{"taxonomy":"product_cat","embeddable":true,"href":"https:\/\/ofm4x4.com\/it\/wp-json\/wp\/v2\/product_cat?post=44193"},{"taxonomy":"product_tag","embeddable":true,"href":"https:\/\/ofm4x4.com\/it\/wp-json\/wp\/v2\/product_tag?post=44193"}],"curies":[{"name":"wp","href":"https:\/\/api.w.org\/{rel}","templated":true}]}}