{"id":37564,"date":"2025-09-15T08:09:18","date_gmt":"2025-09-15T08:09:18","guid":{"rendered":"https:\/\/ofm4x4.com\/o-nas\/"},"modified":"2025-09-22T06:19:28","modified_gmt":"2025-09-22T06:19:28","slug":"o-nas","status":"publish","type":"page","link":"https:\/\/ofm4x4.com\/pl\/o-nas\/","title":{"rendered":"O nas"},"content":{"rendered":"\t\t<div data-elementor-type=\"wp-page\" data-elementor-id=\"37564\" class=\"elementor elementor-37564 elementor-4400\">\n\t\t\t\t<div class=\"elementor-element elementor-element-7c7c544 e-con-full e-flex e-con e-parent\" data-id=\"7c7c544\" data-element_type=\"container\" data-e-type=\"container\">\n\t\t<div class=\"elementor-element elementor-element-e7cb5cd e-con-full e-flex e-con e-child\" data-id=\"e7cb5cd\" data-element_type=\"container\" data-e-type=\"container\">\n\t\t\t\t<div class=\"elementor-element elementor-element-56aec39 elementor-widget elementor-widget-wd_image_or_svg\" data-id=\"56aec39\" data-element_type=\"widget\" data-e-type=\"widget\" data-widget_type=\"wd_image_or_svg.default\">\n\t\t\t\t<div class=\"elementor-widget-container\">\n\t\t\t\t\t\n\t\t<div class=\"wd-image text-left\">\n\t\t\t\t\t\t\t\t<img loading=\"lazy\" decoding=\"async\" width=\"580\" height=\"580\" src=\"https:\/\/ofm4x4.com\/wp-content\/uploads\/2025\/01\/about-us1.png\" class=\"attachment-full size-full\" alt=\"\" srcset=\"https:\/\/ofm4x4.com\/wp-content\/uploads\/2025\/01\/about-us1.png 580w, https:\/\/ofm4x4.com\/wp-content\/uploads\/2025\/01\/about-us1-300x300.png 300w, https:\/\/ofm4x4.com\/wp-content\/uploads\/2025\/01\/about-us1-150x150.png 150w, https:\/\/ofm4x4.com\/wp-content\/uploads\/2025\/01\/about-us1-430x430.png 430w\" sizes=\"auto, (max-width: 580px) 100vw, 580px\" \/>\t\t\t\t\t<\/div>\n\n\t\t\t\t\t\t<\/div>\n\t\t\t\t<\/div>\n\t\t\t\t<\/div>\n\t\t<div class=\"elementor-element elementor-element-97d6084 e-con-full e-flex e-con e-child\" data-id=\"97d6084\" data-element_type=\"container\" data-e-type=\"container\">\n\t\t\t\t<div class=\"elementor-element elementor-element-98d830b wd-width-100 elementor-widget elementor-widget-wd_title\" data-id=\"98d830b\" data-element_type=\"widget\" data-e-type=\"widget\" data-widget_type=\"wd_title.default\">\n\t\t\t\t<div class=\"elementor-widget-container\">\n\t\t\t\t\t\t\t<div class=\"title-wrapper wd-set-mb reset-last-child wd-title-color-primary wd-title-style-default wd-title-size-large text-left\">\n\n\t\t\t\n\t\t\t<div class=\"liner-continer\">\n\t\t\t\t<h4 class=\"woodmart-title-container title wd-fontsize-xxl\">OFM4X4<br \/>\nTw\u00f3j wszech\u015bwiat OFF-ROAD!<\/h4> \n\t\t\t\t\t\t\t<\/div>\n\n\t\t\t\t\t\t\t<div class=\"title-after_title reset-last-child wd-fontsize-s\">\n\t\t\t\t\tWitamy w <a href=\"http:\/\/ofm4x4.com\"><strong>OFM4X4.COM<\/strong><\/a>miejscu, w kt\u00f3rym Twoja pasja do off-roadu o\u017cywa!\t\t\t\t<\/div>\n\t\t\t\t\t<\/div>\n\t\t\t\t\t\t<\/div>\n\t\t\t\t<\/div>\n\t\t\t\t<div class=\"elementor-element elementor-element-66e47ad elementor-widget elementor-widget-wd_text_block\" data-id=\"66e47ad\" data-element_type=\"widget\" data-e-type=\"widget\" data-widget_type=\"wd_text_block.default\">\n\t\t\t\t<div class=\"elementor-widget-container\">\n\t\t\t\t\t\t\t<div class=\"wd-text-block reset-last-child text-left\">\n\t\t\t\n\t\t\t<p>Poznaj szerok\u0105 gam\u0119 produkt\u00f3w i akcesori\u00f3w zaprojektowanych specjalnie dla pojazd\u00f3w terenowych, przekszta\u0142caj\u0105c ka\u017cd\u0105 przygod\u0119 w niezapomniane prze\u017cycie.<\/p><p>Od wytrzyma\u0142ych opon i wysokowydajnych system\u00f3w zawieszenia po innowacyjne akcesoria i gad\u017cety, kt\u00f3re zwi\u0119kszaj\u0105 komfort i bezpiecze\u0144stwo, mamy wszystko, czego potrzebujesz, aby przenie\u015b\u0107 swoj\u0105 off-roadow\u0105 podr\u00f3\u017c na wy\u017cszy poziom.<\/p><p>\u0141atwo przegl\u0105daj nasze starannie wyselekcjonowane kategorie i odkryj najwy\u017cszej jako\u015bci sprz\u0119t przetestowany w najbardziej ekstremalnych warunkach.<\/p><p>Na <a href=\"http:\/\/ofm4x4.com\"><strong>OFM4X4.COM<\/strong><\/a>\u017cyjemy dla przygody i zapewniamy niezawodne rozwi\u0105zania dla ka\u017cdego trudnego terenu.<\/p><p>Ruszaj w drog\u0119 z pewno\u015bci\u0105 siebie i zamie\u0144 ka\u017cd\u0105 podr\u00f3\u017c w niezapomnian\u0105 histori\u0119 - tylko z <a href=\"http:\/\/ofm4x4.com\"><strong>OFM4X4.COM<\/strong><\/a>!<\/p>\n\t\t\t\t\t<\/div>\n\t\t\t\t\t\t<\/div>\n\t\t\t\t<\/div>\n\t\t<div class=\"elementor-element elementor-element-3eef7d8 e-con-full e-flex e-con e-child\" data-id=\"3eef7d8\" data-element_type=\"container\" data-e-type=\"container\">\n\t\t\t\t<div class=\"elementor-element elementor-element-ee232e9 elementor-widget__width-auto elementor-hidden-phone elementor-widget elementor-widget-wd_social_buttons\" data-id=\"ee232e9\" data-element_type=\"widget\" data-e-type=\"widget\" data-widget_type=\"wd_social_buttons.default\">\n\t\t\t\t<div class=\"elementor-widget-container\">\n\t\t\t\t\t\t\t\t<div\n\t\t\t\t\t\tclass=\" wd-social-icons wd-style-colored-alt wd-size-small social-share wd-shape-circle color-scheme-dark text-left\">\n\t\t\t\t\n\t\t\t\t\n\t\t\t\t\t\t\t\t\t<a rel=\"noopener noreferrer nofollow\" href=\"https:\/\/www.facebook.com\/sharer\/sharer.php?u=https:\/\/ofm4x4.com\/pl\/o-nas\/\" target=\"_blank\" class=\" wd-social-icon social-facebook\" aria-label=\"Facebook social link\">\n\t\t\t\t\t\t<span class=\"wd-icon\"><\/span>\n\t\t\t\t\t\t\t\t\t\t\t<\/a>\n\t\t\t\t\n\t\t\t\t\n\t\t\t\t\n\t\t\t\t\n\t\t\t\t\n\t\t\t\t\n\t\t\t\t\n\t\t\t\t\n\t\t\t\t\n\t\t\t\t\n\t\t\t\t\n\t\t\t\t\n\t\t\t\t\n\t\t\t\t\n\t\t\t\t\n\t\t\t\t\n\t\t\t\t\n\t\t\t\t\n\t\t\t\t\t\t\t\t\t<a rel=\"noopener noreferrer nofollow\" href=\"https:\/\/api.whatsapp.com\/send?text=https%3A%2F%2Fofm4x4.com%2Fpl%2Fo-nas%2F\" target=\"_blank\" class=\" wd-hide-md wd-social-icon social-whatsapp\" aria-label=\"WhatsApp social link\">\n\t\t\t\t\t\t<span class=\"wd-icon\"><\/span>\n\t\t\t\t\t\t\t\t\t\t\t<\/a>\n\n\t\t\t\t\t<a rel=\"noopener noreferrer nofollow\" href=\"whatsapp:\/\/send?text=http:\/\/https%3A%2F%2Fofm4x4.com%2Fpl%2Fo-nas%2F\" target=\"_blank\" class=\" wd-hide-lg wd-social-icon social-whatsapp\" aria-label=\"WhatsApp social link\">\n\t\t\t\t\t\t<span class=\"wd-icon\"><\/span>\n\t\t\t\t\t\t\t\t\t\t\t<\/a>\n\t\t\t\t\n\t\t\t\t\n\t\t\t\t\n\t\t\t\t\n\t\t\t\t\n\t\t\t\t\n\t\t\t\t\n\t\t\t\t\n\t\t\t<\/div>\n\n\t\t\t\t\t\t<\/div>\n\t\t\t\t<\/div>\n\t\t\t\t<\/div>\n\t\t\t\t<\/div>\n\t\t\t\t<\/div>\n\t\t\t\t<\/div>\n\t\t","protected":false},"excerpt":{"rendered":"<p>OFM4X4 Tw\u00f3j wszech\u015bwiat OFF-ROAD! Witamy w OFM4X4.COMmiejscu, w kt\u00f3rym Twoja pasja do off-roadu o\u017cywa! Poznaj szerok\u0105 gam\u0119 produkt\u00f3w i akcesori\u00f3w<\/p>\n","protected":false},"author":2,"featured_media":0,"parent":0,"menu_order":0,"comment_status":"closed","ping_status":"closed","template":"","meta":{"footnotes":""},"class_list":["post-37564","page","type-page","status-publish","hentry"],"_links":{"self":[{"href":"https:\/\/ofm4x4.com\/pl\/wp-json\/wp\/v2\/pages\/37564","targetHints":{"allow":["GET"]}}],"collection":[{"href":"https:\/\/ofm4x4.com\/pl\/wp-json\/wp\/v2\/pages"}],"about":[{"href":"https:\/\/ofm4x4.com\/pl\/wp-json\/wp\/v2\/types\/page"}],"author":[{"embeddable":true,"href":"https:\/\/ofm4x4.com\/pl\/wp-json\/wp\/v2\/users\/2"}],"replies":[{"embeddable":true,"href":"https:\/\/ofm4x4.com\/pl\/wp-json\/wp\/v2\/comments?post=37564"}],"version-history":[{"count":1,"href":"https:\/\/ofm4x4.com\/pl\/wp-json\/wp\/v2\/pages\/37564\/revisions"}],"predecessor-version":[{"id":37566,"href":"https:\/\/ofm4x4.com\/pl\/wp-json\/wp\/v2\/pages\/37564\/revisions\/37566"}],"wp:attachment":[{"href":"https:\/\/ofm4x4.com\/pl\/wp-json\/wp\/v2\/media?parent=37564"}],"curies":[{"name":"wp","href":"https:\/\/api.w.org\/{rel}","templated":true}]}}