{"id":37576,"date":"2021-10-12T16:27:24","date_gmt":"2021-10-12T16:27:24","guid":{"rendered":"https:\/\/ofm4x4.com\/contact-us\/"},"modified":"2025-09-22T08:19:04","modified_gmt":"2025-09-22T08:19:04","slug":"skontaktuj-sie-z-nami","status":"publish","type":"page","link":"https:\/\/ofm4x4.com\/pl\/skontaktuj-sie-z-nami\/","title":{"rendered":"Skontaktuj si\u0119 z nami"},"content":{"rendered":"\t\t<div data-elementor-type=\"wp-page\" data-elementor-id=\"37576\" class=\"elementor elementor-37576 elementor-4439\">\n\t\t\t\t<div class=\"wd-negative-gap elementor-element elementor-element-cb322d0 e-flex e-con-boxed e-con e-parent\" data-id=\"cb322d0\" data-element_type=\"container\" data-e-type=\"container\">\n\t\t\t\t\t<div class=\"e-con-inner\">\n\t\t<div class=\"elementor-element elementor-element-1f0abe4 e-con-full e-flex e-con e-child\" data-id=\"1f0abe4\" data-element_type=\"container\" data-e-type=\"container\">\n\t\t\t\t<div class=\"elementor-element elementor-element-071523a wd-width-100 elementor-widget elementor-widget-wd_title\" data-id=\"071523a\" data-element_type=\"widget\" data-e-type=\"widget\" data-widget_type=\"wd_title.default\">\n\t\t\t\t<div class=\"elementor-widget-container\">\n\t\t\t\t\t\t\t<div class=\"title-wrapper wd-set-mb reset-last-child wd-title-color-default wd-title-style-default wd-title-size-default text-left\">\n\n\t\t\t\t\t\t\t\t\t\t\t<div class=\"title-subtitle subtitle-color-default subtitle-style-default wd-fontsize-xs\">\n\t\t\t\t\tPYTANIA INFORMACYJNE\t\t\t\t<\/div>\n\t\t\t\n\t\t\t<div class=\"liner-continer\">\n\t\t\t\t<h4 class=\"woodmart-title-container title wd-fontsize-l\">NAJCZ\u0118\u015aCIEJ ZADAWANE PYTANIA<\/h4> \n\t\t\t\t\t\t\t<\/div>\n\n\t\t\t\t\t<\/div>\n\t\t\t\t\t\t<\/div>\n\t\t\t\t<\/div>\n\t\t\t\t<div class=\"elementor-element elementor-element-2a7c1c6 elementor-widget__width-initial elementor-widget elementor-widget-wd_accordion\" data-id=\"2a7c1c6\" data-element_type=\"widget\" data-e-type=\"widget\" data-widget_type=\"wd_accordion.default\">\n\t\t\t\t<div class=\"elementor-widget-container\">\n\t\t\t\t\t\n\t\t<div class=\"wd-accordion wd-style-default wd-titles-left wd-opener-pos-right wd-opener-style-arrow\" data-state=\"first\">\n\t\t\t\t\t\t\t\n\t\t\t\t<div class=\"wd-accordion-item\">\n\t\t\t\t\t<div class=\"wd-accordion-title wd-role-btn wd-active\" data-accordion-index=\"0\" tabindex=\"0\">\n\t\t\t\t\t\t<div class=\"wd-accordion-title-text\">\n\t\t\t\t\t\t\t\t\t\t\t\t\t\t<span>\n\t\t\t\t\t\t\t\tCzy otrzymam ten sam produkt, kt\u00f3ry widz\u0119 na zdj\u0119ciu?\t\t\t\t\t\t\t<\/span>\n\t\t\t\t\t\t<\/div>\n\t\t\t\t\t\t<span class=\"wd-accordion-opener\"><\/span>\n\t\t\t\t\t<\/div>\n\n\t\t\t\t\t<div class=\"wd-accordion-content wd-entry-content wd-active\" data-accordion-index=\"0\">\n\t\t\t\t\t\t\t\t\t\t\t\t\t\n\t\t\t\t\t\t\t<p>Dok\u0142adamy stara\u0144, aby produkt, kt\u00f3ry otrzymasz, odpowiada\u0142 przedstawionym na zdj\u0119ciach. Jednak mog\u0105 wyst\u0105pi\u0107 niewielkie r\u00f3\u017cnice w kolorze lub fakturze spowodowane r\u00f3\u017cnicami w o\u015bwietleniu, wy\u015bwietlaczach ekran\u00f3w lub procesach produkcyjnych. Mo\u017cesz by\u0107 pewien, \u017ce jako\u015b\u0107 i funkcjonalno\u015b\u0107 produktu pozostan\u0105 bez zmian.<\/p>\n\t\t\t\t\t\t\t\t\t\t\t\t\t\t\t\t\t\t<\/div>\n\t\t\t\t<\/div>\n\t\t\t\t\t\t\t\n\t\t\t\t<div class=\"wd-accordion-item\">\n\t\t\t\t\t<div class=\"wd-accordion-title wd-role-btn\" data-accordion-index=\"1\" tabindex=\"0\">\n\t\t\t\t\t\t<div class=\"wd-accordion-title-text\">\n\t\t\t\t\t\t\t\t\t\t\t\t\t\t<span>\n\t\t\t\t\t\t\t\tGdzie mog\u0119 zobaczy\u0107 m\u00f3j paragon sprzeda\u017cy?\t\t\t\t\t\t\t<\/span>\n\t\t\t\t\t\t<\/div>\n\t\t\t\t\t\t<span class=\"wd-accordion-opener\"><\/span>\n\t\t\t\t\t<\/div>\n\n\t\t\t\t\t<div class=\"wd-accordion-content wd-entry-content\" data-accordion-index=\"1\">\n\t\t\t\t\t\t\t\t\t\t\t\t\t\n\t\t\t\t\t\t\t<p>Paragon sprzeda\u017cy znajdziesz w swojej skrzynce e-mail lub loguj\u0105c si\u0119 na swoje konto. Je\u015bli nie widzisz go w swojej skrzynce odbiorczej, sprawd\u017a prosz\u0119 folder spam lub niechciane. Mo\u017cesz r\u00f3wnie\u017c uzyska\u0107 do niego dost\u0119p w sekcji \u201e<strong>Zam\u00f3wienia<\/strong>\u201d lub \u201e<strong>Historia zakup\u00f3w<\/strong>\u201d w swoim koncie.<\/p>\n\t\t\t\t\t\t\t\t\t\t\t\t\t\t\t\t\t\t<\/div>\n\t\t\t\t<\/div>\n\t\t\t\t\t\t\t\n\t\t\t\t<div class=\"wd-accordion-item\">\n\t\t\t\t\t<div class=\"wd-accordion-title wd-role-btn\" data-accordion-index=\"2\" tabindex=\"0\">\n\t\t\t\t\t\t<div class=\"wd-accordion-title-text\">\n\t\t\t\t\t\t\t\t\t\t\t\t\t\t<span>\n\t\t\t\t\t\t\t\tJak mog\u0119 zwr\u00f3ci\u0107 produkt?\t\t\t\t\t\t\t<\/span>\n\t\t\t\t\t\t<\/div>\n\t\t\t\t\t\t<span class=\"wd-accordion-opener\"><\/span>\n\t\t\t\t\t<\/div>\n\n\t\t\t\t\t<div class=\"wd-accordion-content wd-entry-content\" data-accordion-index=\"2\">\n\t\t\t\t\t\t\t\t\t\t\t\t\t\n\t\t\t\t\t\t\t<p data-start=\"138\" data-end=\"238\">Je\u015bli zakupi\u0142e\u015b akcesorium off-road i chcesz je zwr\u00f3ci\u0107, post\u0119puj zgodnie z tymi prostymi krokami:<\/p><p data-start=\"240\" data-end=\"415\"><strong>Sprawd\u017a polityk\u0119 zwrot\u00f3w<\/strong> \u2013 Upewnij si\u0119, \u017ce produkt kwalifikuje si\u0119 do zwrotu zgodnie z naszymi warunkami. Produkty musz\u0105 by\u0107 w stanie nowym, nieu\u017cywane i bez \u015blad\u00f3w monta\u017cu.<\/p><p data-start=\"417\" data-end=\"535\"><strong>Zachowaj oryginalne opakowanie<\/strong> \u2013 Aby zwr\u00f3ci\u0107 produkt, musi on znajdowa\u0107 si\u0119 w oryginalnym, nienaruszonym opakowaniu.<\/p><p data-start=\"537\" data-end=\"672\"><strong>Wype\u0142nij formularz zwrotu<\/strong> \u2013 Odwied\u017a sekcj\u0119 zwrot\u00f3w na naszej stronie internetowej i wype\u0142nij formularz, podaj\u0105c niezb\u0119dne informacje.<\/p><p data-start=\"674\" data-end=\"810\"><strong>Odpowiednio zapakuj produkt<\/strong> \u2013 Akcesoria off-road mog\u0105 by\u0107 du\u017ce lub delikatne, wi\u0119c upewnij si\u0119, \u017ce s\u0105 dobrze zabezpieczone do wysy\u0142ki.<\/p><p data-start=\"812\" data-end=\"1019\"><strong>Wy\u015blij paczk\u0119<\/strong> \u2013 Skorzystaj z kuriera rekomendowanego przez nas lub innej zaufanej opcji i zachowaj potwierdzenie nadania. Koszty wysy\u0142ki zwrotnej mog\u0105 by\u0107 pokrywane przez klienta, zgodnie z nasz\u0105 polityk\u0105.<\/p><p data-start=\"1021\" data-end=\"1197\"><strong>Poczekaj na potwierdzenie zwrotu<\/strong> \u2013 Po sprawdzeniu zwr\u00f3conego produktu powiadomimy Ci\u0119 e-mailem i przetworzymy zwrot pieni\u0119dzy lub wymian\u0119, w zale\u017cno\u015bci od Twoich preferencji.<\/p><p data-start=\"1199\" data-end=\"1276\">Je\u015bli masz jakiekolwiek pytania, nasz zesp\u00f3\u0142 wsparcia jest gotowy Ci pom\u00f3c!<\/p>\n\t\t\t\t\t\t\t\t\t\t\t\t\t\t\t\t\t\t<\/div>\n\t\t\t\t<\/div>\n\t\t\t\t\t\t\t\n\t\t\t\t<div class=\"wd-accordion-item\">\n\t\t\t\t\t<div class=\"wd-accordion-title wd-role-btn\" data-accordion-index=\"3\" tabindex=\"0\">\n\t\t\t\t\t\t<div class=\"wd-accordion-title-text\">\n\t\t\t\t\t\t\t\t\t\t\t\t\t\t<span>\n\t\t\t\t\t\t\t\tCzy uzupe\u0142nicie zapasy produkt\u00f3w oznaczonych jako \u201ebrak w magazynie\u201d?\t\t\t\t\t\t\t<\/span>\n\t\t\t\t\t\t<\/div>\n\t\t\t\t\t\t<span class=\"wd-accordion-opener\"><\/span>\n\t\t\t\t\t<\/div>\n\n\t\t\t\t\t<div class=\"wd-accordion-content wd-entry-content\" data-accordion-index=\"3\">\n\t\t\t\t\t\t\t\t\t\t\t\t\t\n\t\t\t\t\t\t\t<p data-start=\"101\" data-end=\"321\">Regularnie uzupe\u0142niamy zapasy naszych najpopularniejszych akcesori\u00f3w off-road, ale dost\u0119pno\u015b\u0107 zale\u017cy od popytu i stan\u00f3w magazynowych dostawcy. Je\u015bli produkt jest oznaczony jako \u201e<strong>Brak w magazynie<\/strong>\u201d, oto co mo\u017cesz zrobi\u0107:<\/p><p data-start=\"323\" data-end=\"459\"><strong>Zapisz si\u0119 na powiadomieni<\/strong>a \u2013 Na stronie produktu mo\u017cesz znale\u017a\u0107 opcj\u0119 otrzymania alertu e-mail, gdy produkt ponownie b\u0119dzie dost\u0119pny.<\/p><p data-start=\"461\" data-end=\"652\"><strong>Skontaktuj si\u0119 z naszym zespo\u0142em wsparcia<\/strong> \u2013 Je\u015bli potrzebujesz konkretnego produktu pilnie, skontaktuj si\u0119 z nami, a my podamy przewidywan\u0105 dat\u0119 uzupe\u0142nienia zapas\u00f3w, je\u015bli b\u0119dzie dost\u0119pna.<\/p><p data-start=\"654\" data-end=\"800\"><strong>Sprawd\u017a alternatywy<\/strong> \u2013 Cz\u0119sto mamy podobne produkty, kt\u00f3re mog\u0105 spe\u0142ni\u0107 Twoje potrzeby, wi\u0119c przegl\u0105daj nasz\u0105 kolekcj\u0119 lub popro\u015b o rekomendacje.<\/p><p data-start=\"802\" data-end=\"938\">Nasz zesp\u00f3\u0142 nieustannie pracuje nad tym, aby Twoje ulubione akcesoria off-road by\u0142y dost\u0119pne, wi\u0119c \u015bled\u017a uzupe\u0142nienia i nowe produkty!<\/p>\n\t\t\t\t\t\t\t\t\t\t\t\t\t\t\t\t\t\t<\/div>\n\t\t\t\t<\/div>\n\t\t\t\t\t<\/div>\n\t\t\t\t\t\t<\/div>\n\t\t\t\t<\/div>\n\t\t\t\t<\/div>\n\t\t<div class=\"elementor-element elementor-element-789122a e-con-full e-flex e-con e-child\" data-id=\"789122a\" data-element_type=\"container\" data-e-type=\"container\">\n\t\t\t\t<div class=\"elementor-element elementor-element-775ddc4 wd-width-100 elementor-widget elementor-widget-wd_title\" data-id=\"775ddc4\" data-element_type=\"widget\" data-e-type=\"widget\" data-widget_type=\"wd_title.default\">\n\t\t\t\t<div class=\"elementor-widget-container\">\n\t\t\t\t\t\t\t<div class=\"title-wrapper wd-set-mb reset-last-child wd-title-color-default wd-title-style-default wd-title-size-default text-left\">\n\n\t\t\t\t\t\t\t\t\t\t\t<div class=\"title-subtitle subtitle-color-default subtitle-style-default wd-fontsize-xs\">\n\t\t\t\t\tINFORMACJE O NAS\t\t\t\t<\/div>\n\t\t\t\n\t\t\t<div class=\"liner-continer\">\n\t\t\t\t<h4 class=\"woodmart-title-container title wd-fontsize-l\">SKONTAKTUJ SI\u0118 Z NAMI W PRZYPADKU PYTA\u0143<\/h4> \n\t\t\t\t\t\t\t<\/div>\n\n\t\t\t\t\t<\/div>\n\t\t\t\t\t\t<\/div>\n\t\t\t\t<\/div>\n\t\t\t\t<div class=\"elementor-element elementor-element-3c67846 wd-cf7 elementor-widget elementor-widget-wd_contact_form_7\" data-id=\"3c67846\" data-element_type=\"widget\" data-e-type=\"widget\" data-widget_type=\"wd_contact_form_7.default\">\n\t\t\t\t<div class=\"elementor-widget-container\">\n\t\t\t\t\t\n<div class=\"wpcf7 no-js\" id=\"wpcf7-f37615-o1\" lang=\"\" dir=\"ltr\" data-wpcf7-id=\"37615\">\n<div class=\"screen-reader-response\"><p role=\"status\" aria-live=\"polite\" aria-atomic=\"true\"><\/p> <ul><\/ul><\/div>\n<form action=\"\/pl\/wp-json\/wp\/v2\/pages\/37576#wpcf7-f37615-o1\" method=\"post\" class=\"wpcf7-form init\" aria-label=\"Formularz kontaktowy\" novalidate=\"novalidate\" data-status=\"init\">\n<fieldset class=\"hidden-fields-container\"><input type=\"hidden\" name=\"_wpcf7\" value=\"37615\" \/><input type=\"hidden\" name=\"_wpcf7_version\" value=\"6.1.5\" \/><input type=\"hidden\" name=\"_wpcf7_locale\" value=\"\" \/><input type=\"hidden\" name=\"_wpcf7_unit_tag\" value=\"wpcf7-f37615-o1\" \/><input type=\"hidden\" name=\"_wpcf7_container_post\" value=\"0\" \/><input type=\"hidden\" name=\"_wpcf7_posted_data_hash\" value=\"\" \/>\n<\/fieldset>\n<p><label> Twoje imi\u0119<br \/>\n<span class=\"wpcf7-form-control-wrap\" data-name=\"your-name\"><input size=\"40\" maxlength=\"400\" class=\"wpcf7-form-control wpcf7-text wpcf7-validates-as-required\" autocomplete=\"name\" aria-required=\"true\" aria-invalid=\"false\" value=\"\" type=\"text\" name=\"your-name\" \/><\/span> <\/label>\n<\/p>\n<p><label> Tw\u00f3j e-mail<br \/>\n<span class=\"wpcf7-form-control-wrap\" data-name=\"your-email\"><input size=\"40\" maxlength=\"400\" class=\"wpcf7-form-control wpcf7-email wpcf7-validates-as-required wpcf7-text wpcf7-validates-as-email\" autocomplete=\"email\" aria-required=\"true\" aria-invalid=\"false\" value=\"\" type=\"email\" name=\"your-email\" \/><\/span> <\/label>\n<\/p>\n<p><label> Temat<br \/>\n<span class=\"wpcf7-form-control-wrap\" data-name=\"your-subject\"><input size=\"40\" maxlength=\"400\" class=\"wpcf7-form-control wpcf7-text wpcf7-validates-as-required\" aria-required=\"true\" aria-invalid=\"false\" value=\"\" type=\"text\" name=\"your-subject\" \/><\/span> <\/label>\n<\/p>\n<p><label> Twoja wiadomo\u015b\u0107 (opcjonalnie)<br \/>\n<span class=\"wpcf7-form-control-wrap\" data-name=\"your-message\"><textarea cols=\"40\" rows=\"10\" maxlength=\"2000\" class=\"wpcf7-form-control wpcf7-textarea\" aria-invalid=\"false\" name=\"your-message\"><\/textarea><\/span> <\/label>\n<\/p>\n<p><input class=\"wpcf7-form-control wpcf7-submit has-spinner\" type=\"submit\" value=\"Wy\u015blij\" \/>\n<\/p><div class=\"wpcf7-response-output\" aria-hidden=\"true\"><\/div>\n<\/form>\n<\/div>\n\t\t\t\t<\/div>\n\t\t\t\t<\/div>\n\t\t\t\t<\/div>\n\t\t\t\t\t<\/div>\n\t\t\t\t<\/div>\n\t\t\t\t<\/div>\n\t\t","protected":false},"excerpt":{"rendered":"<p>PYTANIA INFORMACYJNE NAJCZ\u0118\u015aCIEJ ZADAWANE PYTANIA Czy otrzymam ten sam produkt, kt\u00f3ry widz\u0119 na zdj\u0119ciu? Dok\u0142adamy stara\u0144, aby produkt, kt\u00f3ry otrzymasz,<\/p>\n","protected":false},"author":2,"featured_media":0,"parent":0,"menu_order":0,"comment_status":"closed","ping_status":"closed","template":"","meta":{"footnotes":""},"class_list":["post-37576","page","type-page","status-publish","hentry"],"_links":{"self":[{"href":"https:\/\/ofm4x4.com\/pl\/wp-json\/wp\/v2\/pages\/37576","targetHints":{"allow":["GET"]}}],"collection":[{"href":"https:\/\/ofm4x4.com\/pl\/wp-json\/wp\/v2\/pages"}],"about":[{"href":"https:\/\/ofm4x4.com\/pl\/wp-json\/wp\/v2\/types\/page"}],"author":[{"embeddable":true,"href":"https:\/\/ofm4x4.com\/pl\/wp-json\/wp\/v2\/users\/2"}],"replies":[{"embeddable":true,"href":"https:\/\/ofm4x4.com\/pl\/wp-json\/wp\/v2\/comments?post=37576"}],"version-history":[{"count":5,"href":"https:\/\/ofm4x4.com\/pl\/wp-json\/wp\/v2\/pages\/37576\/revisions"}],"predecessor-version":[{"id":37618,"href":"https:\/\/ofm4x4.com\/pl\/wp-json\/wp\/v2\/pages\/37576\/revisions\/37618"}],"wp:attachment":[{"href":"https:\/\/ofm4x4.com\/pl\/wp-json\/wp\/v2\/media?parent=37576"}],"curies":[{"name":"wp","href":"https:\/\/api.w.org\/{rel}","templated":true}]}}