{"id":37585,"date":"2025-09-15T09:52:11","date_gmt":"2025-09-15T09:52:11","guid":{"rendered":"https:\/\/ofm4x4.com\/privacy-policy\/"},"modified":"2025-09-24T09:31:29","modified_gmt":"2025-09-24T09:31:29","slug":"polityka-prywatnosci","status":"publish","type":"page","link":"https:\/\/ofm4x4.com\/pl\/polityka-prywatnosci\/","title":{"rendered":"Polityka prywatno\u015bci"},"content":{"rendered":"\t\t<div data-elementor-type=\"wp-page\" data-elementor-id=\"37585\" class=\"elementor elementor-37585 elementor-3\">\n\t\t\t\t<div class=\"wd-negative-gap elementor-element elementor-element-f53d4cf e-flex e-con-boxed e-con e-parent\" data-id=\"f53d4cf\" data-element_type=\"container\" data-e-type=\"container\">\n\t\t\t\t\t<div class=\"e-con-inner\">\n\t\t\t\t<div class=\"elementor-element elementor-element-25f45501 color-scheme-inherit text-left elementor-widget elementor-widget-text-editor\" data-id=\"25f45501\" data-element_type=\"widget\" data-e-type=\"widget\" data-widget_type=\"text-editor.default\">\n\t\t\t\t<div class=\"elementor-widget-container\">\n\t\t\t\t\t\t\t\t\t<h1 data-start=\"240\" data-end=\"258\">Polityka prywatno\u015bci<\/h1><p data-start=\"260\" data-end=\"292\"><strong data-start=\"260\" data-end=\"279\">Data wej\u015bcia w \u017cycie:<\/strong> 01.01.2025 r.<\/p><h3 data-start=\"294\" data-end=\"315\">1. Wprowadzenie<\/h3><p data-start=\"316\" data-end=\"616\">Witamy na stronie <strong data-start=\"327\" data-end=\"341\">ofm4x4.com<\/strong> (&#8222;Witryna&#8221;), obs\u0142ugiwanej przez <strong data-start=\"371\" data-end=\"391\">WTD Logistic SRL<\/strong> (&#8222;Firma&#8221;, &#8222;my&#8221;, &#8222;nas&#8221; lub &#8222;nasz&#8221;). Prywatno\u015b\u0107 u\u017cytkownik\u00f3w jest dla nas wa\u017cna. Niniejsza Polityka prywatno\u015bci wyja\u015bnia, w jaki spos\u00f3b gromadzimy, wykorzystujemy, ujawniamy i chronimy informacje u\u017cytkownika podczas odwiedzania naszej Witryny i zakupu naszych akcesori\u00f3w off-road.  <\/p><h3 data-start=\"618\" data-end=\"649\">2. Informacje, kt\u00f3re zbieramy<\/h3><p data-start=\"650\" data-end=\"698\">Gromadzimy nast\u0119puj\u0105ce rodzaje informacji:<\/p><ul data-start=\"700\" data-end=\"957\"><li data-start=\"700\" data-end=\"815\"><p data-start=\"702\" data-end=\"815\"><strong data-start=\"702\" data-end=\"727\">Dane osobowe:<\/strong> Imi\u0119 i nazwisko, adres e-mail, numer telefonu, adres rozliczeniowy i adres wysy\u0142ki oraz szczeg\u00f3\u0142y p\u0142atno\u015bci.<\/p><\/li><li data-start=\"816\" data-end=\"957\"><p data-start=\"818\" data-end=\"957\"><strong data-start=\"818\" data-end=\"847\">Informacje nieosobowe:<\/strong> Typ przegl\u0105darki, informacje o urz\u0105dzeniu, adres IP i dane dotycz\u0105ce u\u017cytkowania gromadzone za po\u015brednictwem plik\u00f3w cookie i narz\u0119dzi analitycznych.<\/p><\/li><\/ul><h3 data-start=\"959\" data-end=\"995\">3. Jak wykorzystujemy informacje o u\u017cytkowniku<\/h3><p data-start=\"996\" data-end=\"1034\">Wykorzystujemy zebrane informacje do:<\/p><ul data-start=\"1036\" data-end=\"1256\"><li data-start=\"1036\" data-end=\"1072\"><p data-start=\"1038\" data-end=\"1072\">Przetwarzanie i realizacja zam\u00f3wie\u0144.<\/p><\/li><li data-start=\"1073\" data-end=\"1127\"><p data-start=\"1075\" data-end=\"1127\">Zapewnianie obs\u0142ugi klienta i odpowiadanie na zapytania.<\/p><\/li><li data-start=\"1128\" data-end=\"1172\"><p data-start=\"1130\" data-end=\"1172\">Ulepszanie naszej strony internetowej i do\u015bwiadczenia u\u017cytkownika.<\/p><\/li><li data-start=\"1173\" data-end=\"1221\"><p data-start=\"1175\" data-end=\"1221\">Wysy\u0142anie promocyjnych wiadomo\u015bci e-mail (za zgod\u0105 u\u017cytkownika).<\/p><\/li><li data-start=\"1222\" data-end=\"1256\"><p data-start=\"1224\" data-end=\"1256\">Przestrzeganie zobowi\u0105za\u0144 prawnych.<\/p><\/li><\/ul><h3 data-start=\"1258\" data-end=\"1291\">4. Udost\u0119pnianie informacji<\/h3><p data-start=\"1292\" data-end=\"1373\">Nie sprzedajemy danych osobowych u\u017cytkownik\u00f3w. Mo\u017cemy jednak udost\u0119pnia\u0107 informacje o u\u017cytkowniku <\/p><ul data-start=\"1375\" data-end=\"1585\"><li data-start=\"1375\" data-end=\"1425\"><p data-start=\"1377\" data-end=\"1425\">Procesory p\u0142atno\u015bci u\u0142atwiaj\u0105ce transakcje.<\/p><\/li><li data-start=\"1426\" data-end=\"1472\"><p data-start=\"1428\" data-end=\"1472\">Dostawcy us\u0142ug wysy\u0142kowych w celu dostarczenia zam\u00f3wie\u0144.<\/p><\/li><li data-start=\"1473\" data-end=\"1514\"><p data-start=\"1475\" data-end=\"1514\">Organy prawne, je\u015bli jest to wymagane przez prawo.<\/p><\/li><li data-start=\"1515\" data-end=\"1585\"><p data-start=\"1517\" data-end=\"1585\">Zewn\u0119trzni dostawcy us\u0142ug w zakresie analizy witryn internetowych i marketingu.<\/p><\/li><\/ul><h3 data-start=\"1587\" data-end=\"1629\">5. Pliki cookie i technologie \u015bledzenia<\/h3><p data-start=\"1630\" data-end=\"1810\">U\u017cywamy plik\u00f3w cookie i podobnych technologii \u015bledzenia, aby poprawi\u0107 komfort przegl\u0105dania i analizowa\u0107 ruch w witrynie. Preferencjami dotycz\u0105cymi plik\u00f3w cookie mo\u017cna zarz\u0105dza\u0107 w ustawieniach przegl\u0105darki. <\/p><h3 data-start=\"1812\" data-end=\"1834\">6. Bezpiecze\u0144stwo danych<\/h3><p data-start=\"1835\" data-end=\"1979\">Wdra\u017camy standardowe w bran\u017cy \u015brodki bezpiecze\u0144stwa w celu ochrony informacji u\u017cytkownika przed nieautoryzowanym dost\u0119pem, zmian\u0105, ujawnieniem lub zniszczeniem.<\/p><h3 data-start=\"1981\" data-end=\"2001\">7. Prawa u\u017cytkownika<\/h3><p data-start=\"2002\" data-end=\"2026\">Masz prawo do:<\/p><ul data-start=\"2028\" data-end=\"2207\"><li data-start=\"2028\" data-end=\"2077\"><p data-start=\"2030\" data-end=\"2077\">Uzyskiwa\u0107 dost\u0119p do swoich danych osobowych, aktualizowa\u0107 je lub usuwa\u0107.<\/p><\/li><li data-start=\"2078\" data-end=\"2118\"><p data-start=\"2080\" data-end=\"2118\">Rezygnacja z komunikacji marketingowej.<\/p><\/li><li data-start=\"2119\" data-end=\"2168\"><p data-start=\"2121\" data-end=\"2168\">Za\u017c\u0105da\u0107 kopii przechowywanych przez nas danych dotycz\u0105cych u\u017cytkownika.<\/p><\/li><li data-start=\"2169\" data-end=\"2207\"><p data-start=\"2171\" data-end=\"2207\">Wycofanie zgody w stosownych przypadkach.<\/p><\/li><\/ul><p data-start=\"2209\" data-end=\"2274\">Aby skorzysta\u0107 z tych praw, nale\u017cy skontaktowa\u0107 si\u0119 z nami pod adresem <strong data-start=\"2249\" data-end=\"2271\"><a class=\"decorated-link cursor-pointer\" rel=\"noopener\" data-start=\"2251\" data-end=\"2269\">contact@ofm4x4.com<\/a><\/strong>.<\/p><h3 data-start=\"2276\" data-end=\"2302\">8. Linki stron trzecich<\/h3><p data-start=\"2303\" data-end=\"2440\">Nasza Witryna mo\u017ce zawiera\u0107 \u0142\u0105cza do witryn os\u00f3b trzecich. Nie ponosimy odpowiedzialno\u015bci za ich polityk\u0119 prywatno\u015bci i zach\u0119camy do zapoznania si\u0119 z ni\u0105. <\/p><h3 data-start=\"2442\" data-end=\"2481\">9. Zmiany niniejszej Polityki prywatno\u015bci<\/h3><p data-start=\"2482\" data-end=\"2610\">Od czasu do czasu mo\u017cemy aktualizowa\u0107 niniejsz\u0105 Polityk\u0119 prywatno\u015bci. Wszelkie zmiany b\u0119d\u0105 publikowane na tej stronie wraz ze zaktualizowan\u0105 &#8222;Dat\u0105 wej\u015bcia w \u017cycie&#8221;. <\/p><h3 data-start=\"2612\" data-end=\"2632\">10. Kontakt<\/h3><p data-start=\"2633\" data-end=\"2705\">W przypadku jakichkolwiek pyta\u0144 dotycz\u0105cych niniejszej Polityki prywatno\u015bci prosimy o kontakt pod adresem:<\/p><p data-start=\"2707\" data-end=\"2878\"><strong data-start=\"2707\" data-end=\"2727\">WTD Logistic SRL<\/strong><br data-start=\"2727\" data-end=\"2730\">Email: <strong data-start=\"2737\" data-end=\"2759\"><a class=\"decorated-link cursor-pointer\" rel=\"noopener\" data-start=\"2739\" data-end=\"2757\">contact@ofm4x4.com<\/a><\/strong><br data-start=\"2759\" data-end=\"2762\">Telefon: <strong data-start=\"2769\" data-end=\"2788\">+40 730 333 666<\/strong><br data-start=\"2788\" data-end=\"2791\">Adres: <strong data-start=\"2800\" data-end=\"2876\">ul: H\u0103r\u0103ului, Nr.40, Miasto: Deva, Hrabstwo: Hunedoara, Kraj: Rumunia<\/strong><\/p>\t\t\t\t\t\t\t\t<\/div>\n\t\t\t\t<\/div>\n\t\t\t\t\t<\/div>\n\t\t\t\t<\/div>\n\t\t\t\t<\/div>\n\t\t","protected":false},"excerpt":{"rendered":"<p>Polityka prywatno\u015bci Data wej\u015bcia w \u017cycie: 01.01.2025 r. 1. Wprowadzenie Witamy na stronie ofm4x4.com (&#8222;Witryna&#8221;), obs\u0142ugiwanej przez WTD Logistic SRL<\/p>\n","protected":false},"author":1,"featured_media":0,"parent":0,"menu_order":0,"comment_status":"closed","ping_status":"open","template":"","meta":{"footnotes":""},"class_list":["post-37585","page","type-page","status-publish","hentry"],"_links":{"self":[{"href":"https:\/\/ofm4x4.com\/pl\/wp-json\/wp\/v2\/pages\/37585","targetHints":{"allow":["GET"]}}],"collection":[{"href":"https:\/\/ofm4x4.com\/pl\/wp-json\/wp\/v2\/pages"}],"about":[{"href":"https:\/\/ofm4x4.com\/pl\/wp-json\/wp\/v2\/types\/page"}],"author":[{"embeddable":true,"href":"https:\/\/ofm4x4.com\/pl\/wp-json\/wp\/v2\/users\/1"}],"replies":[{"embeddable":true,"href":"https:\/\/ofm4x4.com\/pl\/wp-json\/wp\/v2\/comments?post=37585"}],"version-history":[{"count":2,"href":"https:\/\/ofm4x4.com\/pl\/wp-json\/wp\/v2\/pages\/37585\/revisions"}],"predecessor-version":[{"id":40844,"href":"https:\/\/ofm4x4.com\/pl\/wp-json\/wp\/v2\/pages\/37585\/revisions\/40844"}],"wp:attachment":[{"href":"https:\/\/ofm4x4.com\/pl\/wp-json\/wp\/v2\/media?parent=37585"}],"curies":[{"name":"wp","href":"https:\/\/api.w.org\/{rel}","templated":true}]}}