{"id":40881,"date":"2020-04-22T05:42:01","date_gmt":"2020-04-22T05:42:01","guid":{"rendered":"https:\/\/ofm4x4.com\/shop\/bez-kategorii\/ofm4x4-niebieska-syntetyczna-lina-wyciagarki-plazmowej-z-hakiem-10-mm-x-28-m\/"},"modified":"2025-09-24T09:32:12","modified_gmt":"2025-09-24T09:32:12","slug":"ofm4x4-niebieska-syntetyczna-lina-wyciagarki-plazmowej-z-hakiem-10-mm-x-28-m","status":"publish","type":"product","link":"https:\/\/ofm4x4.com\/pl\/shop\/odzyskiwanie\/ofm4x4-niebieska-syntetyczna-lina-wyciagarki-plazmowej-z-hakiem-10-mm-x-28-m\/","title":{"rendered":"OFM4X4 Niebieska syntetyczna lina wyci\u0105garki plazmowej z hakiem 10 mm x 28 m"},"content":{"rendered":"<p data-start=\"43\" data-end=\"56\"><strong>OFM4X4 Niebieska syntetyczna lina wyci\u0105garki plazmowej z hakiem 10 mm x 28 m  <\/strong><\/p>\n<p data-start=\"43\" data-end=\"56\"><strong data-start=\"43\" data-end=\"56\">Cechy:<\/strong><\/p>\n<ul data-start=\"58\" data-end=\"296\">\n<li data-start=\"58\" data-end=\"144\"><strong data-start=\"60\" data-end=\"80\">Zalecane zastosowanie:<\/strong> Do wyci\u0105garek Auto Off-Road o ud\u017awigu 9 500-13 000 funt\u00f3w<\/li>\n<li data-start=\"145\" data-end=\"164\"><strong data-start=\"147\" data-end=\"157\">Kolor:<\/strong> niebieski<\/li>\n<li data-start=\"165\" data-end=\"232\"><strong data-start=\"167\" data-end=\"180\">Materia\u0142:<\/strong> UHMWPE (polietylen o ultrawysokiej masie cz\u0105steczkowej)<\/li>\n<li data-start=\"233\" data-end=\"259\"><strong data-start=\"235\" data-end=\"253\">Hak w zestawie:<\/strong> Tak<\/li>\n<li data-start=\"260\" data-end=\"296\"><strong data-start=\"262\" data-end=\"284\">Wytrzyma\u0142o\u015b\u0107 na zerwanie:<\/strong> 10 500 kg<\/li>\n<\/ul>\n<h3 data-start=\"298\" data-end=\"323\"><strong data-start=\"302\" data-end=\"321\">G\u0142\u00f3wne zalety:<\/strong><\/h3>\n<ul data-start=\"324\" data-end=\"686\" data-is-last-node=\"\">\n<li data-start=\"324\" data-end=\"379\"><strong data-start=\"326\" data-end=\"342\">Lekko\u015b\u0107:<\/strong> 6 razy l\u017cejszy ni\u017c kabel stalowy<\/li>\n<li data-start=\"380\" data-end=\"436\"><strong data-start=\"382\" data-end=\"404\">Najwy\u017csza wytrzyma\u0142o\u015b\u0107:<\/strong> 70% mocniejsza ni\u017c linka stalowa<\/li>\n<li data-start=\"437\" data-end=\"505\"><strong data-start=\"439\" data-end=\"470\">Odporno\u015b\u0107 na olej i wod\u0119:<\/strong> Brak utraty wydajno\u015bci po wystawieniu na dzia\u0142anie<\/li>\n<li data-start=\"506\" data-end=\"592\"><strong data-start=\"508\" data-end=\"538\">Trwa\u0142o\u015b\u0107 w ka\u017cdych warunkach:<\/strong> Dzia\u0142a niezawodnie w suchym, mokrym lub zimnym \u015brodowisku.<\/li>\n<li data-start=\"593\" data-end=\"686\" data-is-last-node=\"\"><strong data-start=\"595\" data-end=\"615\">Minimalne rozci\u0105ganie:<\/strong> Rozci\u0105ga si\u0119 w bardzo niewielkim stopniu pod obci\u0105\u017ceniem, zwi\u0119kszaj\u0105c bezpiecze\u0144stwo i wydajno\u015b\u0107.<\/li>\n<\/ul>\n","protected":false},"excerpt":{"rendered":"<p><strong>OFM4X4<\/strong> Niebieska syntetyczna lina wyci\u0105garki plazmowej z hakiem 10 mm x 28 m<\/p>\n","protected":false},"featured_media":34004,"comment_status":"open","ping_status":"closed","template":"","meta":[],"product_brand":[1279],"product_cat":[4674],"product_tag":[4678,4676,4677,4675],"class_list":{"0":"post-40881","1":"product","2":"type-product","3":"status-publish","4":"has-post-thumbnail","6":"product_brand-ofm4x4","7":"product_cat-odzyskiwanie","8":"product_tag-10-mm-x-28-m","9":"product_tag-lina-wyciagarki-z-hakiem","10":"product_tag-niebieska-plazma-syntetyczna","11":"product_tag-ofm4x4","12":"product_shipping_class-alte-produse","14":"first","15":"instock","16":"taxable","17":"shipping-taxable","18":"purchasable","19":"product-type-simple"},"_links":{"self":[{"href":"https:\/\/ofm4x4.com\/pl\/wp-json\/wp\/v2\/product\/40881","targetHints":{"allow":["GET"]}}],"collection":[{"href":"https:\/\/ofm4x4.com\/pl\/wp-json\/wp\/v2\/product"}],"about":[{"href":"https:\/\/ofm4x4.com\/pl\/wp-json\/wp\/v2\/types\/product"}],"replies":[{"embeddable":true,"href":"https:\/\/ofm4x4.com\/pl\/wp-json\/wp\/v2\/comments?post=40881"}],"version-history":[{"count":1,"href":"https:\/\/ofm4x4.com\/pl\/wp-json\/wp\/v2\/product\/40881\/revisions"}],"predecessor-version":[{"id":40889,"href":"https:\/\/ofm4x4.com\/pl\/wp-json\/wp\/v2\/product\/40881\/revisions\/40889"}],"wp:featuredmedia":[{"embeddable":true,"href":"https:\/\/ofm4x4.com\/pl\/wp-json\/wp\/v2\/media\/34004"}],"wp:attachment":[{"href":"https:\/\/ofm4x4.com\/pl\/wp-json\/wp\/v2\/media?parent=40881"}],"wp:term":[{"taxonomy":"product_brand","embeddable":true,"href":"https:\/\/ofm4x4.com\/pl\/wp-json\/wp\/v2\/product_brand?post=40881"},{"taxonomy":"product_cat","embeddable":true,"href":"https:\/\/ofm4x4.com\/pl\/wp-json\/wp\/v2\/product_cat?post=40881"},{"taxonomy":"product_tag","embeddable":true,"href":"https:\/\/ofm4x4.com\/pl\/wp-json\/wp\/v2\/product_tag?post=40881"}],"curies":[{"name":"wp","href":"https:\/\/api.w.org\/{rel}","templated":true}]}}