{"id":40892,"date":"2020-04-22T06:56:25","date_gmt":"2020-04-22T06:56:25","guid":{"rendered":"https:\/\/ofm4x4.com\/shop\/bez-kategorii\/felga-stalowa-15x8j-6x139-7-et-35-off-road-do-nissan-mitsubishi-toyota-opel-ford\/"},"modified":"2025-09-24T09:32:17","modified_gmt":"2025-09-24T09:32:17","slug":"felga-stalowa-15x8j-6x139-7-et-35-off-road-do-nissan-mitsubishi-toyota-opel-ford","status":"publish","type":"product","link":"https:\/\/ofm4x4.com\/pl\/shop\/stalowe-felgi\/felga-stalowa-15x8j-6x139-7-et-35-off-road-do-nissan-mitsubishi-toyota-opel-ford\/","title":{"rendered":"Felga stalowa 15x8J 6&#215;139.7 ET -35 Off-road do Nissan, Mitsubishi, Toyota, Opel, Ford"},"content":{"rendered":"<div id=\"\\\" ali-anchor-alimagic-6rxnu8=\"\" class=\"\\\" magic-0=\"\" data-section=\"\\\"AliMagic-6rxnu8\\\"\" data-section-title=\"\\\"Product\" data-spm-anchor-id=\"\\\"a2700.details.pronpeci14.i0.7ae070497Niwca\\\"\">\n<p data-start=\"0\" data-end=\"21\"><strong data-start=\"0\" data-end=\"19\">Specyfikacje:<\/strong><\/p>\n<ul data-start=\"23\" data-end=\"198\">\n<li data-start=\"23\" data-end=\"44\"><strong data-start=\"25\" data-end=\"38\">\u015arednica:<\/strong> R15<\/li>\n<li data-start=\"45\" data-end=\"62\"><strong data-start=\"47\" data-end=\"57\">Szeroko\u015b\u0107:<\/strong> 8J<\/li>\n<li data-start=\"63\" data-end=\"87\"><strong data-start=\"65\" data-end=\"81\">ET (Offset):<\/strong> -35<\/li>\n<li data-start=\"88\" data-end=\"125\"><strong data-start=\"90\" data-end=\"113\">PCD (Bolt Pattern):<\/strong> 6 x 139.7<\/li>\n<li data-start=\"126\" data-end=\"146\" data-is-only-node=\"\"><strong data-start=\"128\" data-end=\"138\">Kolor:<\/strong> czarny<\/li>\n<li data-start=\"147\" data-end=\"176\"><strong data-start=\"149\" data-end=\"170\">CB (Center Bore):<\/strong> 110<\/li>\n<li data-start=\"177\" data-end=\"198\"><strong data-start=\"179\" data-end=\"189\">Model:<\/strong> OFM003<\/li>\n<\/ul>\n<p data-start=\"200\" data-end=\"297\">\u26a0\ufe0f <strong data-start=\"203\" data-end=\"295\">Ko\u0142a te nie s\u0105 zatwierdzone do u\u017cytku na drogach publicznych i nie posiadaj\u0105 certyfikatu RAR.<\/strong><\/p>\n<p data-start=\"299\" data-end=\"352\">S\u0105 one przeznaczone wy\u0142\u0105cznie do <strong data-start=\"333\" data-end=\"349\">u\u017cytku w terenie<\/strong>.<\/p>\n<ul data-start=\"354\" data-end=\"780\" data-is-last-node=\"\" data-is-only-node=\"\">\n<li data-start=\"354\" data-end=\"486\"><strong data-start=\"356\" data-end=\"396\">Felgi stalowe z p\u00f3\u0142okr\u0105g\u0142ymi wyci\u0119ciami<\/strong>, o <strong data-start=\"410\" data-end=\"430\">\u015brednicy 15 cali<\/strong> i <strong data-start=\"435\" data-end=\"451\" data-is-only-node=\"\">szeroko\u015bci 8 cali<\/strong>, przeznaczone do pojazd\u00f3w terenowych.<\/li>\n<li data-start=\"487\" data-end=\"578\">Produkt jest <strong data-start=\"504\" data-end=\"530\">malowany proszkowo na kolor czarny<\/strong>, co zwi\u0119ksza jego odporno\u015b\u0107 na zarysowania.<\/li>\n<li data-start=\"579\" data-end=\"780\" data-is-last-node=\"\">Obr\u0119cz ma <strong data-start=\"600\" data-end=\"621\">ujemny rant<\/strong>, kt\u00f3ry ustawia ko\u0142o bardziej na zewn\u0105trz w stosunku do piasty, zwi\u0119kszaj\u0105c <strong data-start=\"704\" data-end=\"717\">stabilno\u015b\u0107<\/strong> pojazdu i zapewniaj\u0105c <strong data-start=\"732\" data-end=\"779\">wi\u0119kszy prze\u015bwit dla ponadwymiarowych opon terenowych<\/strong>.<\/li>\n<\/ul>\n<\/div>\n","protected":false},"excerpt":{"rendered":"<p data-start=\"0\" data-end=\"89\"><strong data-start=\"0\" data-end=\"87\">Felga stalowa 15X8J 6&#215;139.7 ET -35 OFFROAD do Nissan, Mitsubishi, Toyota, Opel, Ford<\/strong><\/p>\n<p data-start=\"91\" data-end=\"188\">\u26a0\ufe0f <strong data-start=\"94\" data-end=\"186\">Ko\u0142a te nie s\u0105 zatwierdzone do u\u017cytku na drogach publicznych i nie posiadaj\u0105 certyfikatu RAR.<\/strong><\/p>\n<p data-start=\"190\" data-end=\"241\" data-is-last-node=\"\" data-is-only-node=\"\">S\u0105 one przeznaczone wy\u0142\u0105cznie do <strong data-start=\"224\" data-end=\"240\">u\u017cytku w terenie<\/strong>.<\/p>\n","protected":false},"featured_media":40912,"comment_status":"open","ping_status":"closed","template":"","meta":[],"product_brand":[1279],"product_cat":[4627],"product_tag":[],"class_list":{"0":"post-40892","1":"product","2":"type-product","3":"status-publish","4":"has-post-thumbnail","6":"product_brand-ofm4x4","7":"product_cat-stalowe-felgi","8":"product_shipping_class-alte-produse","10":"first","11":"instock","12":"taxable","13":"shipping-taxable","14":"purchasable","15":"product-type-simple"},"_links":{"self":[{"href":"https:\/\/ofm4x4.com\/pl\/wp-json\/wp\/v2\/product\/40892","targetHints":{"allow":["GET"]}}],"collection":[{"href":"https:\/\/ofm4x4.com\/pl\/wp-json\/wp\/v2\/product"}],"about":[{"href":"https:\/\/ofm4x4.com\/pl\/wp-json\/wp\/v2\/types\/product"}],"replies":[{"embeddable":true,"href":"https:\/\/ofm4x4.com\/pl\/wp-json\/wp\/v2\/comments?post=40892"}],"version-history":[{"count":1,"href":"https:\/\/ofm4x4.com\/pl\/wp-json\/wp\/v2\/product\/40892\/revisions"}],"predecessor-version":[{"id":40913,"href":"https:\/\/ofm4x4.com\/pl\/wp-json\/wp\/v2\/product\/40892\/revisions\/40913"}],"wp:featuredmedia":[{"embeddable":true,"href":"https:\/\/ofm4x4.com\/pl\/wp-json\/wp\/v2\/media\/40912"}],"wp:attachment":[{"href":"https:\/\/ofm4x4.com\/pl\/wp-json\/wp\/v2\/media?parent=40892"}],"wp:term":[{"taxonomy":"product_brand","embeddable":true,"href":"https:\/\/ofm4x4.com\/pl\/wp-json\/wp\/v2\/product_brand?post=40892"},{"taxonomy":"product_cat","embeddable":true,"href":"https:\/\/ofm4x4.com\/pl\/wp-json\/wp\/v2\/product_cat?post=40892"},{"taxonomy":"product_tag","embeddable":true,"href":"https:\/\/ofm4x4.com\/pl\/wp-json\/wp\/v2\/product_tag?post=40892"}],"curies":[{"name":"wp","href":"https:\/\/api.w.org\/{rel}","templated":true}]}}