{"id":40914,"date":"2020-04-23T05:41:59","date_gmt":"2020-04-23T05:41:59","guid":{"rendered":"https:\/\/ofm4x4.com\/shop\/bez-kategorii\/podnosnik-wysokiego-podnoszenia-48%e2%80%b2%e2%80%b2-120-cm\/"},"modified":"2025-09-24T09:32:20","modified_gmt":"2025-09-24T09:32:20","slug":"podnosnik-wysokiego-podnoszenia-48%e2%80%b2%e2%80%b2-120-cm","status":"publish","type":"product","link":"https:\/\/ofm4x4.com\/pl\/shop\/odzyskiwanie\/podnosnik-wysokiego-podnoszenia-48%e2%80%b2%e2%80%b2-120-cm\/","title":{"rendered":"Podno\u015bnik wysokiego podnoszenia 48\u2032\u2032 (120 cm)"},"content":{"rendered":"<p><strong>Podno\u015bnik koszowy 48\u2032\u2032 (120 cm)<\/strong><\/p>\n<p><strong>Rozmiar:<\/strong> 48&#8243; (120 cm) &#8211; Idealny do wszechstronnego podnoszenia<br \/>\n<strong>Kolor:<\/strong> jaskrawoczerwony &#8211; Stylowy i \u0142atwy do zauwa\u017cenia<br \/>\n<strong>Maksymalny ud\u017awig:<\/strong> 3T &#8211; Mocny i niezawodny do ci\u0119\u017ckich zada\u0144<br \/>\n<strong>Waga:<\/strong> 10 kg &#8211; Wytrzyma\u0142y, ale \u0142atwy w obs\u0142udze<\/p>\n<h4><\/h4>\n","protected":false},"excerpt":{"rendered":"<p><strong>Podno\u015bnik wysokiego podnoszenia 48\u2032\u2032 (120 cm)<\/strong><\/p>\n","protected":false},"featured_media":33990,"comment_status":"open","ping_status":"closed","template":"","meta":[],"product_brand":[1279],"product_cat":[4674],"product_tag":[4690],"class_list":{"0":"post-40914","1":"product","2":"type-product","3":"status-publish","4":"has-post-thumbnail","6":"product_brand-ofm4x4","7":"product_cat-odzyskiwanie","8":"product_tag-podnosnik-wysokiego-podnoszenia-48-120-cm","9":"product_shipping_class-alte-produse","11":"first","12":"outofstock","13":"taxable","14":"shipping-taxable","15":"purchasable","16":"product-type-simple"},"_links":{"self":[{"href":"https:\/\/ofm4x4.com\/pl\/wp-json\/wp\/v2\/product\/40914","targetHints":{"allow":["GET"]}}],"collection":[{"href":"https:\/\/ofm4x4.com\/pl\/wp-json\/wp\/v2\/product"}],"about":[{"href":"https:\/\/ofm4x4.com\/pl\/wp-json\/wp\/v2\/types\/product"}],"replies":[{"embeddable":true,"href":"https:\/\/ofm4x4.com\/pl\/wp-json\/wp\/v2\/comments?post=40914"}],"version-history":[{"count":1,"href":"https:\/\/ofm4x4.com\/pl\/wp-json\/wp\/v2\/product\/40914\/revisions"}],"predecessor-version":[{"id":40933,"href":"https:\/\/ofm4x4.com\/pl\/wp-json\/wp\/v2\/product\/40914\/revisions\/40933"}],"wp:featuredmedia":[{"embeddable":true,"href":"https:\/\/ofm4x4.com\/pl\/wp-json\/wp\/v2\/media\/33990"}],"wp:attachment":[{"href":"https:\/\/ofm4x4.com\/pl\/wp-json\/wp\/v2\/media?parent=40914"}],"wp:term":[{"taxonomy":"product_brand","embeddable":true,"href":"https:\/\/ofm4x4.com\/pl\/wp-json\/wp\/v2\/product_brand?post=40914"},{"taxonomy":"product_cat","embeddable":true,"href":"https:\/\/ofm4x4.com\/pl\/wp-json\/wp\/v2\/product_cat?post=40914"},{"taxonomy":"product_tag","embeddable":true,"href":"https:\/\/ofm4x4.com\/pl\/wp-json\/wp\/v2\/product_tag?post=40914"}],"curies":[{"name":"wp","href":"https:\/\/api.w.org\/{rel}","templated":true}]}}