{"id":41016,"date":"2020-06-12T06:59:38","date_gmt":"2020-06-12T06:59:38","guid":{"rendered":"https:\/\/ofm4x4.com\/shop\/bez-kategorii\/wyciagarka-grizzly-electric-9-500-lbs-1501-z-lina-syntetyczna\/"},"modified":"2025-09-24T09:33:05","modified_gmt":"2025-09-24T09:33:05","slug":"wyciagarka-grizzly-electric-9-500-lbs-1501-z-lina-syntetyczna","status":"publish","type":"product","link":"https:\/\/ofm4x4.com\/pl\/shop\/wciagarki-elektryczne\/wyciagarka-grizzly-electric-9-500-lbs-1501-z-lina-syntetyczna\/","title":{"rendered":"Wyci\u0105garka Grizzly Electric 9.500 lbs 150:1 z lin\u0105 syntetyczn\u0105"},"content":{"rendered":"<p><strong data-start=\"0\" data-end=\"69\">Wci\u0105garka elektryczna 9.500 lbs 150:1 Grizzly Winch z lin\u0105 syntetyczn\u0105<\/strong><\/p>\n<ul>\n<li><strong data-start=\"0\" data-end=\"20\" data-is-only-node=\"\">Zdolno\u015b\u0107 holowania:<\/strong> 9500 funt\u00f3w [4310 kg]<\/li>\n<li><strong data-start=\"42\" data-end=\"52\">Kabel:<\/strong> Syntetyczny, 25 m x \u00d8 10 mm<\/li>\n<li><strong data-start=\"81\" data-end=\"100\">Modu\u0142 steruj\u0105cy:<\/strong> Pozycja sta\u0142a [centralna]<\/li>\n<li><strong data-start=\"128\" data-end=\"138\">Silnik:<\/strong> 6,0 KM [4,5 kW]<\/li>\n<li><strong data-start=\"157\" data-end=\"169\">Napi\u0119cie:<\/strong> 12 V<\/li>\n<li><strong data-start=\"176\" data-end=\"192\">System przek\u0142adni:<\/strong> 3-stopniowa przek\u0142adnia planetarna<\/li>\n<li><strong data-start=\"213\" data-end=\"228\">Prze\u0142o\u017cenie:<\/strong> 150:1<\/li>\n<li><strong data-start=\"237\" data-end=\"248\">Sprz\u0119g\u0142o:<\/strong> R\u0119czne w\u0142\u0105czanie\/wy\u0142\u0105czanie<\/li>\n<li><strong data-start=\"275\" data-end=\"285\">Hamulec:<\/strong> Automatyczny<\/li>\n<li><strong data-start=\"298\" data-end=\"311\">P\u0119tla:<\/strong> Aluminiowy hawse<\/li>\n<li><strong data-start=\"329\" data-end=\"348\">Pilot zdalnego sterowania:<\/strong> Przewodowy i bezprzewodowy<\/li>\n<li><strong data-start=\"370\" data-end=\"391\">Wymiary wci\u0105garki:<\/strong> 546 mm x 160 mm x 218 mm<\/li>\n<li><strong data-start=\"419\" data-end=\"436\">Waga wci\u0105garki:<\/strong> 28 kg<\/li>\n<li><strong data-start=\"445\" data-end=\"471\">Rozstaw \u015brub monta\u017cowych:<\/strong> 254 mm x 114,3 mm<\/li>\n<li><strong data-start=\"492\" data-end=\"515\">Maksymalne obci\u0105\u017cenie kabla:<\/strong> 5897 kg<\/li>\n<\/ul>\n","protected":false},"excerpt":{"rendered":"<p><strong data-start=\"0\" data-end=\"69\">Wci\u0105garka elektryczna 9.500 lbs 150:1 Grizzly Winch z lin\u0105 syntetyczn\u0105<\/strong><\/p>\n","protected":false},"featured_media":34087,"comment_status":"open","ping_status":"closed","template":"","meta":[],"product_brand":[1308],"product_cat":[4710],"product_tag":[4712,4713,4599,4600,4711],"class_list":{"0":"post-41016","1":"product","2":"type-product","3":"status-publish","4":"has-post-thumbnail","6":"product_brand-grizzly-winch","7":"product_cat-wciagarki-elektryczne","8":"product_tag-4712","9":"product_tag-9-500-funtow","10":"product_tag-electric-winch","11":"product_tag-grizzly-winch","12":"product_tag-lina-syntetyczna","13":"product_shipping_class-alte-produse","15":"first","16":"instock","17":"taxable","18":"shipping-taxable","19":"purchasable","20":"product-type-simple"},"_links":{"self":[{"href":"https:\/\/ofm4x4.com\/pl\/wp-json\/wp\/v2\/product\/41016","targetHints":{"allow":["GET"]}}],"collection":[{"href":"https:\/\/ofm4x4.com\/pl\/wp-json\/wp\/v2\/product"}],"about":[{"href":"https:\/\/ofm4x4.com\/pl\/wp-json\/wp\/v2\/types\/product"}],"replies":[{"embeddable":true,"href":"https:\/\/ofm4x4.com\/pl\/wp-json\/wp\/v2\/comments?post=41016"}],"version-history":[{"count":1,"href":"https:\/\/ofm4x4.com\/pl\/wp-json\/wp\/v2\/product\/41016\/revisions"}],"predecessor-version":[{"id":41052,"href":"https:\/\/ofm4x4.com\/pl\/wp-json\/wp\/v2\/product\/41016\/revisions\/41052"}],"wp:featuredmedia":[{"embeddable":true,"href":"https:\/\/ofm4x4.com\/pl\/wp-json\/wp\/v2\/media\/34087"}],"wp:attachment":[{"href":"https:\/\/ofm4x4.com\/pl\/wp-json\/wp\/v2\/media?parent=41016"}],"wp:term":[{"taxonomy":"product_brand","embeddable":true,"href":"https:\/\/ofm4x4.com\/pl\/wp-json\/wp\/v2\/product_brand?post=41016"},{"taxonomy":"product_cat","embeddable":true,"href":"https:\/\/ofm4x4.com\/pl\/wp-json\/wp\/v2\/product_cat?post=41016"},{"taxonomy":"product_tag","embeddable":true,"href":"https:\/\/ofm4x4.com\/pl\/wp-json\/wp\/v2\/product_tag?post=41016"}],"curies":[{"name":"wp","href":"https:\/\/api.w.org\/{rel}","templated":true}]}}