{"id":41042,"date":"2020-06-11T12:03:29","date_gmt":"2020-06-11T12:03:29","guid":{"rendered":"https:\/\/ofm4x4.com\/shop\/bez-kategorii\/felga-stalowa-15x10-et-50-6x139-7-cb-110-z-blokada-do-nissan-patrol-mitsubishi-pajero-toyota-land-cruiser\/"},"modified":"2025-09-24T09:33:05","modified_gmt":"2025-09-24T09:33:05","slug":"felga-stalowa-15x10-et-50-6x139-7-cb-110-z-blokada-do-nissan-patrol-mitsubishi-pajero-toyota-land-cruiser","status":"publish","type":"product","link":"https:\/\/ofm4x4.com\/pl\/shop\/stalowe-felgi\/felga-stalowa-15x10-et-50-6x139-7-cb-110-z-blokada-do-nissan-patrol-mitsubishi-pajero-toyota-land-cruiser\/","title":{"rendered":"Felga stalowa 15&#215;10 ET -50 6&#215;139.7 CB 110 z blokad\u0105 do Nissan Patrol, Mitsubishi Pajero, Toyota Land Cruiser"},"content":{"rendered":"<div id=\"\\\" ali-anchor-alimagic-6rxnu8=\"\" class=\"\\\" magic-0=\"\" data-section=\"\\\"AliMagic-6rxnu8\\\"\" data-section-title=\"\\\"Product\" data-spm-anchor-id=\"\\\"a2700.details.pronpeci14.i0.7ae070497Niwca\\\"\">\n<p data-start=\"0\" data-end=\"21\"><strong data-start=\"0\" data-end=\"19\">Specyfikacje:<\/strong><\/p>\n<ul data-start=\"23\" data-end=\"199\">\n<li data-start=\"23\" data-end=\"44\"><strong data-start=\"25\" data-end=\"38\">\u015arednica:<\/strong> R15<\/li>\n<li data-start=\"45\" data-end=\"63\"><strong data-start=\"47\" data-end=\"57\">Szeroko\u015b\u0107:<\/strong> 10J<\/li>\n<li data-start=\"64\" data-end=\"88\"><strong data-start=\"66\" data-end=\"82\">ET (Offset):<\/strong> -50<\/li>\n<li data-start=\"89\" data-end=\"126\"><strong data-start=\"91\" data-end=\"114\">PCD (Bolt Pattern):<\/strong> 6 x 139.7<\/li>\n<li data-start=\"127\" data-end=\"147\" data-is-only-node=\"\"><strong data-start=\"129\" data-end=\"139\">Kolor:<\/strong> czarny<\/li>\n<li data-start=\"148\" data-end=\"177\"><strong data-start=\"150\" data-end=\"171\">CB (Center Bore):<\/strong> 110<\/li>\n<li data-start=\"178\" data-end=\"199\"><strong data-start=\"180\" data-end=\"190\">Model:<\/strong> OFMBD9<\/li>\n<\/ul>\n<p data-start=\"201\" data-end=\"298\">\u26a0\ufe0f <strong data-start=\"204\" data-end=\"296\">Ko\u0142a te nie s\u0105 zatwierdzone do u\u017cytku na drogach publicznych i nie posiadaj\u0105 certyfikatu RAR.<\/strong><\/p>\n<p data-start=\"300\" data-end=\"353\">S\u0105 one przeznaczone wy\u0142\u0105cznie do <strong data-start=\"334\" data-end=\"350\">u\u017cytku w terenie<\/strong>.<\/p>\n<ul data-start=\"355\" data-end=\"801\" data-is-only-node=\"\" data-is-last-node=\"\">\n<li data-start=\"355\" data-end=\"503\"><strong data-start=\"357\" data-end=\"412\">Felgi stalowe z tr\u00f3jk\u0105tnymi wyci\u0119ciami w stylu beadlock<\/strong>, o <strong data-start=\"426\" data-end=\"446\">\u015brednicy 15 cali<\/strong> i <strong data-start=\"451\" data-end=\"468\" data-is-only-node=\"\">szeroko\u015bci 10 cali<\/strong>, przeznaczone do pojazd\u00f3w terenowych.<\/li>\n<li data-start=\"504\" data-end=\"599\">Produkt jest <strong data-start=\"521\" data-end=\"556\">malowany elektrostatycznie na czarno<\/strong>, co zwi\u0119ksza jego odporno\u015b\u0107 na zarysowania.<\/li>\n<li data-start=\"600\" data-end=\"801\" data-is-last-node=\"\">Obr\u0119cz ma <strong data-start=\"621\" data-end=\"642\">ujemny rant<\/strong>, dzi\u0119ki czemu ko\u0142o jest bardziej wysuni\u0119te na zewn\u0105trz wzgl\u0119dem piasty, co zwi\u0119ksza <strong data-start=\"726\" data-end=\"739\">stabilno\u015b\u0107<\/strong> pojazdu i zapewnia <strong data-start=\"753\" data-end=\"800\">wi\u0119kszy prze\u015bwit dla ponadwymiarowych opon terenowych<\/strong>.<\/li>\n<\/ul>\n<\/div>\n","protected":false},"excerpt":{"rendered":"<p data-start=\"0\" data-end=\"117\"><strong data-start=\"0\" data-end=\"115\">Stalowe ko\u0142o 15X10 ET -50 6X139.7 CB 110 z blokad\u0105 do Nissan Patrol, Mitsubishi Pajero, Toyota Land Cruiser<\/strong><\/p>\n<p data-start=\"119\" data-end=\"216\">\u26a0\ufe0f <strong data-start=\"122\" data-end=\"214\">Ko\u0142a te nie s\u0105 zatwierdzone do u\u017cytku na drogach publicznych i nie posiadaj\u0105 certyfikatu RAR.<\/strong><\/p>\n<p data-start=\"218\" data-end=\"269\" data-is-last-node=\"\" data-is-only-node=\"\">S\u0105 one przeznaczone wy\u0142\u0105cznie do <strong data-start=\"252\" data-end=\"268\">u\u017cytku w terenie<\/strong>.<\/p>\n","protected":false},"featured_media":41065,"comment_status":"open","ping_status":"closed","template":"","meta":[],"product_brand":[1279],"product_cat":[4627],"product_tag":[4718,4717,4719,4630],"class_list":{"0":"post-41042","1":"product","2":"type-product","3":"status-publish","4":"has-post-thumbnail","6":"product_brand-ofm4x4","7":"product_cat-stalowe-felgi","8":"product_tag-15x10","9":"product_tag-beadlock","10":"product_tag-et-50-6x139-7-cb-110","11":"product_tag-steel-wheel","12":"product_shipping_class-alte-produse","14":"first","15":"instock","16":"taxable","17":"shipping-taxable","18":"purchasable","19":"product-type-simple"},"_links":{"self":[{"href":"https:\/\/ofm4x4.com\/pl\/wp-json\/wp\/v2\/product\/41042","targetHints":{"allow":["GET"]}}],"collection":[{"href":"https:\/\/ofm4x4.com\/pl\/wp-json\/wp\/v2\/product"}],"about":[{"href":"https:\/\/ofm4x4.com\/pl\/wp-json\/wp\/v2\/types\/product"}],"replies":[{"embeddable":true,"href":"https:\/\/ofm4x4.com\/pl\/wp-json\/wp\/v2\/comments?post=41042"}],"version-history":[{"count":1,"href":"https:\/\/ofm4x4.com\/pl\/wp-json\/wp\/v2\/product\/41042\/revisions"}],"predecessor-version":[{"id":41079,"href":"https:\/\/ofm4x4.com\/pl\/wp-json\/wp\/v2\/product\/41042\/revisions\/41079"}],"wp:featuredmedia":[{"embeddable":true,"href":"https:\/\/ofm4x4.com\/pl\/wp-json\/wp\/v2\/media\/41065"}],"wp:attachment":[{"href":"https:\/\/ofm4x4.com\/pl\/wp-json\/wp\/v2\/media?parent=41042"}],"wp:term":[{"taxonomy":"product_brand","embeddable":true,"href":"https:\/\/ofm4x4.com\/pl\/wp-json\/wp\/v2\/product_brand?post=41042"},{"taxonomy":"product_cat","embeddable":true,"href":"https:\/\/ofm4x4.com\/pl\/wp-json\/wp\/v2\/product_cat?post=41042"},{"taxonomy":"product_tag","embeddable":true,"href":"https:\/\/ofm4x4.com\/pl\/wp-json\/wp\/v2\/product_tag?post=41042"}],"curies":[{"name":"wp","href":"https:\/\/api.w.org\/{rel}","templated":true}]}}