{"id":41144,"date":"2020-04-23T06:01:02","date_gmt":"2020-04-23T06:01:02","guid":{"rendered":"https:\/\/ofm4x4.com\/shop\/bez-kategorii\/podnosnik-koszowy-60%e2%80%b2%e2%80%b2-150-cm\/"},"modified":"2025-09-24T09:33:15","modified_gmt":"2025-09-24T09:33:15","slug":"podnosnik-koszowy-60%e2%80%b2%e2%80%b2-150-cm","status":"publish","type":"product","link":"https:\/\/ofm4x4.com\/pl\/shop\/odzyskiwanie\/podnosnik-koszowy-60%e2%80%b2%e2%80%b2-150-cm\/","title":{"rendered":"Podno\u015bnik koszowy 60\u2032\u2032 (150 cm)"},"content":{"rendered":"<p><strong>Podno\u015bnik koszowy 60\u2032\u2032 (150 cm)<\/strong><\/p>\n<p><strong>Rozmiar:<\/strong> 60&#8243; (150 cm) &#8211; Idealny do wszechstronnego podnoszenia<br \/>\n<strong>Kolor:<\/strong> Odwa\u017cny czerwony &#8211; Stylowy i \u0142atwy do zauwa\u017cenia<br \/>\n<strong>Maksymalny ud\u017awig:<\/strong> 2,5 T &#8211; Mocny i niezawodny do ci\u0119\u017ckich zada\u0144<br \/>\n<strong>Waga:<\/strong> 13,4 kg &#8211; Trwa\u0142y, ale \u0142atwy w obs\u0142udze<\/p>\n","protected":false},"excerpt":{"rendered":"<p><strong>Podno\u015bnik koszowy 60\u2032\u2032 (150 cm)<\/strong><\/p>\n","protected":false},"featured_media":33978,"comment_status":"open","ping_status":"closed","template":"","meta":[],"product_brand":[1279],"product_cat":[4674],"product_tag":[4721],"class_list":{"0":"post-41144","1":"product","2":"type-product","3":"status-publish","4":"has-post-thumbnail","6":"product_brand-ofm4x4","7":"product_cat-odzyskiwanie","8":"product_tag-podnosnik-koszowy-60-150-cm","9":"product_shipping_class-alte-produse","11":"first","12":"instock","13":"taxable","14":"shipping-taxable","15":"purchasable","16":"product-type-simple"},"_links":{"self":[{"href":"https:\/\/ofm4x4.com\/pl\/wp-json\/wp\/v2\/product\/41144","targetHints":{"allow":["GET"]}}],"collection":[{"href":"https:\/\/ofm4x4.com\/pl\/wp-json\/wp\/v2\/product"}],"about":[{"href":"https:\/\/ofm4x4.com\/pl\/wp-json\/wp\/v2\/types\/product"}],"replies":[{"embeddable":true,"href":"https:\/\/ofm4x4.com\/pl\/wp-json\/wp\/v2\/comments?post=41144"}],"version-history":[{"count":1,"href":"https:\/\/ofm4x4.com\/pl\/wp-json\/wp\/v2\/product\/41144\/revisions"}],"predecessor-version":[{"id":41161,"href":"https:\/\/ofm4x4.com\/pl\/wp-json\/wp\/v2\/product\/41144\/revisions\/41161"}],"wp:featuredmedia":[{"embeddable":true,"href":"https:\/\/ofm4x4.com\/pl\/wp-json\/wp\/v2\/media\/33978"}],"wp:attachment":[{"href":"https:\/\/ofm4x4.com\/pl\/wp-json\/wp\/v2\/media?parent=41144"}],"wp:term":[{"taxonomy":"product_brand","embeddable":true,"href":"https:\/\/ofm4x4.com\/pl\/wp-json\/wp\/v2\/product_brand?post=41144"},{"taxonomy":"product_cat","embeddable":true,"href":"https:\/\/ofm4x4.com\/pl\/wp-json\/wp\/v2\/product_cat?post=41144"},{"taxonomy":"product_tag","embeddable":true,"href":"https:\/\/ofm4x4.com\/pl\/wp-json\/wp\/v2\/product_tag?post=41144"}],"curies":[{"name":"wp","href":"https:\/\/api.w.org\/{rel}","templated":true}]}}