{"id":41196,"date":"2020-10-29T08:24:02","date_gmt":"2020-10-29T08:24:02","guid":{"rendered":"https:\/\/ofm4x4.com\/shop\/bez-kategorii\/felga-stalowa-16x7-et-25-5x139-7-cb-108-off-road-do-suzuki-kia\/"},"modified":"2025-09-24T09:33:32","modified_gmt":"2025-09-24T09:33:32","slug":"felga-stalowa-16x7-et-25-5x139-7-cb-108-off-road-do-suzuki-kia","status":"publish","type":"product","link":"https:\/\/ofm4x4.com\/pl\/shop\/stalowe-felgi\/felga-stalowa-16x7-et-25-5x139-7-cb-108-off-road-do-suzuki-kia\/","title":{"rendered":"Felga stalowa 16&#215;7 ET -25 5&#215;139.7 CB 108 Off-Road do Suzuki, Kia"},"content":{"rendered":"<div id=\"\\\" ali-anchor-alimagic-6rxnu8=\"\" class=\"\\\" magic-0=\"\" data-section=\"\\\"AliMagic-6rxnu8\\\"\" data-section-title=\"\\\"Product\" data-spm-anchor-id=\"\\\"a2700.details.pronpeci14.i0.7ae070497Niwca\\\"\">\n<h3 data-start=\"0\" data-end=\"19\">Specyfikacje:<\/h3>\n<ul data-start=\"21\" data-end=\"222\">\n<li data-start=\"21\" data-end=\"42\"><strong data-start=\"23\" data-end=\"36\">\u015arednica:<\/strong> R16<\/li>\n<li data-start=\"43\" data-end=\"60\"><strong data-start=\"45\" data-end=\"55\">Szeroko\u015b\u0107:<\/strong> 7J<\/li>\n<li data-start=\"61\" data-end=\"85\"><strong data-start=\"63\" data-end=\"79\">ET (Offset):<\/strong> -25<\/li>\n<li data-start=\"86\" data-end=\"123\"><strong data-start=\"88\" data-end=\"111\">PCD (Bolt Pattern):<\/strong> 5 x 139.7<\/li>\n<li data-start=\"124\" data-end=\"168\"><strong data-start=\"126\" data-end=\"136\">Kolor:<\/strong> czarny z czerwonymi i niebieskimi liniami<\/li>\n<li data-start=\"169\" data-end=\"200\"><strong data-start=\"171\" data-end=\"192\">CB (Center Bore):<\/strong> 108.1<\/li>\n<li data-start=\"201\" data-end=\"222\"><strong data-start=\"203\" data-end=\"213\">Model:<\/strong> OFM013<\/li>\n<\/ul>\n<p data-start=\"224\" data-end=\"379\">\u26a0\ufe0f Ko\u0142a te <strong data-start=\"244\" data-end=\"260\">nie s\u0105 zatwierdzone<\/strong> do u\u017cytku na drogach publicznych i <strong data-start=\"289\" data-end=\"322\">nie posiadaj\u0105 certyfikatu RAR<\/strong>.<br data-start=\"323\" data-end=\"326\">S\u0105 one przeznaczone wy\u0142\u0105cznie do <strong data-start=\"360\" data-end=\"376\">u\u017cytku w terenie<\/strong>.<\/p>\n<ul data-start=\"381\" data-end=\"661\">\n<li data-start=\"381\" data-end=\"469\">Produkt jest <strong data-start=\"398\" data-end=\"436\">malowany elektrostatycznie na czarno<\/strong>, co zwi\u0119ksza odporno\u015b\u0107 na zarysowania.<\/li>\n<li data-start=\"470\" data-end=\"661\"><strong data-start=\"476\" data-end=\"508\">Stopka ma ujemny bark<\/strong>, kt\u00f3ry ustawia ko\u0142o bardziej na zewn\u0105trz wzgl\u0119dem piasty, poprawiaj\u0105c stabilno\u015b\u0107 pojazdu i zapewniaj\u0105c wi\u0119kszy prze\u015bwit dla <strong data-start=\"630\" data-end=\"658\">ponadwymiarowych opon terenowych<\/strong>.<\/li>\n<\/ul>\n<p data-start=\"663\" data-end=\"685\"><strong data-start=\"663\" data-end=\"683\">Kompatybilny z:<\/strong><\/p>\n<ul data-start=\"686\" data-end=\"842\">\n<li data-start=\"686\" data-end=\"736\">Suzuki: Samurai, Jimny, Vitara, Grand Vitara I<\/li>\n<li data-start=\"737\" data-end=\"789\">Kia: Sorento I (CB: 95,3 &#8211; wymaga pier\u015bcienia \u015brodkowego)<\/li>\n<li data-start=\"790\" data-end=\"842\">Kia: Sportage I (CB: 100 &#8211; wymaga pier\u015bcienia \u015brodkowego)<\/li>\n<\/ul>\n<p data-start=\"844\" data-end=\"995\" data-is-last-node=\"\" data-is-only-node=\"\"><strong data-start=\"844\" data-end=\"853\">Uwaga:<\/strong> W niekt\u00f3rych modelach pojazd\u00f3w mo\u017ce wyst\u0119powa\u0107 r\u00f3\u017cnica w \u015brednicy mi\u0119dzy CB ko\u0142a a piast\u0105, co wymaga zamontowania pier\u015bcieni centruj\u0105cych.<\/p>\n<\/div>\n","protected":false},"excerpt":{"rendered":"<p data-start=\"0\" data-end=\"69\"><strong data-start=\"0\" data-end=\"67\">Felga stalowa 16X7 ET -25 5&#215;139.7 CB 108 OFF-ROAD do Suzuki, Kia<\/strong><\/p>\n<p data-start=\"71\" data-end=\"172\">\u26a0\ufe0f Ko\u0142a te <strong data-start=\"91\" data-end=\"107\">nie s\u0105 zatwierdzone<\/strong> do u\u017cytku na drogach publicznych i <strong data-start=\"136\" data-end=\"169\">nie posiadaj\u0105 certyfikatu RAR<\/strong>.<\/p>\n<p data-start=\"174\" data-end=\"225\" data-is-last-node=\"\" data-is-only-node=\"\">S\u0105 one przeznaczone wy\u0142\u0105cznie do <strong data-start=\"208\" data-end=\"224\">u\u017cytku w terenie<\/strong>.<\/p>\n","protected":false},"featured_media":41228,"comment_status":"open","ping_status":"closed","template":"","meta":[],"product_brand":[1279],"product_cat":[4627],"product_tag":[4731,4732,4630],"class_list":{"0":"post-41196","1":"product","2":"type-product","3":"status-publish","4":"has-post-thumbnail","6":"product_brand-ofm4x4","7":"product_cat-stalowe-felgi","8":"product_tag-16x7","9":"product_tag-et-25-5x1397-cb-108","10":"product_tag-steel-wheel","11":"product_shipping_class-alte-produse","13":"first","14":"outofstock","15":"taxable","16":"shipping-taxable","17":"purchasable","18":"product-type-simple"},"_links":{"self":[{"href":"https:\/\/ofm4x4.com\/pl\/wp-json\/wp\/v2\/product\/41196","targetHints":{"allow":["GET"]}}],"collection":[{"href":"https:\/\/ofm4x4.com\/pl\/wp-json\/wp\/v2\/product"}],"about":[{"href":"https:\/\/ofm4x4.com\/pl\/wp-json\/wp\/v2\/types\/product"}],"replies":[{"embeddable":true,"href":"https:\/\/ofm4x4.com\/pl\/wp-json\/wp\/v2\/comments?post=41196"}],"version-history":[{"count":1,"href":"https:\/\/ofm4x4.com\/pl\/wp-json\/wp\/v2\/product\/41196\/revisions"}],"predecessor-version":[{"id":41229,"href":"https:\/\/ofm4x4.com\/pl\/wp-json\/wp\/v2\/product\/41196\/revisions\/41229"}],"wp:featuredmedia":[{"embeddable":true,"href":"https:\/\/ofm4x4.com\/pl\/wp-json\/wp\/v2\/media\/41228"}],"wp:attachment":[{"href":"https:\/\/ofm4x4.com\/pl\/wp-json\/wp\/v2\/media?parent=41196"}],"wp:term":[{"taxonomy":"product_brand","embeddable":true,"href":"https:\/\/ofm4x4.com\/pl\/wp-json\/wp\/v2\/product_brand?post=41196"},{"taxonomy":"product_cat","embeddable":true,"href":"https:\/\/ofm4x4.com\/pl\/wp-json\/wp\/v2\/product_cat?post=41196"},{"taxonomy":"product_tag","embeddable":true,"href":"https:\/\/ofm4x4.com\/pl\/wp-json\/wp\/v2\/product_tag?post=41196"}],"curies":[{"name":"wp","href":"https:\/\/api.w.org\/{rel}","templated":true}]}}