{"id":41197,"date":"2020-10-29T08:34:47","date_gmt":"2020-10-29T08:34:47","guid":{"rendered":"https:\/\/ofm4x4.com\/shop\/bez-kategorii\/felga-stalowa-15x8-et-25-5x127-cb-71-6-off-road-do-jeepa\/"},"modified":"2025-09-24T09:33:32","modified_gmt":"2025-09-24T09:33:32","slug":"felga-stalowa-15x8-et-25-5x127-cb-71-6-off-road-do-jeepa","status":"publish","type":"product","link":"https:\/\/ofm4x4.com\/pl\/shop\/stalowe-felgi\/felga-stalowa-15x8-et-25-5x127-cb-71-6-off-road-do-jeepa\/","title":{"rendered":"Felga stalowa 15&#215;8 ET -25 5&#215;127 CB 71.6 Off-Road do Jeepa"},"content":{"rendered":"<div id=\"\\\" ali-anchor-alimagic-6rxnu8=\"\" class=\"\\\" magic-0=\"\" data-section=\"\\\"AliMagic-6rxnu8\\\"\" data-section-title=\"\\\"Product\" data-spm-anchor-id=\"\\\"a2700.details.pronpeci14.i0.7ae070497Niwca\\\"\">\n<h3 data-start=\"0\" data-end=\"19\">Specyfikacje:<\/h3>\n<ul data-start=\"21\" data-end=\"219\">\n<li data-start=\"21\" data-end=\"42\"><strong data-start=\"23\" data-end=\"36\">\u015arednica:<\/strong> R15<\/li>\n<li data-start=\"43\" data-end=\"60\"><strong data-start=\"45\" data-end=\"55\">Szeroko\u015b\u0107:<\/strong> 8J<\/li>\n<li data-start=\"61\" data-end=\"85\"><strong data-start=\"63\" data-end=\"79\">ET (Offset):<\/strong> -25<\/li>\n<li data-start=\"86\" data-end=\"121\"><strong data-start=\"88\" data-end=\"111\">PCD (uk\u0142ad \u015brub):<\/strong> 5 x 127<\/li>\n<li data-start=\"122\" data-end=\"166\"><strong data-start=\"124\" data-end=\"134\">Kolor:<\/strong> czarny z czerwonymi i niebieskimi liniami<\/li>\n<li data-start=\"167\" data-end=\"197\"><strong data-start=\"169\" data-end=\"190\">CB (Center Bore):<\/strong> 71.6<\/li>\n<li data-start=\"198\" data-end=\"219\"><strong data-start=\"200\" data-end=\"210\">Model:<\/strong> OFM015<\/li>\n<\/ul>\n<p data-start=\"221\" data-end=\"376\">\u26a0\ufe0f Ko\u0142a te <strong data-start=\"241\" data-end=\"257\">nie s\u0105 zatwierdzone<\/strong> do u\u017cytku na drogach publicznych i <strong data-start=\"286\" data-end=\"319\">nie posiadaj\u0105 certyfikatu RAR<\/strong>.<br data-start=\"320\" data-end=\"323\">S\u0105 one przeznaczone wy\u0142\u0105cznie do <strong data-start=\"357\" data-end=\"373\">u\u017cytku w terenie<\/strong>.<\/p>\n<ul data-start=\"378\" data-end=\"656\" data-is-last-node=\"\" data-is-only-node=\"\">\n<li data-start=\"378\" data-end=\"466\">Produkt jest <strong data-start=\"395\" data-end=\"433\">malowany elektrostatycznie na czarno<\/strong>, co zwi\u0119ksza odporno\u015b\u0107 na zarysowania.<\/li>\n<li data-start=\"467\" data-end=\"656\" data-is-last-node=\"\"><strong data-start=\"473\" data-end=\"505\">Stopka ma ujemny bark<\/strong>, kt\u00f3ry ustawia ko\u0142o bardziej na zewn\u0105trz wzgl\u0119dem piasty, poprawiaj\u0105c stabilno\u015b\u0107 pojazdu i zapewniaj\u0105c wi\u0119kszy prze\u015bwit dla <strong data-start=\"627\" data-end=\"655\">ponadwymiarowych opon terenowych<\/strong>.<\/li>\n<\/ul>\n<\/div>\n","protected":false},"excerpt":{"rendered":"<p data-start=\"0\" data-end=\"61\"><strong data-start=\"0\" data-end=\"59\">Felga stalowa 15X8 ET -25 5X127 CB 71.6 OFF-ROAD do Jeepa<\/strong><\/p>\n<p data-start=\"63\" data-end=\"164\">\u26a0\ufe0f Ko\u0142a te <strong data-start=\"83\" data-end=\"99\">nie s\u0105 zatwierdzone<\/strong> do u\u017cytku na drogach publicznych i <strong data-start=\"128\" data-end=\"161\">nie posiadaj\u0105 certyfikatu RAR<\/strong>.<\/p>\n<p data-start=\"166\" data-end=\"217\" data-is-last-node=\"\" data-is-only-node=\"\">S\u0105 one przeznaczone wy\u0142\u0105cznie do <strong data-start=\"200\" data-end=\"216\">u\u017cytku w terenie<\/strong>.<\/p>\n","protected":false},"featured_media":41205,"comment_status":"open","ping_status":"closed","template":"","meta":[],"product_brand":[1279],"product_cat":[4627],"product_tag":[4728,4726,4630],"class_list":{"0":"post-41197","1":"product","2":"type-product","3":"status-publish","4":"has-post-thumbnail","6":"product_brand-ofm4x4","7":"product_cat-stalowe-felgi","8":"product_tag-15x8","9":"product_tag-et-25-5x127-cb-71-6","10":"product_tag-steel-wheel","11":"product_shipping_class-alte-produse","13":"first","14":"instock","15":"taxable","16":"shipping-taxable","17":"purchasable","18":"product-type-simple"},"_links":{"self":[{"href":"https:\/\/ofm4x4.com\/pl\/wp-json\/wp\/v2\/product\/41197","targetHints":{"allow":["GET"]}}],"collection":[{"href":"https:\/\/ofm4x4.com\/pl\/wp-json\/wp\/v2\/product"}],"about":[{"href":"https:\/\/ofm4x4.com\/pl\/wp-json\/wp\/v2\/types\/product"}],"replies":[{"embeddable":true,"href":"https:\/\/ofm4x4.com\/pl\/wp-json\/wp\/v2\/comments?post=41197"}],"version-history":[{"count":1,"href":"https:\/\/ofm4x4.com\/pl\/wp-json\/wp\/v2\/product\/41197\/revisions"}],"predecessor-version":[{"id":41211,"href":"https:\/\/ofm4x4.com\/pl\/wp-json\/wp\/v2\/product\/41197\/revisions\/41211"}],"wp:featuredmedia":[{"embeddable":true,"href":"https:\/\/ofm4x4.com\/pl\/wp-json\/wp\/v2\/media\/41205"}],"wp:attachment":[{"href":"https:\/\/ofm4x4.com\/pl\/wp-json\/wp\/v2\/media?parent=41197"}],"wp:term":[{"taxonomy":"product_brand","embeddable":true,"href":"https:\/\/ofm4x4.com\/pl\/wp-json\/wp\/v2\/product_brand?post=41197"},{"taxonomy":"product_cat","embeddable":true,"href":"https:\/\/ofm4x4.com\/pl\/wp-json\/wp\/v2\/product_cat?post=41197"},{"taxonomy":"product_tag","embeddable":true,"href":"https:\/\/ofm4x4.com\/pl\/wp-json\/wp\/v2\/product_tag?post=41197"}],"curies":[{"name":"wp","href":"https:\/\/api.w.org\/{rel}","templated":true}]}}