{"id":41306,"date":"2020-10-07T10:04:50","date_gmt":"2020-10-07T10:04:50","guid":{"rendered":"https:\/\/ofm4x4.com\/shop\/bez-kategorii\/cyfrowy-miernik-tre-air-max-do-pompowania-i-spuszczania-powietrza-z-opon\/"},"modified":"2025-09-24T09:33:42","modified_gmt":"2025-09-24T09:33:42","slug":"cyfrowy-miernik-tre-air-max-do-pompowania-i-spuszczania-powietrza-z-opon","status":"publish","type":"product","link":"https:\/\/ofm4x4.com\/pl\/shop\/mechanizm-roznicowy-z-blokada\/akcesoria\/cyfrowy-miernik-tre-air-max-do-pompowania-i-spuszczania-powietrza-z-opon\/","title":{"rendered":"Cyfrowy miernik TRE Air Max do pompowania i spuszczania powietrza z opon"},"content":{"rendered":"<ul>\n<li>\n<p data-start=\"0\" data-end=\"60\"><strong data-start=\"0\" data-end=\"58\">Cyfrowy miernik TRE AIR MAX do pompowania i spuszczania powietrza z opon<\/strong><\/p>\n<ul data-start=\"62\" data-end=\"325\">\n<li data-start=\"62\" data-end=\"92\"><strong data-start=\"64\" data-end=\"90\">Pod\u015bwietlany ekran LED<\/strong><\/li>\n<li data-start=\"93\" data-end=\"142\"><strong data-start=\"95\" data-end=\"110\">Dok\u0142adno\u015b\u0107 1%<\/strong> z <strong data-start=\"118\" data-end=\"140\">rozdzielczo\u015bci\u0105 0,1 PSI<\/strong><\/li>\n<li data-start=\"143\" data-end=\"204\"><strong data-start=\"145\" data-end=\"202\">\u0141atwe pompowanie, spuszczanie powietrza i pomiar ci\u015bnienia w oponach<\/strong><\/li>\n<li data-start=\"205\" data-end=\"275\"><strong data-start=\"207\" data-end=\"273\">Wy\u015bwietlacz LED monitoruje ci\u015bnienie powietrza w PSI, Kpa, Bar i kg\/cm\u00b2.<\/strong><\/li>\n<li data-start=\"276\" data-end=\"325\"><strong data-start=\"278\" data-end=\"323\">Mierzy ci\u015bnienie w oponach w zakresie od 0 do 250 PSI<\/strong><\/li>\n<\/ul>\n<p data-start=\"327\" data-end=\"421\" data-is-last-node=\"\" data-is-only-node=\"\"><strong data-start=\"329\" data-end=\"377\">Nie posiada certyfikatu weryfikacji metrologicznej.<\/strong><\/p>\n<p><strong data-start=\"382\" data-end=\"421\" data-is-last-node=\"\">Wy\u0142\u0105cznie do u\u017cytku osobistego i terenowego.<\/strong><\/li>\n<\/ul>\n","protected":false},"excerpt":{"rendered":"<p>Cyfrowy miernik TRE Air Max do pompowania i spuszczania powietrza z opon<\/p>\n","protected":false},"featured_media":41309,"comment_status":"open","ping_status":"closed","template":"","meta":[],"product_brand":[1233],"product_cat":[4735],"product_tag":[4740,4743,4737],"class_list":{"0":"post-41306","1":"product","2":"type-product","3":"status-publish","4":"has-post-thumbnail","6":"product_brand-tre-4x4","7":"product_cat-akcesoria","8":"product_tag-cyfrowy-miernik-air-max","9":"product_tag-pompowanie-i-spuszczanie-powietrza-z-opon","10":"product_tag-tre","11":"product_shipping_class-alte-produse","13":"first","14":"outofstock","15":"taxable","16":"shipping-taxable","17":"purchasable","18":"product-type-simple"},"_links":{"self":[{"href":"https:\/\/ofm4x4.com\/pl\/wp-json\/wp\/v2\/product\/41306","targetHints":{"allow":["GET"]}}],"collection":[{"href":"https:\/\/ofm4x4.com\/pl\/wp-json\/wp\/v2\/product"}],"about":[{"href":"https:\/\/ofm4x4.com\/pl\/wp-json\/wp\/v2\/types\/product"}],"replies":[{"embeddable":true,"href":"https:\/\/ofm4x4.com\/pl\/wp-json\/wp\/v2\/comments?post=41306"}],"version-history":[{"count":1,"href":"https:\/\/ofm4x4.com\/pl\/wp-json\/wp\/v2\/product\/41306\/revisions"}],"predecessor-version":[{"id":41310,"href":"https:\/\/ofm4x4.com\/pl\/wp-json\/wp\/v2\/product\/41306\/revisions\/41310"}],"wp:featuredmedia":[{"embeddable":true,"href":"https:\/\/ofm4x4.com\/pl\/wp-json\/wp\/v2\/media\/41309"}],"wp:attachment":[{"href":"https:\/\/ofm4x4.com\/pl\/wp-json\/wp\/v2\/media?parent=41306"}],"wp:term":[{"taxonomy":"product_brand","embeddable":true,"href":"https:\/\/ofm4x4.com\/pl\/wp-json\/wp\/v2\/product_brand?post=41306"},{"taxonomy":"product_cat","embeddable":true,"href":"https:\/\/ofm4x4.com\/pl\/wp-json\/wp\/v2\/product_cat?post=41306"},{"taxonomy":"product_tag","embeddable":true,"href":"https:\/\/ofm4x4.com\/pl\/wp-json\/wp\/v2\/product_tag?post=41306"}],"curies":[{"name":"wp","href":"https:\/\/api.w.org\/{rel}","templated":true}]}}