{"id":41328,"date":"2020-10-28T09:10:23","date_gmt":"2020-10-28T09:10:23","guid":{"rendered":"https:\/\/ofm4x4.com\/shop\/bez-kategorii\/felga-stalowa-16x10-et-50-6x139-7-cb-110-z-blokada-do-nissan-mitsubishi-toyota\/"},"modified":"2025-09-24T09:33:44","modified_gmt":"2025-09-24T09:33:44","slug":"felga-stalowa-16x10-et-50-6x139-7-cb-110-z-blokada-do-nissan-mitsubishi-toyota","status":"publish","type":"product","link":"https:\/\/ofm4x4.com\/pl\/shop\/stalowe-felgi\/felga-stalowa-16x10-et-50-6x139-7-cb-110-z-blokada-do-nissan-mitsubishi-toyota\/","title":{"rendered":"Felga stalowa 16&#215;10 ET -50 6&#215;139.7 CB 110 z blokad\u0105 do Nissan, Mitsubishi, Toyota"},"content":{"rendered":"<div id=\"\\\" ali-anchor-alimagic-6rxnu8=\"\" class=\"\\\" magic-0=\"\" data-section=\"\\\"AliMagic-6rxnu8\\\"\" data-section-title=\"\\\"Product\" data-spm-anchor-id=\"\\\"a2700.details.pronpeci14.i0.7ae070497Niwca\\\"\">\n<p data-start=\"0\" data-end=\"21\"><strong data-start=\"0\" data-end=\"19\">Specyfikacje:<\/strong><\/p>\n<ul data-start=\"23\" data-end=\"214\">\n<li data-start=\"23\" data-end=\"44\"><strong data-start=\"25\" data-end=\"38\">\u015arednica:<\/strong> R16<\/li>\n<li data-start=\"45\" data-end=\"63\"><strong data-start=\"47\" data-end=\"57\">Szeroko\u015b\u0107:<\/strong> 10J<\/li>\n<li data-start=\"64\" data-end=\"88\"><strong data-start=\"66\" data-end=\"82\">ET (Offset):<\/strong> -50<\/li>\n<li data-start=\"89\" data-end=\"126\"><strong data-start=\"91\" data-end=\"114\">PCD (Bolt Pattern):<\/strong> 6 x 139.7<\/li>\n<li data-start=\"127\" data-end=\"161\" data-is-only-node=\"\"><strong data-start=\"129\" data-end=\"139\">Kolor:<\/strong> Czarny, czerwony Beadlock<\/li>\n<li data-start=\"162\" data-end=\"191\"><strong data-start=\"164\" data-end=\"185\">CB (Center Bore):<\/strong> 110<\/li>\n<li data-start=\"192\" data-end=\"214\"><strong data-start=\"194\" data-end=\"204\">Model:<\/strong> OFMBD10<\/li>\n<\/ul>\n<p data-start=\"216\" data-end=\"313\">\u26a0\ufe0f <strong data-start=\"219\" data-end=\"311\">Ko\u0142a te nie s\u0105 zatwierdzone do u\u017cytku na drogach publicznych i nie posiadaj\u0105 certyfikatu RAR.<\/strong><\/p>\n<p data-start=\"315\" data-end=\"368\">S\u0105 one przeznaczone wy\u0142\u0105cznie do <strong data-start=\"349\" data-end=\"365\">u\u017cytku w terenie<\/strong>.<\/p>\n<ul data-start=\"370\" data-end=\"661\" data-is-only-node=\"\" data-is-last-node=\"\">\n<li data-start=\"370\" data-end=\"463\">Kierownica jest <strong data-start=\"385\" data-end=\"420\">malowana elektrostatycznie na czarno<\/strong>, co zwi\u0119ksza jej odporno\u015b\u0107 na zarysowania.<\/li>\n<li data-start=\"464\" data-end=\"661\" data-is-last-node=\"\">Obr\u0119cz ma <strong data-start=\"485\" data-end=\"506\">ujemny rant<\/strong>, dzi\u0119ki czemu ko\u0142o jest bardziej wysuni\u0119te na zewn\u0105trz wzgl\u0119dem piasty, co zwi\u0119ksza stabilno\u015b\u0107 pojazdu i zapewnia wi\u0119kszy prze\u015bwit dla <strong data-start=\"632\" data-end=\"660\">ponadwymiarowych opon terenowych<\/strong>.<\/li>\n<\/ul>\n<\/div>\n","protected":false},"excerpt":{"rendered":"<p data-start=\"0\" data-end=\"90\"><strong data-start=\"0\" data-end=\"88\">Felga stalowa 16X10 ET -50 6X139.7 CB 110 z blokad\u0105 do Nissan, Mitsubishi, Toyota<\/strong><\/p>\n<p data-start=\"92\" data-end=\"189\">\u26a0\ufe0f <strong data-start=\"95\" data-end=\"187\">Ko\u0142a te nie s\u0105 zatwierdzone do u\u017cytku na drogach publicznych i nie posiadaj\u0105 certyfikatu RAR.<\/strong><\/p>\n<p data-start=\"191\" data-end=\"242\" data-is-last-node=\"\" data-is-only-node=\"\">S\u0105 one przeznaczone wy\u0142\u0105cznie do <strong data-start=\"225\" data-end=\"241\">u\u017cytku w terenie<\/strong>.<\/p>\n","protected":false},"featured_media":41365,"comment_status":"open","ping_status":"closed","template":"","meta":[],"product_brand":[1279],"product_cat":[4627],"product_tag":[4747,4717,4719,4630],"class_list":{"0":"post-41328","1":"product","2":"type-product","3":"status-publish","4":"has-post-thumbnail","6":"product_brand-ofm4x4","7":"product_cat-stalowe-felgi","8":"product_tag-16x10","9":"product_tag-beadlock","10":"product_tag-et-50-6x139-7-cb-110","11":"product_tag-steel-wheel","12":"product_shipping_class-alte-produse","14":"first","15":"instock","16":"taxable","17":"shipping-taxable","18":"purchasable","19":"product-type-simple"},"_links":{"self":[{"href":"https:\/\/ofm4x4.com\/pl\/wp-json\/wp\/v2\/product\/41328","targetHints":{"allow":["GET"]}}],"collection":[{"href":"https:\/\/ofm4x4.com\/pl\/wp-json\/wp\/v2\/product"}],"about":[{"href":"https:\/\/ofm4x4.com\/pl\/wp-json\/wp\/v2\/types\/product"}],"replies":[{"embeddable":true,"href":"https:\/\/ofm4x4.com\/pl\/wp-json\/wp\/v2\/comments?post=41328"}],"version-history":[{"count":1,"href":"https:\/\/ofm4x4.com\/pl\/wp-json\/wp\/v2\/product\/41328\/revisions"}],"predecessor-version":[{"id":41382,"href":"https:\/\/ofm4x4.com\/pl\/wp-json\/wp\/v2\/product\/41328\/revisions\/41382"}],"wp:featuredmedia":[{"embeddable":true,"href":"https:\/\/ofm4x4.com\/pl\/wp-json\/wp\/v2\/media\/41365"}],"wp:attachment":[{"href":"https:\/\/ofm4x4.com\/pl\/wp-json\/wp\/v2\/media?parent=41328"}],"wp:term":[{"taxonomy":"product_brand","embeddable":true,"href":"https:\/\/ofm4x4.com\/pl\/wp-json\/wp\/v2\/product_brand?post=41328"},{"taxonomy":"product_cat","embeddable":true,"href":"https:\/\/ofm4x4.com\/pl\/wp-json\/wp\/v2\/product_cat?post=41328"},{"taxonomy":"product_tag","embeddable":true,"href":"https:\/\/ofm4x4.com\/pl\/wp-json\/wp\/v2\/product_tag?post=41328"}],"curies":[{"name":"wp","href":"https:\/\/api.w.org\/{rel}","templated":true}]}}