{"id":41409,"date":"2020-06-12T08:03:46","date_gmt":"2020-06-12T08:03:46","guid":{"rendered":"https:\/\/ofm4x4.com\/shop\/bez-kategorii\/wciagarka-grizzly-electric-13-000-lbs-1501-z-lina-syntetyczna\/"},"modified":"2025-09-24T09:33:53","modified_gmt":"2025-09-24T09:33:53","slug":"wciagarka-grizzly-electric-13-000-lbs-1501-z-lina-syntetyczna","status":"publish","type":"product","link":"https:\/\/ofm4x4.com\/pl\/shop\/wciagarki-elektryczne\/wciagarka-grizzly-electric-13-000-lbs-1501-z-lina-syntetyczna\/","title":{"rendered":"Wci\u0105garka Grizzly Electric 13.000 lbs 150:1 z lin\u0105 syntetyczn\u0105"},"content":{"rendered":"<p><strong>Wci\u0105garka elektryczna Grizzly 13000 lbs (5897 kg) z lin\u0105 syntetyczn\u0105<\/strong><\/p>\n<ul>\n<li><strong data-start=\"0\" data-end=\"20\" data-is-only-node=\"\">Zdolno\u015b\u0107 holowania:<\/strong> 13 000 funt\u00f3w (5 897 kg)<\/li>\n<li><strong data-start=\"45\" data-end=\"54\">Lina:<\/strong> syntetyczna, 25 m x \u00d8 10 mm<\/li>\n<li><strong data-start=\"83\" data-end=\"102\">Modu\u0142 steruj\u0105cy:<\/strong> Pozycja sta\u0142a (centralna)<\/li>\n<li><strong data-start=\"130\" data-end=\"140\">Silnik:<\/strong> 6,5 KM (4,5 kW)<\/li>\n<li><strong data-start=\"159\" data-end=\"171\">Napi\u0119cie:<\/strong> 12 V<\/li>\n<li><strong data-start=\"178\" data-end=\"195\">Skrzynia bieg\u00f3w:<\/strong> 3-stopniowa przek\u0142adnia planetarna<\/li>\n<li><strong data-start=\"221\" data-end=\"236\">Prze\u0142o\u017cenie:<\/strong> 150:1<\/li>\n<li><strong data-start=\"245\" data-end=\"256\">Sprz\u0119g\u0142o:<\/strong> r\u0119czne w\u0142\u0105czanie\/wy\u0142\u0105czanie<\/li>\n<li><strong data-start=\"283\" data-end=\"293\">Hamulec:<\/strong> Automatyczny<\/li>\n<li><strong data-start=\"306\" data-end=\"319\">Prowadnica:<\/strong> Aluminium Hawse<\/li>\n<li><strong data-start=\"337\" data-end=\"356\">Pilot zdalnego sterowania:<\/strong> Przewodowy i bezprzewodowy<\/li>\n<li><strong data-start=\"378\" data-end=\"399\">Wymiary wci\u0105garki:<\/strong> 546 mm x 160 mm x 218 mm<\/li>\n<li><strong data-start=\"427\" data-end=\"444\">Waga wci\u0105garki:<\/strong> 30 kg<\/li>\n<li><strong data-start=\"453\" data-end=\"479\">Rozstaw \u015brub monta\u017cowych:<\/strong> 254 mm x 114,3 mm<\/li>\n<li><strong data-start=\"500\" data-end=\"522\">Maksymalne obci\u0105\u017cenie liny:<\/strong> 5 897 kg<\/li>\n<\/ul>\n","protected":false},"excerpt":{"rendered":"<p><strong>Wci\u0105garka elektryczna Grizzly 13000 lbs (5897 kg) z lin\u0105 syntetyczn\u0105<\/strong><\/p>\n","protected":false},"featured_media":34063,"comment_status":"open","ping_status":"closed","template":"","meta":[],"product_brand":[1308],"product_cat":[4710],"product_tag":[4752,4599,4600,4711],"class_list":{"0":"post-41409","1":"product","2":"type-product","3":"status-publish","4":"has-post-thumbnail","6":"product_brand-grizzly-winch","7":"product_cat-wciagarki-elektryczne","8":"product_tag-13000-funtow","9":"product_tag-electric-winch","10":"product_tag-grizzly-winch","11":"product_tag-lina-syntetyczna","12":"product_shipping_class-alte-produse","14":"first","15":"instock","16":"taxable","17":"shipping-taxable","18":"purchasable","19":"product-type-simple"},"_links":{"self":[{"href":"https:\/\/ofm4x4.com\/pl\/wp-json\/wp\/v2\/product\/41409","targetHints":{"allow":["GET"]}}],"collection":[{"href":"https:\/\/ofm4x4.com\/pl\/wp-json\/wp\/v2\/product"}],"about":[{"href":"https:\/\/ofm4x4.com\/pl\/wp-json\/wp\/v2\/types\/product"}],"replies":[{"embeddable":true,"href":"https:\/\/ofm4x4.com\/pl\/wp-json\/wp\/v2\/comments?post=41409"}],"version-history":[{"count":1,"href":"https:\/\/ofm4x4.com\/pl\/wp-json\/wp\/v2\/product\/41409\/revisions"}],"predecessor-version":[{"id":41454,"href":"https:\/\/ofm4x4.com\/pl\/wp-json\/wp\/v2\/product\/41409\/revisions\/41454"}],"wp:featuredmedia":[{"embeddable":true,"href":"https:\/\/ofm4x4.com\/pl\/wp-json\/wp\/v2\/media\/34063"}],"wp:attachment":[{"href":"https:\/\/ofm4x4.com\/pl\/wp-json\/wp\/v2\/media?parent=41409"}],"wp:term":[{"taxonomy":"product_brand","embeddable":true,"href":"https:\/\/ofm4x4.com\/pl\/wp-json\/wp\/v2\/product_brand?post=41409"},{"taxonomy":"product_cat","embeddable":true,"href":"https:\/\/ofm4x4.com\/pl\/wp-json\/wp\/v2\/product_cat?post=41409"},{"taxonomy":"product_tag","embeddable":true,"href":"https:\/\/ofm4x4.com\/pl\/wp-json\/wp\/v2\/product_tag?post=41409"}],"curies":[{"name":"wp","href":"https:\/\/api.w.org\/{rel}","templated":true}]}}