{"id":41499,"date":"2020-10-05T07:54:01","date_gmt":"2020-10-05T07:54:01","guid":{"rendered":"https:\/\/ofm4x4.com\/shop\/bez-kategorii\/wciagarka-grizzly-electric-8-500-lbs-1501-z-lina-stalowa\/"},"modified":"2025-09-24T09:33:55","modified_gmt":"2025-09-24T09:33:55","slug":"wciagarka-grizzly-electric-8-500-lbs-1501-z-lina-stalowa","status":"publish","type":"product","link":"https:\/\/ofm4x4.com\/pl\/shop\/wciagarki-elektryczne\/wciagarka-grizzly-electric-8-500-lbs-1501-z-lina-stalowa\/","title":{"rendered":"Wci\u0105garka Grizzly Electric 8.500 lbs 150:1 z lin\u0105 stalow\u0105"},"content":{"rendered":"<p><strong data-start=\"0\" data-end=\"66\">Wci\u0105garka elektryczna 8.500 lbs 150:1 Wci\u0105garka Grizzly z lin\u0105 stalow\u0105<\/strong><\/p>\n<p><strong data-start=\"0\" data-end=\"20\" data-is-only-node=\"\">Uci\u0105g:<\/strong> 8500 funt\u00f3w [3855 kg]<br data-start=\"39\" data-end=\"42\"><strong data-start=\"42\" data-end=\"52\">Kabel:<\/strong> Stalowy, 18 m x \u00d8 8 mm<br data-start=\"73\" data-end=\"76\"><strong data-start=\"76\" data-end=\"95\">Modu\u0142 steruj\u0105cy:<\/strong> Pozycja sta\u0142a [centralna]<br data-start=\"120\" data-end=\"123\"><strong data-start=\"123\" data-end=\"133\">Silnik:<\/strong> 5,2 KM [3,9 kW]<br data-start=\"149\" data-end=\"152\"><strong data-start=\"152\" data-end=\"164\">Napi\u0119cie:<\/strong> 12 V<br data-start=\"168\" data-end=\"171\"><strong data-start=\"171\" data-end=\"187\">System przek\u0142adni:<\/strong> Trzystopniowa przek\u0142adnia planetarna<br data-start=\"209\" data-end=\"212\"><strong data-start=\"212\" data-end=\"227\">Prze\u0142o\u017cenie:<\/strong> 150:1<br data-start=\"233\" data-end=\"236\"><strong data-start=\"236\" data-end=\"247\">Sprz\u0119g\u0142o:<\/strong> R\u0119czne w\u0142\u0105czanie\/wy\u0142\u0105czanie<br data-start=\"271\" data-end=\"274\"><strong data-start=\"274\" data-end=\"284\">Hamulec:<\/strong> Automatyczny<br data-start=\"294\" data-end=\"297\"><strong data-start=\"297\" data-end=\"310\">P\u0119tla:<\/strong> Aluminiowy hawse<br data-start=\"325\" data-end=\"328\"><strong data-start=\"328\" data-end=\"347\">Pilot zdalnego sterowania:<\/strong> Przewodowy i bezprzewodowy<br data-start=\"366\" data-end=\"369\"><strong data-start=\"369\" data-end=\"390\">Wymiary wyci\u0105garki:<\/strong> 435 mm x 162 mm x 185 mm<br data-start=\"415\" data-end=\"418\"><strong data-start=\"418\" data-end=\"435\">Waga wyci\u0105garki:<\/strong> 29 kg<br data-start=\"441\" data-end=\"444\"><strong data-start=\"444\" data-end=\"470\">Rozstaw \u015brub monta\u017cowych:<\/strong> 165 mm x 114,3 mm<br data-start=\"488\" data-end=\"491\"><strong data-start=\"491\" data-end=\"514\">Maksymalne obci\u0105\u017cenie kabla:<\/strong> 3630 kg<\/p>\n","protected":false},"excerpt":{"rendered":"<p><strong data-start=\"0\" data-end=\"66\">Wci\u0105garka elektryczna 8.500 lbs 150:1 Wci\u0105garka Grizzly z lin\u0105 stalow\u0105<\/strong><\/p>\n","protected":false},"featured_media":34071,"comment_status":"open","ping_status":"closed","template":"","meta":[],"product_brand":[1308],"product_cat":[4710],"product_tag":[4712,4757,4599,4600,4601],"class_list":{"0":"post-41499","1":"product","2":"type-product","3":"status-publish","4":"has-post-thumbnail","6":"product_brand-grizzly-winch","7":"product_cat-wciagarki-elektryczne","8":"product_tag-4712","9":"product_tag-8-500-funtow","10":"product_tag-electric-winch","11":"product_tag-grizzly-winch","12":"product_tag-steel-cable","13":"product_shipping_class-alte-produse","15":"first","16":"instock","17":"taxable","18":"shipping-taxable","19":"purchasable","20":"product-type-simple"},"_links":{"self":[{"href":"https:\/\/ofm4x4.com\/pl\/wp-json\/wp\/v2\/product\/41499","targetHints":{"allow":["GET"]}}],"collection":[{"href":"https:\/\/ofm4x4.com\/pl\/wp-json\/wp\/v2\/product"}],"about":[{"href":"https:\/\/ofm4x4.com\/pl\/wp-json\/wp\/v2\/types\/product"}],"replies":[{"embeddable":true,"href":"https:\/\/ofm4x4.com\/pl\/wp-json\/wp\/v2\/comments?post=41499"}],"version-history":[{"count":1,"href":"https:\/\/ofm4x4.com\/pl\/wp-json\/wp\/v2\/product\/41499\/revisions"}],"predecessor-version":[{"id":41540,"href":"https:\/\/ofm4x4.com\/pl\/wp-json\/wp\/v2\/product\/41499\/revisions\/41540"}],"wp:featuredmedia":[{"embeddable":true,"href":"https:\/\/ofm4x4.com\/pl\/wp-json\/wp\/v2\/media\/34071"}],"wp:attachment":[{"href":"https:\/\/ofm4x4.com\/pl\/wp-json\/wp\/v2\/media?parent=41499"}],"wp:term":[{"taxonomy":"product_brand","embeddable":true,"href":"https:\/\/ofm4x4.com\/pl\/wp-json\/wp\/v2\/product_brand?post=41499"},{"taxonomy":"product_cat","embeddable":true,"href":"https:\/\/ofm4x4.com\/pl\/wp-json\/wp\/v2\/product_cat?post=41499"},{"taxonomy":"product_tag","embeddable":true,"href":"https:\/\/ofm4x4.com\/pl\/wp-json\/wp\/v2\/product_tag?post=41499"}],"curies":[{"name":"wp","href":"https:\/\/api.w.org\/{rel}","templated":true}]}}