{"id":41619,"date":"2022-08-24T09:08:35","date_gmt":"2022-08-24T09:08:35","guid":{"rendered":"https:\/\/ofm4x4.com\/shop\/bez-kategorii\/felga-stalowa-15x7-et-25-6x139-7-cb-110-z-blokada-do-nissan-patrol-mitsubishi-toyota\/"},"modified":"2025-09-24T09:34:18","modified_gmt":"2025-09-24T09:34:18","slug":"felga-stalowa-15x7-et-25-6x139-7-cb-110-z-blokada-do-nissan-patrol-mitsubishi-toyota","status":"publish","type":"product","link":"https:\/\/ofm4x4.com\/pl\/shop\/stalowe-felgi\/felga-stalowa-15x7-et-25-6x139-7-cb-110-z-blokada-do-nissan-patrol-mitsubishi-toyota\/","title":{"rendered":"Felga stalowa 15X7 ET -25 6&#215;139.7 CB 110 z blokad\u0105 do Nissan Patrol, Mitsubishi, Toyota"},"content":{"rendered":"<div id=\"\\\" ali-anchor-alimagic-6rxnu8=\"\" class=\"\\\" magic-0=\"\" data-section=\"\\\"AliMagic-6rxnu8\\\"\" data-section-title=\"\\\"Product\" data-spm-anchor-id=\"\\\"a2700.details.pronpeci14.i0.7ae070497Niwca\\\"\">\n<h3 data-start=\"0\" data-end=\"19\">Specyfikacje:<\/h3>\n<ul data-start=\"21\" data-end=\"197\">\n<li data-start=\"21\" data-end=\"42\"><strong data-start=\"23\" data-end=\"36\">\u015arednica:<\/strong> R15<\/li>\n<li data-start=\"43\" data-end=\"60\"><strong data-start=\"45\" data-end=\"55\">Szeroko\u015b\u0107:<\/strong> 7J<\/li>\n<li data-start=\"61\" data-end=\"85\"><strong data-start=\"63\" data-end=\"79\">ET (Offset):<\/strong> -25<\/li>\n<li data-start=\"86\" data-end=\"123\"><strong data-start=\"88\" data-end=\"111\">PCD (Bolt Pattern):<\/strong> 6 x 139.7<\/li>\n<li data-start=\"124\" data-end=\"144\"><strong data-start=\"126\" data-end=\"136\">Kolor:<\/strong> czarny<\/li>\n<li data-start=\"145\" data-end=\"174\"><strong data-start=\"147\" data-end=\"168\">CB (Center Bore):<\/strong> 110<\/li>\n<li data-start=\"175\" data-end=\"197\"><strong data-start=\"177\" data-end=\"187\">Model:<\/strong> OFMBD23<\/li>\n<\/ul>\n<p data-start=\"199\" data-end=\"354\">\u26a0\ufe0f Ko\u0142a te <strong data-start=\"219\" data-end=\"235\">nie s\u0105 zatwierdzone<\/strong> do u\u017cytku na drogach publicznych i <strong data-start=\"264\" data-end=\"297\">nie posiadaj\u0105 certyfikatu RAR<\/strong>.<br data-start=\"298\" data-end=\"301\">S\u0105 one przeznaczone wy\u0142\u0105cznie do <strong data-start=\"335\" data-end=\"351\">u\u017cytku w terenie<\/strong>.<\/p>\n<ul data-start=\"356\" data-end=\"772\" data-is-last-node=\"\" data-is-only-node=\"\">\n<li data-start=\"356\" data-end=\"489\"><strong data-start=\"358\" data-end=\"407\">Stalowe obr\u0119cze k\u00f3\u0142 z tr\u00f3jk\u0105tnymi wyci\u0119ciami<\/strong>, o \u015brednicy 15 cali i szeroko\u015bci 7 cali, przeznaczone do pojazd\u00f3w terenowych.<\/li>\n<li data-start=\"490\" data-end=\"578\">Produkt jest <strong data-start=\"507\" data-end=\"545\">malowany elektrostatycznie na czarno<\/strong>, co zwi\u0119ksza odporno\u015b\u0107 na zarysowania.<\/li>\n<li data-start=\"579\" data-end=\"772\" data-is-last-node=\"\"><strong data-start=\"585\" data-end=\"617\">Stopka ma ujemny bark<\/strong>, dzi\u0119ki czemu ko\u0142o jest bardziej wysuni\u0119te na zewn\u0105trz wzgl\u0119dem piasty, co poprawia stabilno\u015b\u0107 pojazdu i zapewnia wi\u0119kszy prze\u015bwit dla <strong data-start=\"743\" data-end=\"771\">ponadwymiarowych opon terenowych<\/strong>.<\/li>\n<\/ul>\n<\/div>\n","protected":false},"excerpt":{"rendered":"<p data-start=\"0\" data-end=\"96\"><strong data-start=\"0\" data-end=\"94\">Felga stalowa 15X7 ET -25 6X139.7 CB 110 z blokad\u0105 do Nissan Patrol, Mitsubishi, Toyota<\/strong><\/p>\n<p data-start=\"98\" data-end=\"199\">\u26a0\ufe0f Ko\u0142a te <strong data-start=\"118\" data-end=\"134\">nie s\u0105 zatwierdzone<\/strong> do u\u017cytku na drogach publicznych i <strong data-start=\"163\" data-end=\"196\">nie posiadaj\u0105 certyfikatu RAR<\/strong>.<\/p>\n<p data-start=\"201\" data-end=\"252\" data-is-last-node=\"\" data-is-only-node=\"\">S\u0105 one przeznaczone wy\u0142\u0105cznie do <strong data-start=\"235\" data-end=\"251\">u\u017cytku w terenie<\/strong>.<\/p>\n","protected":false},"featured_media":41647,"comment_status":"open","ping_status":"closed","template":"","meta":[],"product_brand":[1279],"product_cat":[4627],"product_tag":[4759,4760,4630],"class_list":{"0":"post-41619","1":"product","2":"type-product","3":"status-publish","4":"has-post-thumbnail","6":"product_brand-ofm4x4","7":"product_cat-stalowe-felgi","8":"product_tag-15x7","9":"product_tag-et-25-6x139-7-cb-110","10":"product_tag-steel-wheel","11":"product_shipping_class-alte-produse","13":"first","14":"instock","15":"taxable","16":"shipping-taxable","17":"purchasable","18":"product-type-simple"},"_links":{"self":[{"href":"https:\/\/ofm4x4.com\/pl\/wp-json\/wp\/v2\/product\/41619","targetHints":{"allow":["GET"]}}],"collection":[{"href":"https:\/\/ofm4x4.com\/pl\/wp-json\/wp\/v2\/product"}],"about":[{"href":"https:\/\/ofm4x4.com\/pl\/wp-json\/wp\/v2\/types\/product"}],"replies":[{"embeddable":true,"href":"https:\/\/ofm4x4.com\/pl\/wp-json\/wp\/v2\/comments?post=41619"}],"version-history":[{"count":1,"href":"https:\/\/ofm4x4.com\/pl\/wp-json\/wp\/v2\/product\/41619\/revisions"}],"predecessor-version":[{"id":41648,"href":"https:\/\/ofm4x4.com\/pl\/wp-json\/wp\/v2\/product\/41619\/revisions\/41648"}],"wp:featuredmedia":[{"embeddable":true,"href":"https:\/\/ofm4x4.com\/pl\/wp-json\/wp\/v2\/media\/41647"}],"wp:attachment":[{"href":"https:\/\/ofm4x4.com\/pl\/wp-json\/wp\/v2\/media?parent=41619"}],"wp:term":[{"taxonomy":"product_brand","embeddable":true,"href":"https:\/\/ofm4x4.com\/pl\/wp-json\/wp\/v2\/product_brand?post=41619"},{"taxonomy":"product_cat","embeddable":true,"href":"https:\/\/ofm4x4.com\/pl\/wp-json\/wp\/v2\/product_cat?post=41619"},{"taxonomy":"product_tag","embeddable":true,"href":"https:\/\/ofm4x4.com\/pl\/wp-json\/wp\/v2\/product_tag?post=41619"}],"curies":[{"name":"wp","href":"https:\/\/api.w.org\/{rel}","templated":true}]}}