{"id":41649,"date":"2020-10-30T09:55:58","date_gmt":"2020-10-30T09:55:58","guid":{"rendered":"https:\/\/ofm4x4.com\/shop\/bez-kategorii\/ofm099-kolnierze-dystansowe-30mm-6x139-7-m12x1-5mm-do-mitsubishi-toyota-opel-hyundai\/"},"modified":"2025-09-24T09:34:19","modified_gmt":"2025-09-24T09:34:19","slug":"ofm099-kolnierze-dystansowe-30mm-6x139-7-m12x1-5mm-do-mitsubishi-toyota-opel-hyundai","status":"publish","type":"product","link":"https:\/\/ofm4x4.com\/pl\/shop\/dystanse-do-kol\/ofm099-kolnierze-dystansowe-30mm-6x139-7-m12x1-5mm-do-mitsubishi-toyota-opel-hyundai\/","title":{"rendered":"OFM099 Ko\u0142nierze dystansowe 30mm 6&#215;139.7 M12x1.5mm do Mitsubishi, Toyota, Opel, Hyundai"},"content":{"rendered":"<p data-start=\"0\" data-end=\"209\">Ko\u0142nierze dystansowe k\u00f3\u0142 s\u0105 wykonane ze specjalnego duraluminium i spe\u0142niaj\u0105 niezb\u0119dne wymogi jako\u015bci i bezpiecze\u0144stwa. Poprawiaj\u0105 stabilno\u015b\u0107 pojazdu po podniesieniu poprzez zamontowanie zawieszenia i wi\u0119kszych k\u00f3\u0142. <\/p>\n<ul>\n<li data-start=\"211\" data-end=\"335\">Pier\u015bcie\u0144 centruj\u0105cy: Nie<\/li>\n<li data-start=\"211\" data-end=\"335\">Grubo\u015b\u0107: 30 mm<\/li>\n<li data-start=\"211\" data-end=\"335\">Mocowanie: M12 x 1,5<\/li>\n<li data-start=\"211\" data-end=\"335\">PCD: 6 x 139,7<\/li>\n<li data-start=\"211\" data-end=\"335\">Materia\u0142: Aluminium<\/li>\n<li data-start=\"211\" data-end=\"335\">CB: 110<\/li>\n<li data-start=\"211\" data-end=\"335\">Model: OFM099<\/li>\n<\/ul>\n<p data-start=\"337\" data-end=\"435\">Kompatybilny z: Mitsubishi Pajero MK1, Mitsubishi Pajero MK2, Mitsubishi L200, Toyota, Galloper<\/p>\n<p data-start=\"437\" data-end=\"548\">Mitsubishi Pajero MK3 (CB: 67.1) &#8211; wymaga pier\u015bcienia centruj\u0105cego<br data-start=\"497\" data-end=\"500\">Frontera (CB: 100) &#8211; wymaga pier\u015bcienia centruj\u0105cego<\/p>\n<p data-start=\"550\" data-end=\"573\" data-is-last-node=\"\" data-is-only-node=\"\">Cena dotyczy jednej sztuki.<\/p>\n","protected":false},"excerpt":{"rendered":"<p>Dystanse k\u00f3\u0142 30mm 6&#215;139.7 M12x1.5mm dla Mitsubishi, Toyota, Opel, Hyundai<\/p>\n","protected":false},"featured_media":41662,"comment_status":"open","ping_status":"closed","template":"","meta":[],"product_brand":[1279],"product_cat":[4612],"product_tag":[4763,4704,4669,4702,4703,4699,4700,4701],"class_list":{"0":"post-41649","1":"product","2":"type-product","3":"status-publish","4":"has-post-thumbnail","6":"product_brand-ofm4x4","7":"product_cat-dystanse-do-kol","8":"product_tag-30mm","9":"product_tag-6x139-7","10":"product_tag-dystanse-kol","11":"product_tag-hyundai","12":"product_tag-m12x1-5mm","13":"product_tag-mitsubishi","14":"product_tag-opel","15":"product_tag-toyota","16":"product_shipping_class-produse-usoare-set","18":"first","19":"outofstock","20":"taxable","21":"shipping-taxable","22":"purchasable","23":"product-type-simple"},"_links":{"self":[{"href":"https:\/\/ofm4x4.com\/pl\/wp-json\/wp\/v2\/product\/41649","targetHints":{"allow":["GET"]}}],"collection":[{"href":"https:\/\/ofm4x4.com\/pl\/wp-json\/wp\/v2\/product"}],"about":[{"href":"https:\/\/ofm4x4.com\/pl\/wp-json\/wp\/v2\/types\/product"}],"replies":[{"embeddable":true,"href":"https:\/\/ofm4x4.com\/pl\/wp-json\/wp\/v2\/comments?post=41649"}],"version-history":[{"count":1,"href":"https:\/\/ofm4x4.com\/pl\/wp-json\/wp\/v2\/product\/41649\/revisions"}],"predecessor-version":[{"id":41663,"href":"https:\/\/ofm4x4.com\/pl\/wp-json\/wp\/v2\/product\/41649\/revisions\/41663"}],"wp:featuredmedia":[{"embeddable":true,"href":"https:\/\/ofm4x4.com\/pl\/wp-json\/wp\/v2\/media\/41662"}],"wp:attachment":[{"href":"https:\/\/ofm4x4.com\/pl\/wp-json\/wp\/v2\/media?parent=41649"}],"wp:term":[{"taxonomy":"product_brand","embeddable":true,"href":"https:\/\/ofm4x4.com\/pl\/wp-json\/wp\/v2\/product_brand?post=41649"},{"taxonomy":"product_cat","embeddable":true,"href":"https:\/\/ofm4x4.com\/pl\/wp-json\/wp\/v2\/product_cat?post=41649"},{"taxonomy":"product_tag","embeddable":true,"href":"https:\/\/ofm4x4.com\/pl\/wp-json\/wp\/v2\/product_tag?post=41649"}],"curies":[{"name":"wp","href":"https:\/\/api.w.org\/{rel}","templated":true}]}}