{"id":41650,"date":"2021-02-18T11:08:36","date_gmt":"2021-02-18T11:08:36","guid":{"rendered":"https:\/\/ofm4x4.com\/shop\/bez-kategorii\/ofm4x4-tasma-do-ochrony-drzew-75-cm-x-15-m-12t\/"},"modified":"2025-09-24T09:34:19","modified_gmt":"2025-09-24T09:34:19","slug":"ofm4x4-tasma-do-ochrony-drzew-75-cm-x-15-m-12t","status":"publish","type":"product","link":"https:\/\/ofm4x4.com\/pl\/shop\/odzyskiwanie\/ofm4x4-tasma-do-ochrony-drzew-75-cm-x-15-m-12t\/","title":{"rendered":"OFM4X4 Ta\u015bma do ochrony drzew 7,5 cm x 1,5 m 12T"},"content":{"rendered":"<p><strong>OFM4X4<\/strong> Ta\u015bma do ochrony drzew 7,5 cm x 1,5 m 12T<\/p>\n<ul>\n<li>Kolor: niebieski<\/li>\n<li>D\u0142ugo\u015b\u0107: 1,5 m<\/li>\n<li>Szeroko\u015b\u0107: 7,5 cm<\/li>\n<li>Maksymalne obci\u0105\u017cenie: 12 ton<\/li>\n<\/ul>\n","protected":false},"excerpt":{"rendered":"<p>OFM4X4 Ta\u015bma do ochrony drzew 7,5 cm x 1,5 m 12T<\/p>\n","protected":false},"featured_media":41664,"comment_status":"open","ping_status":"closed","template":"","meta":[],"product_brand":[1279],"product_cat":[4674],"product_tag":[4769,4770,4768,4675,4767],"class_list":{"0":"post-41650","1":"product","2":"type-product","3":"status-publish","4":"has-post-thumbnail","6":"product_brand-ofm4x4","7":"product_cat-odzyskiwanie","8":"product_tag-1-5m","9":"product_tag-12t","10":"product_tag-7-5cm","11":"product_tag-ofm4x4","12":"product_tag-pasek-do-oszczedzania-drzewa","13":"product_shipping_class-alte-produse","15":"first","16":"instock","17":"taxable","18":"shipping-taxable","19":"purchasable","20":"product-type-simple"},"_links":{"self":[{"href":"https:\/\/ofm4x4.com\/pl\/wp-json\/wp\/v2\/product\/41650","targetHints":{"allow":["GET"]}}],"collection":[{"href":"https:\/\/ofm4x4.com\/pl\/wp-json\/wp\/v2\/product"}],"about":[{"href":"https:\/\/ofm4x4.com\/pl\/wp-json\/wp\/v2\/types\/product"}],"replies":[{"embeddable":true,"href":"https:\/\/ofm4x4.com\/pl\/wp-json\/wp\/v2\/comments?post=41650"}],"version-history":[{"count":1,"href":"https:\/\/ofm4x4.com\/pl\/wp-json\/wp\/v2\/product\/41650\/revisions"}],"predecessor-version":[{"id":41669,"href":"https:\/\/ofm4x4.com\/pl\/wp-json\/wp\/v2\/product\/41650\/revisions\/41669"}],"wp:featuredmedia":[{"embeddable":true,"href":"https:\/\/ofm4x4.com\/pl\/wp-json\/wp\/v2\/media\/41664"}],"wp:attachment":[{"href":"https:\/\/ofm4x4.com\/pl\/wp-json\/wp\/v2\/media?parent=41650"}],"wp:term":[{"taxonomy":"product_brand","embeddable":true,"href":"https:\/\/ofm4x4.com\/pl\/wp-json\/wp\/v2\/product_brand?post=41650"},{"taxonomy":"product_cat","embeddable":true,"href":"https:\/\/ofm4x4.com\/pl\/wp-json\/wp\/v2\/product_cat?post=41650"},{"taxonomy":"product_tag","embeddable":true,"href":"https:\/\/ofm4x4.com\/pl\/wp-json\/wp\/v2\/product_tag?post=41650"}],"curies":[{"name":"wp","href":"https:\/\/api.w.org\/{rel}","templated":true}]}}