{"id":41690,"date":"2020-10-30T09:51:25","date_gmt":"2020-10-30T09:51:25","guid":{"rendered":"https:\/\/ofm4x4.com\/shop\/bez-kategorii\/ofm096-kolnierze-dystansowe-30mm-5x120-m14x1-5-cb70-1-z-pierscieniem-centrujacym-do-land-rover-disco-2-range-rover\/"},"modified":"2025-09-24T09:34:23","modified_gmt":"2025-09-24T09:34:23","slug":"ofm096-kolnierze-dystansowe-30mm-5x120-m14x1-5-cb70-1-z-pierscieniem-centrujacym-do-land-rover-disco-2-range-rover","status":"publish","type":"product","link":"https:\/\/ofm4x4.com\/pl\/shop\/dystanse-do-kol\/ofm096-kolnierze-dystansowe-30mm-5x120-m14x1-5-cb70-1-z-pierscieniem-centrujacym-do-land-rover-disco-2-range-rover\/","title":{"rendered":"OFM096 Ko\u0142nierze dystansowe 30mm 5&#215;120 M14x1.5 CB70.1 z pier\u015bcieniem centruj\u0105cym do Land Rover, Disco 2, Range Rover"},"content":{"rendered":"<p data-start=\"0\" data-end=\"209\">Ko\u0142nierze dystansowe k\u00f3\u0142 s\u0105 wykonane ze specjalnego duraluminium i spe\u0142niaj\u0105 niezb\u0119dne wymogi jako\u015bci i bezpiecze\u0144stwa. Poprawiaj\u0105 stabilno\u015b\u0107 pojazdu po podniesieniu poprzez zamontowanie zawieszenia i wi\u0119kszych k\u00f3\u0142. <\/p>\n<ul>\n<li data-start=\"211\" data-end=\"335\">Pier\u015bcie\u0144 centruj\u0105cy: Tak<\/li>\n<li data-start=\"211\" data-end=\"335\">Grubo\u015b\u0107: 30 mm<\/li>\n<li data-start=\"211\" data-end=\"335\">Mocowanie: M14 x 1,5<\/li>\n<li data-start=\"211\" data-end=\"335\">PCD: 5 x 120<\/li>\n<li data-start=\"211\" data-end=\"335\">Materia\u0142: Aluminium<\/li>\n<li data-start=\"211\" data-end=\"335\">CB: 70,1<\/li>\n<li data-start=\"211\" data-end=\"335\">Model: OFM096<\/li>\n<\/ul>\n<p data-start=\"337\" data-end=\"369\" data-is-last-node=\"\" data-is-only-node=\"\">Cena dotyczy pojedynczej sztuki!<\/p>\n","protected":false},"excerpt":{"rendered":"<p>Dystanse k\u00f3\u0142 30mm 5&#215;120 M14x1.5 CB70.1 z pier\u015bcieniem centruj\u0105cym do Land Rover, Disco II, Range Rover<\/p>\n<p>&nbsp;<\/p>\n<p>&nbsp;<\/p>\n","protected":false},"featured_media":41714,"comment_status":"open","ping_status":"closed","template":"","meta":[],"product_brand":[1279],"product_cat":[4612],"product_tag":[4763,4781,4783,4614,4776,4669,4780,4782,4778],"class_list":{"0":"post-41690","1":"product","2":"type-product","3":"status-publish","4":"has-post-thumbnail","6":"product_brand-ofm4x4","7":"product_cat-dystanse-do-kol","8":"product_tag-30mm","9":"product_tag-5x120","10":"product_tag-cb70-1","11":"product_tag-centering-ring","12":"product_tag-disco-ii","13":"product_tag-dystanse-kol","14":"product_tag-land-rover","15":"product_tag-m14x1-5","16":"product_tag-range-rover","17":"product_shipping_class-produse-usoare-set","19":"first","20":"instock","21":"taxable","22":"shipping-taxable","23":"purchasable","24":"product-type-simple"},"_links":{"self":[{"href":"https:\/\/ofm4x4.com\/pl\/wp-json\/wp\/v2\/product\/41690","targetHints":{"allow":["GET"]}}],"collection":[{"href":"https:\/\/ofm4x4.com\/pl\/wp-json\/wp\/v2\/product"}],"about":[{"href":"https:\/\/ofm4x4.com\/pl\/wp-json\/wp\/v2\/types\/product"}],"replies":[{"embeddable":true,"href":"https:\/\/ofm4x4.com\/pl\/wp-json\/wp\/v2\/comments?post=41690"}],"version-history":[{"count":1,"href":"https:\/\/ofm4x4.com\/pl\/wp-json\/wp\/v2\/product\/41690\/revisions"}],"predecessor-version":[{"id":41715,"href":"https:\/\/ofm4x4.com\/pl\/wp-json\/wp\/v2\/product\/41690\/revisions\/41715"}],"wp:featuredmedia":[{"embeddable":true,"href":"https:\/\/ofm4x4.com\/pl\/wp-json\/wp\/v2\/media\/41714"}],"wp:attachment":[{"href":"https:\/\/ofm4x4.com\/pl\/wp-json\/wp\/v2\/media?parent=41690"}],"wp:term":[{"taxonomy":"product_brand","embeddable":true,"href":"https:\/\/ofm4x4.com\/pl\/wp-json\/wp\/v2\/product_brand?post=41690"},{"taxonomy":"product_cat","embeddable":true,"href":"https:\/\/ofm4x4.com\/pl\/wp-json\/wp\/v2\/product_cat?post=41690"},{"taxonomy":"product_tag","embeddable":true,"href":"https:\/\/ofm4x4.com\/pl\/wp-json\/wp\/v2\/product_tag?post=41690"}],"curies":[{"name":"wp","href":"https:\/\/api.w.org\/{rel}","templated":true}]}}