{"id":41691,"date":"2020-10-30T09:55:58","date_gmt":"2020-10-30T09:55:58","guid":{"rendered":"https:\/\/ofm4x4.com\/shop\/bez-kategorii\/ofm098-kolnierze-dystansowe-30mm-5x127-m12x1-5mm-cb71-6-do-jeepa\/"},"modified":"2025-09-24T09:34:22","modified_gmt":"2025-09-24T09:34:22","slug":"ofm098-kolnierze-dystansowe-30mm-5x127-m12x1-5mm-cb71-6-do-jeepa","status":"publish","type":"product","link":"https:\/\/ofm4x4.com\/pl\/shop\/dystanse-do-kol\/ofm098-kolnierze-dystansowe-30mm-5x127-m12x1-5mm-cb71-6-do-jeepa\/","title":{"rendered":"OFM098 Ko\u0142nierze dystansowe 30mm 5&#215;127 M12x1.5mm CB71.6 do Jeepa"},"content":{"rendered":"<p data-start=\"0\" data-end=\"209\">Ko\u0142nierze dystansowe k\u00f3\u0142 s\u0105 wykonane ze specjalnego duraluminium i spe\u0142niaj\u0105 niezb\u0119dne wymogi jako\u015bci i bezpiecze\u0144stwa. Poprawiaj\u0105 stabilno\u015b\u0107 pojazdu po podniesieniu poprzez zamontowanie zawieszenia i wi\u0119kszych k\u00f3\u0142. <\/p>\n<ul>\n<li data-start=\"211\" data-end=\"330\">Pier\u015bcie\u0144 centruj\u0105cy: Nie<\/li>\n<li data-start=\"211\" data-end=\"330\">Grubo\u015b\u0107: 30 mm<\/li>\n<li data-start=\"211\" data-end=\"330\">Mocowanie: M 1\/2<\/li>\n<li data-start=\"211\" data-end=\"330\">PCD: 5 x 127<\/li>\n<li data-start=\"211\" data-end=\"330\">Materia\u0142: Aluminium<\/li>\n<li data-start=\"211\" data-end=\"330\">CB: 71,6<\/li>\n<li data-start=\"211\" data-end=\"330\">Model: OFM098<\/li>\n<\/ul>\n<p data-start=\"332\" data-end=\"391\">Kompatybilny z: Jeep Wrangler, Grand Cherokee, Commander<\/p>\n<p data-start=\"393\" data-end=\"425\" data-is-last-node=\"\" data-is-only-node=\"\">Cena dotyczy pojedynczej sztuki!<\/p>\n","protected":false},"excerpt":{"rendered":"<p>Dystanse k\u00f3\u0142 30mm 5&#215;127 M1\/2 CB 71.6 do Jeepa<\/p>\n","protected":false},"featured_media":41695,"comment_status":"open","ping_status":"closed","template":"","meta":[],"product_brand":[1279],"product_cat":[4612],"product_tag":[4763,4774,4779,4669,4590,4777],"class_list":{"0":"post-41691","1":"product","2":"type-product","3":"status-publish","4":"has-post-thumbnail","6":"product_brand-ofm4x4","7":"product_cat-dystanse-do-kol","8":"product_tag-30mm","9":"product_tag-5x127","10":"product_tag-cb-71-6","11":"product_tag-dystanse-kol","12":"product_tag-jeep","13":"product_tag-m1-2","14":"product_shipping_class-produse-usoare-set","16":"first","17":"instock","18":"taxable","19":"shipping-taxable","20":"purchasable","21":"product-type-simple"},"_links":{"self":[{"href":"https:\/\/ofm4x4.com\/pl\/wp-json\/wp\/v2\/product\/41691","targetHints":{"allow":["GET"]}}],"collection":[{"href":"https:\/\/ofm4x4.com\/pl\/wp-json\/wp\/v2\/product"}],"about":[{"href":"https:\/\/ofm4x4.com\/pl\/wp-json\/wp\/v2\/types\/product"}],"replies":[{"embeddable":true,"href":"https:\/\/ofm4x4.com\/pl\/wp-json\/wp\/v2\/comments?post=41691"}],"version-history":[{"count":1,"href":"https:\/\/ofm4x4.com\/pl\/wp-json\/wp\/v2\/product\/41691\/revisions"}],"predecessor-version":[{"id":41700,"href":"https:\/\/ofm4x4.com\/pl\/wp-json\/wp\/v2\/product\/41691\/revisions\/41700"}],"wp:featuredmedia":[{"embeddable":true,"href":"https:\/\/ofm4x4.com\/pl\/wp-json\/wp\/v2\/media\/41695"}],"wp:attachment":[{"href":"https:\/\/ofm4x4.com\/pl\/wp-json\/wp\/v2\/media?parent=41691"}],"wp:term":[{"taxonomy":"product_brand","embeddable":true,"href":"https:\/\/ofm4x4.com\/pl\/wp-json\/wp\/v2\/product_brand?post=41691"},{"taxonomy":"product_cat","embeddable":true,"href":"https:\/\/ofm4x4.com\/pl\/wp-json\/wp\/v2\/product_cat?post=41691"},{"taxonomy":"product_tag","embeddable":true,"href":"https:\/\/ofm4x4.com\/pl\/wp-json\/wp\/v2\/product_tag?post=41691"}],"curies":[{"name":"wp","href":"https:\/\/api.w.org\/{rel}","templated":true}]}}