{"id":41716,"date":"2020-10-30T09:40:00","date_gmt":"2020-10-30T09:40:00","guid":{"rendered":"https:\/\/ofm4x4.com\/shop\/bez-kategorii\/ofm100-kolnierze-dystansowe-30mm-5x139-7-m12x1-25mm-do-suzuki-lada-niva\/"},"modified":"2025-09-24T09:34:31","modified_gmt":"2025-09-24T09:34:31","slug":"ofm100-kolnierze-dystansowe-30mm-5x139-7-m12x1-25mm-do-suzuki-lada-niva","status":"publish","type":"product","link":"https:\/\/ofm4x4.com\/pl\/shop\/dystanse-do-kol\/ofm100-kolnierze-dystansowe-30mm-5x139-7-m12x1-25mm-do-suzuki-lada-niva\/","title":{"rendered":"OFM100 Ko\u0142nierze dystansowe 30mm 5&#215;139.7 M12x1.25mm do Suzuki, Lada Niva"},"content":{"rendered":"<p data-start=\"0\" data-end=\"209\">Ko\u0142nierze dystansowe k\u00f3\u0142 s\u0105 wykonane ze specjalnego duraluminium i spe\u0142niaj\u0105 niezb\u0119dne wymogi jako\u015bci i bezpiecze\u0144stwa. Poprawiaj\u0105 stabilno\u015b\u0107 pojazdu po podniesieniu poprzez zamontowanie zawieszenia i wi\u0119kszych k\u00f3\u0142. <\/p>\n<ul>\n<li data-start=\"211\" data-end=\"338\">Pier\u015bcie\u0144 centruj\u0105cy: Nie<\/li>\n<li data-start=\"211\" data-end=\"338\">Grubo\u015b\u0107: 30 mm<\/li>\n<li data-start=\"211\" data-end=\"338\">Mocowanie: M12 x 1,25<\/li>\n<li data-start=\"211\" data-end=\"338\">PCD: 5 x 139,7<\/li>\n<li data-start=\"211\" data-end=\"338\">Materia\u0142: Aluminium<\/li>\n<li data-start=\"211\" data-end=\"338\">CB: 108.1<\/li>\n<li data-start=\"211\" data-end=\"338\">Model: OFM100<\/li>\n<\/ul>\n<p data-start=\"340\" data-end=\"460\">\u015arednica wewn\u0119trzna: 108 mm<br data-start=\"362\" data-end=\"365\">\u015arednica zewn\u0119trzna: 139,7 mm<br data-start=\"389\" data-end=\"392\">D\u0142ugo\u015b\u0107 \u015bruby: 40 mm<br data-start=\"410\" data-end=\"413\">Grubo\u015b\u0107 ko\u0142nierza: 30 mm<br data-start=\"436\" data-end=\"439\">Skok \u015bruby: 1,25 mm<\/p>\n<p data-start=\"462\" data-end=\"609\" data-is-last-node=\"\" data-is-only-node=\"\">Kompatybilny z: Suzuki Vitara, Grand Vitara 1, Suzuki Samurai, Suzuki Jimny, Suzuki SJ, Suzuki X90, Lada Niva (CB: 98,5 &#8211; wymaga pier\u015bcienia centruj\u0105cego)<\/p>\n","protected":false},"excerpt":{"rendered":"<p>Dystanse k\u00f3\u0142 30mm 5&#215;139.7 M12x1.25mm do Suzuki, Lada Niva<\/p>\n","protected":false},"featured_media":41727,"comment_status":"open","ping_status":"closed","template":"","meta":[],"product_brand":[1279],"product_cat":[4612],"product_tag":[4763,4672,4669,4667,4670,4668],"class_list":{"0":"post-41716","1":"product","2":"type-product","3":"status-publish","4":"has-post-thumbnail","6":"product_brand-ofm4x4","7":"product_cat-dystanse-do-kol","8":"product_tag-30mm","9":"product_tag-5x139-7","10":"product_tag-dystanse-kol","11":"product_tag-lada-niva","12":"product_tag-m12x1-25mm","13":"product_tag-suzuki","14":"product_shipping_class-produse-usoare-set","16":"first","17":"outofstock","18":"taxable","19":"shipping-taxable","20":"purchasable","21":"product-type-simple"},"_links":{"self":[{"href":"https:\/\/ofm4x4.com\/pl\/wp-json\/wp\/v2\/product\/41716","targetHints":{"allow":["GET"]}}],"collection":[{"href":"https:\/\/ofm4x4.com\/pl\/wp-json\/wp\/v2\/product"}],"about":[{"href":"https:\/\/ofm4x4.com\/pl\/wp-json\/wp\/v2\/types\/product"}],"replies":[{"embeddable":true,"href":"https:\/\/ofm4x4.com\/pl\/wp-json\/wp\/v2\/comments?post=41716"}],"version-history":[{"count":1,"href":"https:\/\/ofm4x4.com\/pl\/wp-json\/wp\/v2\/product\/41716\/revisions"}],"predecessor-version":[{"id":41735,"href":"https:\/\/ofm4x4.com\/pl\/wp-json\/wp\/v2\/product\/41716\/revisions\/41735"}],"wp:featuredmedia":[{"embeddable":true,"href":"https:\/\/ofm4x4.com\/pl\/wp-json\/wp\/v2\/media\/41727"}],"wp:attachment":[{"href":"https:\/\/ofm4x4.com\/pl\/wp-json\/wp\/v2\/media?parent=41716"}],"wp:term":[{"taxonomy":"product_brand","embeddable":true,"href":"https:\/\/ofm4x4.com\/pl\/wp-json\/wp\/v2\/product_brand?post=41716"},{"taxonomy":"product_cat","embeddable":true,"href":"https:\/\/ofm4x4.com\/pl\/wp-json\/wp\/v2\/product_cat?post=41716"},{"taxonomy":"product_tag","embeddable":true,"href":"https:\/\/ofm4x4.com\/pl\/wp-json\/wp\/v2\/product_tag?post=41716"}],"curies":[{"name":"wp","href":"https:\/\/api.w.org\/{rel}","templated":true}]}}