{"id":41754,"date":"2020-10-30T09:40:00","date_gmt":"2020-10-30T09:40:00","guid":{"rendered":"https:\/\/ofm4x4.com\/shop\/bez-kategorii\/ofm097-kolnierze-dystansowe-30mm-5x114-3-m1-2-cb71-6-do-jeep-cherokee-grand-cherokee-zj-wrangler-yj-liberty-kj\/"},"modified":"2025-09-24T09:34:34","modified_gmt":"2025-09-24T09:34:34","slug":"ofm097-kolnierze-dystansowe-30mm-5x114-3-m1-2-cb71-6-do-jeep-cherokee-grand-cherokee-zj-wrangler-yj-liberty-kj","status":"publish","type":"product","link":"https:\/\/ofm4x4.com\/pl\/shop\/dystanse-do-kol\/ofm097-kolnierze-dystansowe-30mm-5x114-3-m1-2-cb71-6-do-jeep-cherokee-grand-cherokee-zj-wrangler-yj-liberty-kj\/","title":{"rendered":"OFM097 Ko\u0142nierze dystansowe 30mm 5&#215;114.3 M1\/2 CB71.6 do Jeep Cherokee, Grand Cherokee ZJ, Wrangler YJ, Liberty KJ"},"content":{"rendered":"<p data-start=\"0\" data-end=\"209\">Ko\u0142nierze dystansowe k\u00f3\u0142 s\u0105 wykonane ze specjalnego duraluminium i spe\u0142niaj\u0105 niezb\u0119dne wymogi jako\u015bci i bezpiecze\u0144stwa. Poprawiaj\u0105 stabilno\u015b\u0107 pojazdu po podniesieniu poprzez zamontowanie zawieszenia i wi\u0119kszych k\u00f3\u0142. <\/p>\n<ul>\n<li>Pier\u015bcie\u0144 centruj\u0105cy: Nie<\/li>\n<li>Grubo\u015b\u0107: 30 mm<\/li>\n<li>Mocowanie: M 1\/2<\/li>\n<li>PCD: 5 x 114,3<\/li>\n<li>Materia\u0142: Aluminium<\/li>\n<li>CB: 71,6<\/li>\n<li>Model: OFM097<\/li>\n<\/ul>\n<p data-start=\"334\" data-end=\"366\" data-is-last-node=\"\" data-is-only-node=\"\">Cena dotyczy pojedynczej sztuki!<\/p>\n","protected":false},"excerpt":{"rendered":"<p>Dystanse k\u00f3\u0142 30mm 5&#215;114.3 M1\/2 CB71.6 do Jeep Cherokee, Grand Cherokee ZJ, Wrangler YJ, Liberty KJ<\/p>\n","protected":false},"featured_media":41780,"comment_status":"open","ping_status":"closed","template":"","meta":[],"product_brand":[1279],"product_cat":[4612],"product_tag":[4763,4792,4793,4669,4789,4794,4790,4777,4791],"class_list":{"0":"post-41754","1":"product","2":"type-product","3":"status-publish","4":"has-post-thumbnail","6":"product_brand-ofm4x4","7":"product_cat-dystanse-do-kol","8":"product_tag-30mm","9":"product_tag-5x114-3","10":"product_tag-cb71-6","11":"product_tag-dystanse-kol","12":"product_tag-grand-cherokee-zj","13":"product_tag-jeep-cherokee","14":"product_tag-liberty-kj","15":"product_tag-m1-2","16":"product_tag-wrangler-yj","17":"product_shipping_class-produse-usoare-set","19":"first","20":"instock","21":"taxable","22":"shipping-taxable","23":"purchasable","24":"product-type-simple"},"_links":{"self":[{"href":"https:\/\/ofm4x4.com\/pl\/wp-json\/wp\/v2\/product\/41754","targetHints":{"allow":["GET"]}}],"collection":[{"href":"https:\/\/ofm4x4.com\/pl\/wp-json\/wp\/v2\/product"}],"about":[{"href":"https:\/\/ofm4x4.com\/pl\/wp-json\/wp\/v2\/types\/product"}],"replies":[{"embeddable":true,"href":"https:\/\/ofm4x4.com\/pl\/wp-json\/wp\/v2\/comments?post=41754"}],"version-history":[{"count":1,"href":"https:\/\/ofm4x4.com\/pl\/wp-json\/wp\/v2\/product\/41754\/revisions"}],"predecessor-version":[{"id":41782,"href":"https:\/\/ofm4x4.com\/pl\/wp-json\/wp\/v2\/product\/41754\/revisions\/41782"}],"wp:featuredmedia":[{"embeddable":true,"href":"https:\/\/ofm4x4.com\/pl\/wp-json\/wp\/v2\/media\/41780"}],"wp:attachment":[{"href":"https:\/\/ofm4x4.com\/pl\/wp-json\/wp\/v2\/media?parent=41754"}],"wp:term":[{"taxonomy":"product_brand","embeddable":true,"href":"https:\/\/ofm4x4.com\/pl\/wp-json\/wp\/v2\/product_brand?post=41754"},{"taxonomy":"product_cat","embeddable":true,"href":"https:\/\/ofm4x4.com\/pl\/wp-json\/wp\/v2\/product_cat?post=41754"},{"taxonomy":"product_tag","embeddable":true,"href":"https:\/\/ofm4x4.com\/pl\/wp-json\/wp\/v2\/product_tag?post=41754"}],"curies":[{"name":"wp","href":"https:\/\/api.w.org\/{rel}","templated":true}]}}