{"id":41848,"date":"2021-06-09T11:30:10","date_gmt":"2021-06-09T11:30:10","guid":{"rendered":"https:\/\/ofm4x4.com\/shop\/bez-kategorii\/ofm4x4-szekla-syntetyczna-10-mm\/"},"modified":"2025-09-24T09:35:13","modified_gmt":"2025-09-24T09:35:13","slug":"ofm4x4-szekla-syntetyczna-10-mm","status":"publish","type":"product","link":"https:\/\/ofm4x4.com\/pl\/shop\/odzyskiwanie\/ofm4x4-szekla-syntetyczna-10-mm\/","title":{"rendered":"OFM4X4 Szekla syntetyczna 10 mm"},"content":{"rendered":"<p data-start=\"0\" data-end=\"45\"><strong data-start=\"0\" data-end=\"43\">Szekla syntetyczna 10 mm ATV UTV OFF ROAD<\/strong><\/p>\n<ul data-start=\"47\" data-end=\"130\">\n<li data-start=\"47\" data-end=\"80\"><strong data-start=\"49\" data-end=\"71\">Wytrzyma\u0142o\u015b\u0107 na zerwanie:<\/strong> 9 ton<\/li>\n<li data-start=\"81\" data-end=\"107\"><strong data-start=\"83\" data-end=\"100\">Rozmiar szekli:<\/strong> 10 mm<\/li>\n<li data-start=\"108\" data-end=\"130\"><strong data-start=\"110\" data-end=\"121\">Waga:<\/strong> 0,5 kg<\/li>\n<\/ul>\n<h3 data-start=\"132\" data-end=\"148\"><strong data-start=\"136\" data-end=\"146\">Zastosowanie:<\/strong><\/h3>\n<ul data-start=\"149\" data-end=\"198\" data-is-last-node=\"\">\n<li data-start=\"149\" data-end=\"156\">4&#215;4<\/li>\n<li data-start=\"157\" data-end=\"167\">Marine<\/li>\n<li data-start=\"168\" data-end=\"176\">\u0141\u00f3d\u017a<\/li>\n<li data-start=\"177\" data-end=\"187\">Holowanie<\/li>\n<li data-start=\"188\" data-end=\"198\" data-is-last-node=\"\">Odzyskiwanie<\/li>\n<\/ul>\n","protected":false},"excerpt":{"rendered":"<p>Szekla syntetyczna <strong>OFM4X4<\/strong> 10 mm<\/p>\n","protected":false},"featured_media":33958,"comment_status":"open","ping_status":"closed","template":"","meta":[],"product_brand":[1279],"product_cat":[4674],"product_tag":[4799,4675,4798],"class_list":{"0":"post-41848","1":"product","2":"type-product","3":"status-publish","4":"has-post-thumbnail","6":"product_brand-ofm4x4","7":"product_cat-odzyskiwanie","8":"product_tag-10mm","9":"product_tag-ofm4x4","10":"product_tag-szekla-syntetyczna","11":"product_shipping_class-alte-produse","13":"first","14":"instock","15":"taxable","16":"shipping-taxable","17":"purchasable","18":"product-type-simple"},"_links":{"self":[{"href":"https:\/\/ofm4x4.com\/pl\/wp-json\/wp\/v2\/product\/41848","targetHints":{"allow":["GET"]}}],"collection":[{"href":"https:\/\/ofm4x4.com\/pl\/wp-json\/wp\/v2\/product"}],"about":[{"href":"https:\/\/ofm4x4.com\/pl\/wp-json\/wp\/v2\/types\/product"}],"replies":[{"embeddable":true,"href":"https:\/\/ofm4x4.com\/pl\/wp-json\/wp\/v2\/comments?post=41848"}],"version-history":[{"count":1,"href":"https:\/\/ofm4x4.com\/pl\/wp-json\/wp\/v2\/product\/41848\/revisions"}],"predecessor-version":[{"id":41854,"href":"https:\/\/ofm4x4.com\/pl\/wp-json\/wp\/v2\/product\/41848\/revisions\/41854"}],"wp:featuredmedia":[{"embeddable":true,"href":"https:\/\/ofm4x4.com\/pl\/wp-json\/wp\/v2\/media\/33958"}],"wp:attachment":[{"href":"https:\/\/ofm4x4.com\/pl\/wp-json\/wp\/v2\/media?parent=41848"}],"wp:term":[{"taxonomy":"product_brand","embeddable":true,"href":"https:\/\/ofm4x4.com\/pl\/wp-json\/wp\/v2\/product_brand?post=41848"},{"taxonomy":"product_cat","embeddable":true,"href":"https:\/\/ofm4x4.com\/pl\/wp-json\/wp\/v2\/product_cat?post=41848"},{"taxonomy":"product_tag","embeddable":true,"href":"https:\/\/ofm4x4.com\/pl\/wp-json\/wp\/v2\/product_tag?post=41848"}],"curies":[{"name":"wp","href":"https:\/\/api.w.org\/{rel}","templated":true}]}}