{"id":41865,"date":"2021-06-09T12:56:13","date_gmt":"2021-06-09T12:56:13","guid":{"rendered":"https:\/\/ofm4x4.com\/shop\/bez-kategorii\/ofm4x4-czerwona-syntetyczna-lina-wyciagarki-plazmowej-z-hakiem-12-mm-x-50-m\/"},"modified":"2025-09-24T09:35:30","modified_gmt":"2025-09-24T09:35:30","slug":"ofm4x4-czerwona-syntetyczna-lina-wyciagarki-plazmowej-z-hakiem-12-mm-x-50-m","status":"publish","type":"product","link":"https:\/\/ofm4x4.com\/pl\/shop\/odzyskiwanie\/ofm4x4-czerwona-syntetyczna-lina-wyciagarki-plazmowej-z-hakiem-12-mm-x-50-m\/","title":{"rendered":"OFM4X4 Czerwona syntetyczna lina wyci\u0105garki plazmowej z hakiem 12 mm x 50 m"},"content":{"rendered":"<p data-start=\"0\" data-end=\"54\"><strong>OFM4X4 Czerwona syntetyczna lina wyci\u0105garki plazmowej z hakiem 12 mm x 50 m<\/strong><\/p>\n<h3 data-start=\"56\" data-end=\"75\"><strong data-start=\"60\" data-end=\"73\">Cechy:<\/strong><\/h3>\n<ul data-start=\"76\" data-end=\"500\" data-is-last-node=\"\">\n<li data-start=\"76\" data-end=\"145\"><strong data-start=\"78\" data-end=\"98\">Zalecane dla:<\/strong> Wyci\u0105garki do pojazd\u00f3w terenowych (10 000-20 000 funt\u00f3w)<\/li>\n<li data-start=\"146\" data-end=\"164\"><strong data-start=\"148\" data-end=\"158\">Kolor:<\/strong> czerwony<\/li>\n<li data-start=\"165\" data-end=\"189\"><strong data-start=\"167\" data-end=\"180\">Materia\u0142:<\/strong> UHMWPE<\/li>\n<li data-start=\"190\" data-end=\"216\"><strong data-start=\"192\" data-end=\"210\">Hak w zestawie:<\/strong> Tak<\/li>\n<li data-start=\"217\" data-end=\"253\"><strong data-start=\"219\" data-end=\"241\">Wytrzyma\u0142o\u015b\u0107 na zerwanie:<\/strong> 10 500 kg<\/li>\n<li data-start=\"254\" data-end=\"500\" data-is-last-node=\"\"><strong data-start=\"256\" data-end=\"275\">G\u0142\u00f3wne zalety:<\/strong>\n<ul data-start=\"280\" data-end=\"500\" data-is-last-node=\"\">\n<li data-start=\"280\" data-end=\"330\">Lekki &#8211; 6 razy l\u017cejszy ni\u017c kabel stalowy<\/li>\n<li data-start=\"333\" data-end=\"368\">70% mocniejsza ni\u017c stalowa linka<\/li>\n<li data-start=\"371\" data-end=\"401\">Odporno\u015b\u0107 na olej i wod\u0119<\/li>\n<li data-start=\"404\" data-end=\"467\">Wyj\u0105tkowo dobrze sprawdza si\u0119 w suchych, mokrych i zimnych warunkach.<\/li>\n<li data-start=\"470\" data-end=\"500\" data-is-last-node=\"\">Minimalne rozci\u0105ganie pod obci\u0105\u017ceniem<\/li>\n<\/ul>\n<\/li>\n<\/ul>\n","protected":false},"excerpt":{"rendered":"<p><strong>OFM4X4<\/strong> Czerwona syntetyczna lina wyci\u0105garki plazmowej z hakiem 12 mm x 50 m<\/p>\n","protected":false},"featured_media":33954,"comment_status":"open","ping_status":"closed","template":"","meta":[],"product_brand":[1279],"product_cat":[4674],"product_tag":[4803,4804,4676,4675],"class_list":{"0":"post-41865","1":"product","2":"type-product","3":"status-publish","4":"has-post-thumbnail","6":"product_brand-ofm4x4","7":"product_cat-odzyskiwanie","8":"product_tag-12-mm-x-50-m","9":"product_tag-czerwona-plazma-syntetyczna","10":"product_tag-lina-wyciagarki-z-hakiem","11":"product_tag-ofm4x4","12":"product_shipping_class-alte-produse","14":"first","15":"instock","16":"taxable","17":"shipping-taxable","18":"purchasable","19":"product-type-simple"},"_links":{"self":[{"href":"https:\/\/ofm4x4.com\/pl\/wp-json\/wp\/v2\/product\/41865","targetHints":{"allow":["GET"]}}],"collection":[{"href":"https:\/\/ofm4x4.com\/pl\/wp-json\/wp\/v2\/product"}],"about":[{"href":"https:\/\/ofm4x4.com\/pl\/wp-json\/wp\/v2\/types\/product"}],"replies":[{"embeddable":true,"href":"https:\/\/ofm4x4.com\/pl\/wp-json\/wp\/v2\/comments?post=41865"}],"version-history":[{"count":1,"href":"https:\/\/ofm4x4.com\/pl\/wp-json\/wp\/v2\/product\/41865\/revisions"}],"predecessor-version":[{"id":41869,"href":"https:\/\/ofm4x4.com\/pl\/wp-json\/wp\/v2\/product\/41865\/revisions\/41869"}],"wp:featuredmedia":[{"embeddable":true,"href":"https:\/\/ofm4x4.com\/pl\/wp-json\/wp\/v2\/media\/33954"}],"wp:attachment":[{"href":"https:\/\/ofm4x4.com\/pl\/wp-json\/wp\/v2\/media?parent=41865"}],"wp:term":[{"taxonomy":"product_brand","embeddable":true,"href":"https:\/\/ofm4x4.com\/pl\/wp-json\/wp\/v2\/product_brand?post=41865"},{"taxonomy":"product_cat","embeddable":true,"href":"https:\/\/ofm4x4.com\/pl\/wp-json\/wp\/v2\/product_cat?post=41865"},{"taxonomy":"product_tag","embeddable":true,"href":"https:\/\/ofm4x4.com\/pl\/wp-json\/wp\/v2\/product_tag?post=41865"}],"curies":[{"name":"wp","href":"https:\/\/api.w.org\/{rel}","templated":true}]}}