{"id":41879,"date":"2021-08-19T11:17:41","date_gmt":"2021-08-19T11:17:41","guid":{"rendered":"https:\/\/ofm4x4.com\/shop\/bez-kategorii\/ofm094-kolnierze-dystansowe-30mm-5x114-3-m12x1-5mm-z-pierscieniem-centrujacym-do-toyota-rav4\/"},"modified":"2025-09-24T09:36:00","modified_gmt":"2025-09-24T09:36:00","slug":"ofm094-kolnierze-dystansowe-30mm-5x114-3-m12x1-5mm-z-pierscieniem-centrujacym-do-toyota-rav4","status":"publish","type":"product","link":"https:\/\/ofm4x4.com\/pl\/shop\/dystanse-do-kol\/ofm094-kolnierze-dystansowe-30mm-5x114-3-m12x1-5mm-z-pierscieniem-centrujacym-do-toyota-rav4\/","title":{"rendered":"OFM094 Ko\u0142nierze dystansowe 30mm 5&#215;114.3 M12x1.5mm z pier\u015bcieniem centruj\u0105cym do Toyota RAV4"},"content":{"rendered":"<p data-start=\"0\" data-end=\"209\">Ko\u0142nierze dystansowe k\u00f3\u0142 s\u0105 wykonane ze specjalnego duraluminium i spe\u0142niaj\u0105 niezb\u0119dne wymogi jako\u015bci i bezpiecze\u0144stwa. Poprawiaj\u0105 stabilno\u015b\u0107 pojazdu po podniesieniu poprzez zamontowanie zawieszenia i wi\u0119kszych k\u00f3\u0142. <\/p>\n<ul>\n<li>Pier\u015bcie\u0144 centruj\u0105cy: Tak<\/li>\n<li>Grubo\u015b\u0107: 30 mm<\/li>\n<li>Mocowanie: M12 x 1,5<\/li>\n<li>PCD: 5 x 114,3<\/li>\n<li>Materia\u0142: Aluminium<\/li>\n<li>CB: 60,1<\/li>\n<li>Model: OFM 094<\/li>\n<\/ul>\n<p data-start=\"340\" data-end=\"363\" data-is-last-node=\"\" data-is-only-node=\"\">Cena dotyczy jednej sztuki.<\/p>\n","protected":false},"excerpt":{"rendered":"<p>Dystanse k\u00f3\u0142 30mm 5&#215;114.3 M12x1.5mm z pier\u015bcieniem centruj\u0105cym do Toyota RAV4<\/p>\n","protected":false},"featured_media":41885,"comment_status":"open","ping_status":"closed","template":"","meta":[],"product_brand":[1279],"product_cat":[4612],"product_tag":[4763,4792,4614,4669,4703,4808],"class_list":{"0":"post-41879","1":"product","2":"type-product","3":"status-publish","4":"has-post-thumbnail","6":"product_brand-ofm4x4","7":"product_cat-dystanse-do-kol","8":"product_tag-30mm","9":"product_tag-5x114-3","10":"product_tag-centering-ring","11":"product_tag-dystanse-kol","12":"product_tag-m12x1-5mm","13":"product_tag-toyota-rav4","14":"product_shipping_class-produse-usoare-set","16":"first","17":"instock","18":"taxable","19":"shipping-taxable","20":"purchasable","21":"product-type-simple"},"_links":{"self":[{"href":"https:\/\/ofm4x4.com\/pl\/wp-json\/wp\/v2\/product\/41879","targetHints":{"allow":["GET"]}}],"collection":[{"href":"https:\/\/ofm4x4.com\/pl\/wp-json\/wp\/v2\/product"}],"about":[{"href":"https:\/\/ofm4x4.com\/pl\/wp-json\/wp\/v2\/types\/product"}],"replies":[{"embeddable":true,"href":"https:\/\/ofm4x4.com\/pl\/wp-json\/wp\/v2\/comments?post=41879"}],"version-history":[{"count":1,"href":"https:\/\/ofm4x4.com\/pl\/wp-json\/wp\/v2\/product\/41879\/revisions"}],"predecessor-version":[{"id":41893,"href":"https:\/\/ofm4x4.com\/pl\/wp-json\/wp\/v2\/product\/41879\/revisions\/41893"}],"wp:featuredmedia":[{"embeddable":true,"href":"https:\/\/ofm4x4.com\/pl\/wp-json\/wp\/v2\/media\/41885"}],"wp:attachment":[{"href":"https:\/\/ofm4x4.com\/pl\/wp-json\/wp\/v2\/media?parent=41879"}],"wp:term":[{"taxonomy":"product_brand","embeddable":true,"href":"https:\/\/ofm4x4.com\/pl\/wp-json\/wp\/v2\/product_brand?post=41879"},{"taxonomy":"product_cat","embeddable":true,"href":"https:\/\/ofm4x4.com\/pl\/wp-json\/wp\/v2\/product_cat?post=41879"},{"taxonomy":"product_tag","embeddable":true,"href":"https:\/\/ofm4x4.com\/pl\/wp-json\/wp\/v2\/product_tag?post=41879"}],"curies":[{"name":"wp","href":"https:\/\/api.w.org\/{rel}","templated":true}]}}