{"id":41950,"date":"2021-08-19T12:02:45","date_gmt":"2021-08-19T12:02:45","guid":{"rendered":"https:\/\/ofm4x4.com\/shop\/bez-kategorii\/ofm4x4-szara-syntetyczna-lina-wyciagarki-plazmowej-z-hakiem-6-mm-x-28-m\/"},"modified":"2025-09-24T09:36:16","modified_gmt":"2025-09-24T09:36:16","slug":"ofm4x4-szara-syntetyczna-lina-wyciagarki-plazmowej-z-hakiem-6-mm-x-28-m","status":"publish","type":"product","link":"https:\/\/ofm4x4.com\/pl\/shop\/odzyskiwanie\/ofm4x4-szara-syntetyczna-lina-wyciagarki-plazmowej-z-hakiem-6-mm-x-28-m\/","title":{"rendered":"OFM4X4 Szara syntetyczna lina wyci\u0105garki plazmowej z hakiem 6 mm x 28 m"},"content":{"rendered":"<p data-start=\"0\" data-end=\"52\"><strong data-start=\"0\" data-end=\"50\">Szara lina syntetyczna z hakiem 6 mm x 28 m OFM4X4<\/strong><\/p>\n<ul data-start=\"54\" data-end=\"268\">\n<li data-start=\"54\" data-end=\"73\"><strong data-start=\"56\" data-end=\"66\">Kolor:<\/strong> szary<\/li>\n<li data-start=\"74\" data-end=\"179\"><strong data-start=\"76\" data-end=\"177\">Posiada zewn\u0119trzn\u0105 warstw\u0119 poliuretanow\u0105, kt\u00f3ra utrzymuje kszta\u0142t liny i zapewnia d\u0142u\u017csz\u0105 \u017cywotno\u015b\u0107.<\/strong><\/li>\n<li data-start=\"180\" data-end=\"213\"><strong data-start=\"182\" data-end=\"203\">Wytrzyma\u0142o\u015b\u0107 na rozci\u0105ganie:<\/strong> 3200 kg<\/li>\n<li data-start=\"214\" data-end=\"268\"><strong data-start=\"216\" data-end=\"266\">Kompatybilny z wi\u0119kszo\u015bci\u0105 wyci\u0105garek SUV, ATV i UTV<\/strong><\/li>\n<\/ul>\n<h3 data-start=\"270\" data-end=\"293\"><strong data-start=\"274\" data-end=\"291\">Kluczowe cechy:<\/strong><\/h3>\n<ol data-start=\"294\" data-end=\"646\" data-is-last-node=\"\">\n<li data-start=\"294\" data-end=\"342\">\u0141atwy w u\u017cyciu, bez strz\u0119pienia i ostrych zako\u0144cze\u0144.<\/li>\n<li data-start=\"343\" data-end=\"392\">Mo\u017ce by\u0107 u\u017cywany w temperaturach do -20\u00b0C.<\/li>\n<li data-start=\"393\" data-end=\"492\">Niezwykle lekka, unosi si\u0119 na wodzie, ma nisk\u0105 elastyczno\u015b\u0107 i nie skr\u0119ca si\u0119 podczas ci\u0105gni\u0119cia.<\/li>\n<li data-start=\"493\" data-end=\"568\">Zmodernizuj swoj\u0105 wyci\u0105gark\u0119 za pomoc\u0105 liny mocniejszej ni\u017c tradycyjne liny stalowe.<\/li>\n<li data-start=\"569\" data-end=\"646\" data-is-last-node=\"\">Zewn\u0119trzna os\u0142ona chroni przed ostrymi powierzchniami, takimi jak ska\u0142y.<\/li>\n<\/ol>\n","protected":false},"excerpt":{"rendered":"<p><strong>OFM4X4<\/strong> Szara syntetyczna lina wyci\u0105garki plazmowej z hakiem 6 mm x 28 m<\/p>\n","protected":false},"featured_media":33948,"comment_status":"open","ping_status":"closed","template":"","meta":[],"product_brand":[1279],"product_cat":[4674],"product_tag":[4813,4676,4675,4812],"class_list":{"0":"post-41950","1":"product","2":"type-product","3":"status-publish","4":"has-post-thumbnail","6":"product_brand-ofm4x4","7":"product_cat-odzyskiwanie","8":"product_tag-6mm-x-28m","9":"product_tag-lina-wyciagarki-z-hakiem","10":"product_tag-ofm4x4","11":"product_tag-szara-plazma-syntetyczna","12":"product_shipping_class-alte-produse","14":"first","15":"instock","16":"taxable","17":"shipping-taxable","18":"purchasable","19":"product-type-simple"},"_links":{"self":[{"href":"https:\/\/ofm4x4.com\/pl\/wp-json\/wp\/v2\/product\/41950","targetHints":{"allow":["GET"]}}],"collection":[{"href":"https:\/\/ofm4x4.com\/pl\/wp-json\/wp\/v2\/product"}],"about":[{"href":"https:\/\/ofm4x4.com\/pl\/wp-json\/wp\/v2\/types\/product"}],"replies":[{"embeddable":true,"href":"https:\/\/ofm4x4.com\/pl\/wp-json\/wp\/v2\/comments?post=41950"}],"version-history":[{"count":1,"href":"https:\/\/ofm4x4.com\/pl\/wp-json\/wp\/v2\/product\/41950\/revisions"}],"predecessor-version":[{"id":41962,"href":"https:\/\/ofm4x4.com\/pl\/wp-json\/wp\/v2\/product\/41950\/revisions\/41962"}],"wp:featuredmedia":[{"embeddable":true,"href":"https:\/\/ofm4x4.com\/pl\/wp-json\/wp\/v2\/media\/33948"}],"wp:attachment":[{"href":"https:\/\/ofm4x4.com\/pl\/wp-json\/wp\/v2\/media?parent=41950"}],"wp:term":[{"taxonomy":"product_brand","embeddable":true,"href":"https:\/\/ofm4x4.com\/pl\/wp-json\/wp\/v2\/product_brand?post=41950"},{"taxonomy":"product_cat","embeddable":true,"href":"https:\/\/ofm4x4.com\/pl\/wp-json\/wp\/v2\/product_cat?post=41950"},{"taxonomy":"product_tag","embeddable":true,"href":"https:\/\/ofm4x4.com\/pl\/wp-json\/wp\/v2\/product_tag?post=41950"}],"curies":[{"name":"wp","href":"https:\/\/api.w.org\/{rel}","templated":true}]}}