{"id":41961,"date":"2022-08-23T13:39:26","date_gmt":"2022-08-23T13:39:26","guid":{"rendered":"https:\/\/ofm4x4.com\/shop\/bez-kategorii\/ofm107-kolnierze-dystansowe-40mm-6x139-7-m12x1-5mm-z-pierscieniem-centrujacym-do-toyota-j90-j120-hilux\/"},"modified":"2025-09-24T09:36:17","modified_gmt":"2025-09-24T09:36:17","slug":"ofm107-kolnierze-dystansowe-40mm-6x139-7-m12x1-5mm-z-pierscieniem-centrujacym-do-toyota-j90-j120-hilux","status":"publish","type":"product","link":"https:\/\/ofm4x4.com\/pl\/shop\/dystanse-do-kol\/ofm107-kolnierze-dystansowe-40mm-6x139-7-m12x1-5mm-z-pierscieniem-centrujacym-do-toyota-j90-j120-hilux\/","title":{"rendered":"OFM107 Ko\u0142nierze dystansowe 40mm 6&#215;139.7 M12x1.5mm z pier\u015bcieniem centruj\u0105cym do Toyota J90, J120, Hilux"},"content":{"rendered":"<ul>\n<li data-start=\"0\" data-end=\"128\">Pier\u015bcie\u0144 centruj\u0105cy: TAK<\/li>\n<li data-start=\"0\" data-end=\"128\">Grubo\u015b\u0107: 40 mm<\/li>\n<li data-start=\"0\" data-end=\"128\">Mocowanie: M12 x 1,5<\/li>\n<li data-start=\"0\" data-end=\"128\">PCD: 6 x 139,7<\/li>\n<li data-start=\"0\" data-end=\"128\">Materia\u0142: Aluminium<\/li>\n<li data-start=\"0\" data-end=\"128\">CB: 106.1<\/li>\n<li data-start=\"0\" data-end=\"128\">Model: OFM 107<\/li>\n<\/ul>\n<p data-start=\"130\" data-end=\"339\">Ko\u0142nierze dystansowe k\u00f3\u0142 s\u0105 wykonane ze specjalnego duraluminium i spe\u0142niaj\u0105 niezb\u0119dne wymogi jako\u015bci i bezpiecze\u0144stwa. Poprawiaj\u0105 stabilno\u015b\u0107 pojazdu po podniesieniu poprzez zamontowanie zawieszenia i wi\u0119kszych k\u00f3\u0142. <\/p>\n<p data-start=\"341\" data-end=\"364\" data-is-last-node=\"\" data-is-only-node=\"\">Cena dotyczy jednej sztuki.<\/p>\n","protected":false},"excerpt":{"rendered":"<p>Dystanse k\u00f3\u0142 40mm 6&#215;139.7 M12x1.5mm z pier\u015bcieniem centruj\u0105cym do Toyota J90, J120, Hilux<\/p>\n","protected":false},"featured_media":41981,"comment_status":"open","ping_status":"closed","template":"","meta":[],"product_brand":[1279],"product_cat":[4612],"product_tag":[4821,4704,4614,4669,4819,4820,4703,4822],"class_list":{"0":"post-41961","1":"product","2":"type-product","3":"status-publish","4":"has-post-thumbnail","6":"product_brand-ofm4x4","7":"product_cat-dystanse-do-kol","8":"product_tag-40mm","9":"product_tag-6x139-7","10":"product_tag-centering-ring","11":"product_tag-dystanse-kol","12":"product_tag-hilux","13":"product_tag-j120","14":"product_tag-m12x1-5mm","15":"product_tag-toyota-j90","16":"product_shipping_class-produse-usoare-set","18":"first","19":"instock","20":"taxable","21":"shipping-taxable","22":"purchasable","23":"product-type-simple"},"_links":{"self":[{"href":"https:\/\/ofm4x4.com\/pl\/wp-json\/wp\/v2\/product\/41961","targetHints":{"allow":["GET"]}}],"collection":[{"href":"https:\/\/ofm4x4.com\/pl\/wp-json\/wp\/v2\/product"}],"about":[{"href":"https:\/\/ofm4x4.com\/pl\/wp-json\/wp\/v2\/types\/product"}],"replies":[{"embeddable":true,"href":"https:\/\/ofm4x4.com\/pl\/wp-json\/wp\/v2\/comments?post=41961"}],"version-history":[{"count":1,"href":"https:\/\/ofm4x4.com\/pl\/wp-json\/wp\/v2\/product\/41961\/revisions"}],"predecessor-version":[{"id":41982,"href":"https:\/\/ofm4x4.com\/pl\/wp-json\/wp\/v2\/product\/41961\/revisions\/41982"}],"wp:featuredmedia":[{"embeddable":true,"href":"https:\/\/ofm4x4.com\/pl\/wp-json\/wp\/v2\/media\/41981"}],"wp:attachment":[{"href":"https:\/\/ofm4x4.com\/pl\/wp-json\/wp\/v2\/media?parent=41961"}],"wp:term":[{"taxonomy":"product_brand","embeddable":true,"href":"https:\/\/ofm4x4.com\/pl\/wp-json\/wp\/v2\/product_brand?post=41961"},{"taxonomy":"product_cat","embeddable":true,"href":"https:\/\/ofm4x4.com\/pl\/wp-json\/wp\/v2\/product_cat?post=41961"},{"taxonomy":"product_tag","embeddable":true,"href":"https:\/\/ofm4x4.com\/pl\/wp-json\/wp\/v2\/product_tag?post=41961"}],"curies":[{"name":"wp","href":"https:\/\/api.w.org\/{rel}","templated":true}]}}