{"id":41987,"date":"2021-08-19T11:26:05","date_gmt":"2021-08-19T11:26:05","guid":{"rendered":"https:\/\/ofm4x4.com\/shop\/bez-kategorii\/ofm095-kolnierze-dystansowe-30mm-5x165-1-m16-x-1-5mm-do-land-rover-defender-discovery-i-range-rover-i\/"},"modified":"2025-09-24T09:36:19","modified_gmt":"2025-09-24T09:36:19","slug":"ofm095-kolnierze-dystansowe-30mm-5x165-1-m16-x-1-5mm-do-land-rover-defender-discovery-i-range-rover-i","status":"publish","type":"product","link":"https:\/\/ofm4x4.com\/pl\/shop\/dystanse-do-kol\/ofm095-kolnierze-dystansowe-30mm-5x165-1-m16-x-1-5mm-do-land-rover-defender-discovery-i-range-rover-i\/","title":{"rendered":"OFM095 Ko\u0142nierze dystansowe 30mm 5&#215;165.1 M16 x 1.5mm do Land Rover, Defender, Discovery I, Range Rover I"},"content":{"rendered":"<p data-start=\"0\" data-end=\"209\">Ko\u0142nierze dystansowe k\u00f3\u0142 s\u0105 wykonane ze specjalnego duraluminium i spe\u0142niaj\u0105 niezb\u0119dne wymogi jako\u015bci i bezpiecze\u0144stwa. Poprawiaj\u0105 stabilno\u015b\u0107 pojazdu po podniesieniu poprzez zamontowanie zawieszenia i wi\u0119kszych k\u00f3\u0142. <\/p>\n<ul>\n<li data-start=\"211\" data-end=\"336\">Pier\u015bcie\u0144 centruj\u0105cy: Nie<\/li>\n<li>Grubo\u015b\u0107: 30 mm<\/li>\n<li>Mocowanie: M16 x 1,5<\/li>\n<li>PCD: 5 x 165,1<\/li>\n<li>Materia\u0142: Aluminium<\/li>\n<li>CB: 113<\/li>\n<li>Model: OFM 095<\/li>\n<\/ul>\n<p data-start=\"338\" data-end=\"361\" data-is-last-node=\"\" data-is-only-node=\"\">Cena dotyczy jednej sztuki.<\/p>\n","protected":false},"excerpt":{"rendered":"<p>Dystanse k\u00f3\u0142 30mm 5&#215;165.1 M16 x 1.5mm do Land Rover, Defender, Discovery I, Range Rover I<\/p>\n","protected":false},"featured_media":42011,"comment_status":"open","ping_status":"closed","template":"","meta":[],"product_brand":[1279],"product_cat":[4612],"product_tag":[4763,4833,4669,4780,4834,4830,4831,4832],"class_list":{"0":"post-41987","1":"product","2":"type-product","3":"status-publish","4":"has-post-thumbnail","6":"product_brand-ofm4x4","7":"product_cat-dystanse-do-kol","8":"product_tag-30mm","9":"product_tag-5x165-1","10":"product_tag-dystanse-kol","11":"product_tag-land-rover","12":"product_tag-m16-x-15-mm","13":"product_tag-obronca","14":"product_tag-odkrycie-i","15":"product_tag-range-rover-i","16":"product_shipping_class-produse-usoare-set","18":"first","19":"instock","20":"taxable","21":"shipping-taxable","22":"purchasable","23":"product-type-simple"},"_links":{"self":[{"href":"https:\/\/ofm4x4.com\/pl\/wp-json\/wp\/v2\/product\/41987","targetHints":{"allow":["GET"]}}],"collection":[{"href":"https:\/\/ofm4x4.com\/pl\/wp-json\/wp\/v2\/product"}],"about":[{"href":"https:\/\/ofm4x4.com\/pl\/wp-json\/wp\/v2\/types\/product"}],"replies":[{"embeddable":true,"href":"https:\/\/ofm4x4.com\/pl\/wp-json\/wp\/v2\/comments?post=41987"}],"version-history":[{"count":1,"href":"https:\/\/ofm4x4.com\/pl\/wp-json\/wp\/v2\/product\/41987\/revisions"}],"predecessor-version":[{"id":42012,"href":"https:\/\/ofm4x4.com\/pl\/wp-json\/wp\/v2\/product\/41987\/revisions\/42012"}],"wp:featuredmedia":[{"embeddable":true,"href":"https:\/\/ofm4x4.com\/pl\/wp-json\/wp\/v2\/media\/42011"}],"wp:attachment":[{"href":"https:\/\/ofm4x4.com\/pl\/wp-json\/wp\/v2\/media?parent=41987"}],"wp:term":[{"taxonomy":"product_brand","embeddable":true,"href":"https:\/\/ofm4x4.com\/pl\/wp-json\/wp\/v2\/product_brand?post=41987"},{"taxonomy":"product_cat","embeddable":true,"href":"https:\/\/ofm4x4.com\/pl\/wp-json\/wp\/v2\/product_cat?post=41987"},{"taxonomy":"product_tag","embeddable":true,"href":"https:\/\/ofm4x4.com\/pl\/wp-json\/wp\/v2\/product_tag?post=41987"}],"curies":[{"name":"wp","href":"https:\/\/api.w.org\/{rel}","templated":true}]}}