{"id":42001,"date":"2021-10-22T05:58:44","date_gmt":"2021-10-22T05:58:44","guid":{"rendered":"https:\/\/ofm4x4.com\/shop\/bez-kategorii\/wciagarka-grizzly-electric-12-000-lbs-7251-z-lina-syntetyczna\/"},"modified":"2025-09-24T09:36:20","modified_gmt":"2025-09-24T09:36:20","slug":"wciagarka-grizzly-electric-12-000-lbs-7251-z-lina-syntetyczna","status":"publish","type":"product","link":"https:\/\/ofm4x4.com\/pl\/shop\/wciagarki-elektryczne\/wciagarka-grizzly-electric-12-000-lbs-7251-z-lina-syntetyczna\/","title":{"rendered":"Wci\u0105garka Grizzly Electric 12.000 lbs 72,5:1 z lin\u0105 syntetyczn\u0105"},"content":{"rendered":"<p><strong data-start=\"0\" data-end=\"108\">Wci\u0105garka elektryczna 12.000 lbs 72,5:1 Wci\u0105garka Grizzly z lin\u0105 syntetyczn\u0105<\/strong><\/p>\n<ul>\n<li><strong data-start=\"0\" data-end=\"20\" data-is-only-node=\"\">Zdolno\u015b\u0107 holowania:<\/strong> 12 000 funt\u00f3w (5 454 kg)<\/li>\n<li><strong data-start=\"45\" data-end=\"55\">Silnik:<\/strong> 7,2 KM, 5,4 kW, 12 V DC<\/li>\n<li><strong data-start=\"81\" data-end=\"96\">Prze\u0142o\u017cenie:<\/strong> 72,5:1<\/li>\n<li><strong data-start=\"106\" data-end=\"123\">Skrzynia bieg\u00f3w:<\/strong> 2-stopniowa przek\u0142adnia planetarna<\/li>\n<li><strong data-start=\"149\" data-end=\"160\">Sprz\u0119g\u0142o:<\/strong> r\u0119czne w\u0142\u0105czanie\/wy\u0142\u0105czanie<\/li>\n<li><strong data-start=\"187\" data-end=\"197\">Hamulec:<\/strong> Automatyczny<\/li>\n<li><strong data-start=\"210\" data-end=\"223\">P\u0142oza:<\/strong> Aluminium Hawse (czarny)<\/li>\n<li><strong data-start=\"249\" data-end=\"268\">Lina syntetyczna:<\/strong> 9,5 mm x 24 m (czerwona)<\/li>\n<li><strong data-start=\"291\" data-end=\"305\">Rozmiar b\u0119bna:<\/strong> 64 mm x 224 mm<\/li>\n<li><strong data-start=\"323\" data-end=\"338\">Wymiary:<\/strong> 623 mm x 174 mm x 222 mm<\/li>\n<li><strong data-start=\"366\" data-end=\"392\">Rozstaw \u015brub monta\u017cowych:<\/strong> 254 mm x 114,3 mm<\/li>\n<li><strong data-start=\"413\" data-end=\"424\">Waga:<\/strong> 30 kg<\/li>\n<li><strong data-start=\"433\" data-end=\"446\">Gwarancja:<\/strong> 24 miesi\u0105ce<\/li>\n<\/ul>\n","protected":false},"excerpt":{"rendered":"<p><strong data-start=\"0\" data-end=\"108\">Wci\u0105garka elektryczna 12.000 lbs 72,5:1 Wci\u0105garka Grizzly z lin\u0105 syntetyczn\u0105<\/strong><\/p>\n","protected":false},"featured_media":34051,"comment_status":"open","ping_status":"closed","template":"","meta":[],"product_brand":[1308],"product_cat":[4710],"product_tag":[4839,4840,4599,4600,4711],"class_list":{"0":"post-42001","1":"product","2":"type-product","3":"status-publish","4":"has-post-thumbnail","6":"product_brand-grizzly-winch","7":"product_cat-wciagarki-elektryczne","8":"product_tag-12-000-funtow","9":"product_tag-72-51","10":"product_tag-electric-winch","11":"product_tag-grizzly-winch","12":"product_tag-lina-syntetyczna","13":"product_shipping_class-alte-produse","15":"first","16":"instock","17":"taxable","18":"shipping-taxable","19":"purchasable","20":"product-type-simple"},"_links":{"self":[{"href":"https:\/\/ofm4x4.com\/pl\/wp-json\/wp\/v2\/product\/42001","targetHints":{"allow":["GET"]}}],"collection":[{"href":"https:\/\/ofm4x4.com\/pl\/wp-json\/wp\/v2\/product"}],"about":[{"href":"https:\/\/ofm4x4.com\/pl\/wp-json\/wp\/v2\/types\/product"}],"replies":[{"embeddable":true,"href":"https:\/\/ofm4x4.com\/pl\/wp-json\/wp\/v2\/comments?post=42001"}],"version-history":[{"count":1,"href":"https:\/\/ofm4x4.com\/pl\/wp-json\/wp\/v2\/product\/42001\/revisions"}],"predecessor-version":[{"id":42061,"href":"https:\/\/ofm4x4.com\/pl\/wp-json\/wp\/v2\/product\/42001\/revisions\/42061"}],"wp:featuredmedia":[{"embeddable":true,"href":"https:\/\/ofm4x4.com\/pl\/wp-json\/wp\/v2\/media\/34051"}],"wp:attachment":[{"href":"https:\/\/ofm4x4.com\/pl\/wp-json\/wp\/v2\/media?parent=42001"}],"wp:term":[{"taxonomy":"product_brand","embeddable":true,"href":"https:\/\/ofm4x4.com\/pl\/wp-json\/wp\/v2\/product_brand?post=42001"},{"taxonomy":"product_cat","embeddable":true,"href":"https:\/\/ofm4x4.com\/pl\/wp-json\/wp\/v2\/product_cat?post=42001"},{"taxonomy":"product_tag","embeddable":true,"href":"https:\/\/ofm4x4.com\/pl\/wp-json\/wp\/v2\/product_tag?post=42001"}],"curies":[{"name":"wp","href":"https:\/\/api.w.org\/{rel}","templated":true}]}}