{"id":42156,"date":"2022-08-23T15:41:52","date_gmt":"2022-08-23T15:41:52","guid":{"rendered":"https:\/\/ofm4x4.com\/shop\/bez-kategorii\/ofm093-kolnierze-dystansowe-30mm-5x114-3-m12x1-5mm-z-pierscieniem-centrujacym-do-jeep-patriot-mitsubishi-outlander-pinin\/"},"modified":"2025-09-24T09:36:55","modified_gmt":"2025-09-24T09:36:55","slug":"ofm093-kolnierze-dystansowe-30mm-5x114-3-m12x1-5mm-z-pierscieniem-centrujacym-do-jeep-patriot-mitsubishi-outlander-pinin","status":"publish","type":"product","link":"https:\/\/ofm4x4.com\/pl\/shop\/dystanse-do-kol\/ofm093-kolnierze-dystansowe-30mm-5x114-3-m12x1-5mm-z-pierscieniem-centrujacym-do-jeep-patriot-mitsubishi-outlander-pinin\/","title":{"rendered":"OFM093 Ko\u0142nierze dystansowe 30mm 5&#215;114.3 M12x1.5mm z pier\u015bcieniem centruj\u0105cym do Jeep Patriot, Mitsubishi Outlander, Pinin"},"content":{"rendered":"<p data-start=\"0\" data-end=\"208\">Dystanse k\u00f3\u0142 s\u0105 wykonane ze specjalnego duraluminium i spe\u0142niaj\u0105 wymagane standardy jako\u015bci i bezpiecze\u0144stwa. Poprawiaj\u0105 stabilno\u015b\u0107 pojazdu po jego podniesieniu poprzez zamontowanie zawieszenia i wi\u0119kszych k\u00f3\u0142. <\/p>\n<ul>\n<li data-start=\"210\" data-end=\"333\">Pier\u015bcie\u0144 centruj\u0105cy: TAK<\/li>\n<li data-start=\"210\" data-end=\"333\">Grubo\u015b\u0107: 30 mm<\/li>\n<li data-start=\"210\" data-end=\"333\">Gwint: M12 x 1,5<\/li>\n<li data-start=\"210\" data-end=\"333\">PCD: 5 x 114,3<\/li>\n<li data-start=\"210\" data-end=\"333\">Materia\u0142: Aluminium<\/li>\n<li data-start=\"210\" data-end=\"333\">CB: 67,1<\/li>\n<li data-start=\"210\" data-end=\"333\">Model: OFM 093<\/li>\n<\/ul>\n<p data-start=\"335\" data-end=\"358\" data-is-last-node=\"\" data-is-only-node=\"\">Cena dotyczy jednej sztuki.<\/p>\n","protected":false},"excerpt":{"rendered":"<p>Dystanse k\u00f3\u0142 30mm 5&#215;114.3 M12x1.5mm z pier\u015bcieniem centruj\u0105cym do Jeep Patriot, Mitsubishi Outlander, Pinin<\/p>\n","protected":false},"featured_media":42167,"comment_status":"open","ping_status":"closed","template":"","meta":[],"product_brand":[1279],"product_cat":[4612],"product_tag":[4763,4792,4614,4669,4852,4703,4850,4851],"class_list":{"0":"post-42156","1":"product","2":"type-product","3":"status-publish","4":"has-post-thumbnail","6":"product_brand-ofm4x4","7":"product_cat-dystanse-do-kol","8":"product_tag-30mm","9":"product_tag-5x114-3","10":"product_tag-centering-ring","11":"product_tag-dystanse-kol","12":"product_tag-jeep-patriot","13":"product_tag-m12x1-5mm","14":"product_tag-mitsubishi-outlander","15":"product_tag-pinin","16":"product_shipping_class-produse-usoare-set","18":"first","19":"instock","20":"taxable","21":"shipping-taxable","22":"purchasable","23":"product-type-simple"},"_links":{"self":[{"href":"https:\/\/ofm4x4.com\/pl\/wp-json\/wp\/v2\/product\/42156","targetHints":{"allow":["GET"]}}],"collection":[{"href":"https:\/\/ofm4x4.com\/pl\/wp-json\/wp\/v2\/product"}],"about":[{"href":"https:\/\/ofm4x4.com\/pl\/wp-json\/wp\/v2\/types\/product"}],"replies":[{"embeddable":true,"href":"https:\/\/ofm4x4.com\/pl\/wp-json\/wp\/v2\/comments?post=42156"}],"version-history":[{"count":1,"href":"https:\/\/ofm4x4.com\/pl\/wp-json\/wp\/v2\/product\/42156\/revisions"}],"predecessor-version":[{"id":42186,"href":"https:\/\/ofm4x4.com\/pl\/wp-json\/wp\/v2\/product\/42156\/revisions\/42186"}],"wp:featuredmedia":[{"embeddable":true,"href":"https:\/\/ofm4x4.com\/pl\/wp-json\/wp\/v2\/media\/42167"}],"wp:attachment":[{"href":"https:\/\/ofm4x4.com\/pl\/wp-json\/wp\/v2\/media?parent=42156"}],"wp:term":[{"taxonomy":"product_brand","embeddable":true,"href":"https:\/\/ofm4x4.com\/pl\/wp-json\/wp\/v2\/product_brand?post=42156"},{"taxonomy":"product_cat","embeddable":true,"href":"https:\/\/ofm4x4.com\/pl\/wp-json\/wp\/v2\/product_cat?post=42156"},{"taxonomy":"product_tag","embeddable":true,"href":"https:\/\/ofm4x4.com\/pl\/wp-json\/wp\/v2\/product_tag?post=42156"}],"curies":[{"name":"wp","href":"https:\/\/api.w.org\/{rel}","templated":true}]}}