{"id":42191,"date":"2022-08-24T08:48:18","date_gmt":"2022-08-24T08:48:18","guid":{"rendered":"https:\/\/ofm4x4.com\/shop\/bez-kategorii\/felga-stalowa-15x10-et-44-5x114-3-cb-71-6-off-road-do-jeepa\/"},"modified":"2025-09-24T09:36:56","modified_gmt":"2025-09-24T09:36:56","slug":"felga-stalowa-15x10-et-44-5x114-3-cb-71-6-off-road-do-jeepa","status":"publish","type":"product","link":"https:\/\/ofm4x4.com\/pl\/shop\/stalowe-felgi\/felga-stalowa-15x10-et-44-5x114-3-cb-71-6-off-road-do-jeepa\/","title":{"rendered":"Felga stalowa 15X10 ET -44 5&#215;114.3 CB 71.6 Off-Road do Jeepa"},"content":{"rendered":"<div id=\"\\\" ali-anchor-alimagic-6rxnu8=\"\" class=\"\\\" magic-0=\"\" data-section=\"\\\"AliMagic-6rxnu8\\\"\" data-section-title=\"\\\"Product\" data-spm-anchor-id=\"\\\"a2700.details.pronpeci14.i0.7ae070497Niwca\\\"\">\n<h3 data-start=\"0\" data-end=\"21\">Specyfikacje:<\/h3>\n<ul data-start=\"23\" data-end=\"224\">\n<li data-start=\"23\" data-end=\"44\"><strong data-start=\"25\" data-end=\"38\">\u015arednica:<\/strong> R15<\/li>\n<li data-start=\"45\" data-end=\"63\"><strong data-start=\"47\" data-end=\"57\">Szeroko\u015b\u0107:<\/strong> 10J<\/li>\n<li data-start=\"64\" data-end=\"88\"><strong data-start=\"66\" data-end=\"82\">ET (Offset):<\/strong> -44<\/li>\n<li data-start=\"89\" data-end=\"126\"><strong data-start=\"91\" data-end=\"114\">PCD (uk\u0142ad \u015brub):<\/strong> 5 x 114.3<\/li>\n<li data-start=\"127\" data-end=\"171\"><strong data-start=\"129\" data-end=\"139\">Kolor:<\/strong> czarny z czerwonymi i niebieskimi liniami<\/li>\n<li data-start=\"172\" data-end=\"202\"><strong data-start=\"174\" data-end=\"195\">CB (Center Bore):<\/strong> 71.6<\/li>\n<li data-start=\"203\" data-end=\"224\"><strong data-start=\"205\" data-end=\"215\">Model:<\/strong> OFM021<\/li>\n<\/ul>\n<p data-start=\"226\" data-end=\"381\">\u26a0\ufe0f Ko\u0142a te <strong data-start=\"246\" data-end=\"262\">nie s\u0105 zatwierdzone<\/strong> do u\u017cytku na drogach publicznych i <strong data-start=\"291\" data-end=\"324\">nie posiadaj\u0105 certyfikatu RAR<\/strong>.<br data-start=\"325\" data-end=\"328\">S\u0105 one przeznaczone wy\u0142\u0105cznie do <strong data-start=\"362\" data-end=\"378\">u\u017cytku w terenie<\/strong>.<\/p>\n<ul data-start=\"383\" data-end=\"665\" data-is-last-node=\"\" data-is-only-node=\"\">\n<li data-start=\"383\" data-end=\"471\">Produkt jest <strong data-start=\"400\" data-end=\"438\">malowany elektrostatycznie na czarno<\/strong>, co zwi\u0119ksza odporno\u015b\u0107 na zarysowania.<\/li>\n<li data-start=\"472\" data-end=\"665\" data-is-last-node=\"\"><strong data-start=\"478\" data-end=\"510\">Stopka ma ujemny bark<\/strong>, dzi\u0119ki czemu ko\u0142o jest bardziej wysuni\u0119te na zewn\u0105trz wzgl\u0119dem piasty, co poprawia stabilno\u015b\u0107 pojazdu i zapewnia wi\u0119kszy prze\u015bwit dla <strong data-start=\"636\" data-end=\"664\">ponadwymiarowych opon terenowych<\/strong>.<\/li>\n<\/ul>\n<\/div>\n","protected":false},"excerpt":{"rendered":"<p data-start=\"0\" data-end=\"64\"><strong data-start=\"0\" data-end=\"62\">Stalowe ko\u0142o 15X10 ET -44 5X114.3 CB 71.6 OFF-ROAD do Jeepa<\/strong><\/p>\n<p data-start=\"66\" data-end=\"167\">\u26a0\ufe0f Ko\u0142a te <strong data-start=\"86\" data-end=\"102\">nie s\u0105 zatwierdzone<\/strong> do u\u017cytku na drogach publicznych i <strong data-start=\"131\" data-end=\"164\">nie posiadaj\u0105 certyfikatu RAR<\/strong>.<\/p>\n<p data-start=\"169\" data-end=\"220\" data-is-last-node=\"\" data-is-only-node=\"\">S\u0105 one przeznaczone wy\u0142\u0105cznie do <strong data-start=\"203\" data-end=\"219\">u\u017cytku w terenie<\/strong>.<\/p>\n","protected":false},"featured_media":42197,"comment_status":"open","ping_status":"closed","template":"","meta":[],"product_brand":[1279],"product_cat":[4627],"product_tag":[4718,4855,4630],"class_list":{"0":"post-42191","1":"product","2":"type-product","3":"status-publish","4":"has-post-thumbnail","6":"product_brand-ofm4x4","7":"product_cat-stalowe-felgi","8":"product_tag-15x10","9":"product_tag-et-44-5x114-3-cb-71-6","10":"product_tag-steel-wheel","11":"product_shipping_class-alte-produse","13":"first","14":"instock","15":"taxable","16":"shipping-taxable","17":"purchasable","18":"product-type-simple"},"_links":{"self":[{"href":"https:\/\/ofm4x4.com\/pl\/wp-json\/wp\/v2\/product\/42191","targetHints":{"allow":["GET"]}}],"collection":[{"href":"https:\/\/ofm4x4.com\/pl\/wp-json\/wp\/v2\/product"}],"about":[{"href":"https:\/\/ofm4x4.com\/pl\/wp-json\/wp\/v2\/types\/product"}],"replies":[{"embeddable":true,"href":"https:\/\/ofm4x4.com\/pl\/wp-json\/wp\/v2\/comments?post=42191"}],"version-history":[{"count":1,"href":"https:\/\/ofm4x4.com\/pl\/wp-json\/wp\/v2\/product\/42191\/revisions"}],"predecessor-version":[{"id":42198,"href":"https:\/\/ofm4x4.com\/pl\/wp-json\/wp\/v2\/product\/42191\/revisions\/42198"}],"wp:featuredmedia":[{"embeddable":true,"href":"https:\/\/ofm4x4.com\/pl\/wp-json\/wp\/v2\/media\/42197"}],"wp:attachment":[{"href":"https:\/\/ofm4x4.com\/pl\/wp-json\/wp\/v2\/media?parent=42191"}],"wp:term":[{"taxonomy":"product_brand","embeddable":true,"href":"https:\/\/ofm4x4.com\/pl\/wp-json\/wp\/v2\/product_brand?post=42191"},{"taxonomy":"product_cat","embeddable":true,"href":"https:\/\/ofm4x4.com\/pl\/wp-json\/wp\/v2\/product_cat?post=42191"},{"taxonomy":"product_tag","embeddable":true,"href":"https:\/\/ofm4x4.com\/pl\/wp-json\/wp\/v2\/product_tag?post=42191"}],"curies":[{"name":"wp","href":"https:\/\/api.w.org\/{rel}","templated":true}]}}