{"id":42206,"date":"2022-08-23T15:37:31","date_gmt":"2022-08-23T15:37:31","guid":{"rendered":"https:\/\/ofm4x4.com\/shop\/bez-kategorii\/ofm092-kolnierze-dystansowe-30mm-5x114-3-m12x1-25mm-cb-60-1-z-pierscieniem-centrujacym-do-grand-vitara-2\/"},"modified":"2025-09-24T09:36:58","modified_gmt":"2025-09-24T09:36:58","slug":"ofm092-kolnierze-dystansowe-30mm-5x114-3-m12x1-25mm-cb-60-1-z-pierscieniem-centrujacym-do-grand-vitara-2","status":"publish","type":"product","link":"https:\/\/ofm4x4.com\/pl\/shop\/dystanse-do-kol\/ofm092-kolnierze-dystansowe-30mm-5x114-3-m12x1-25mm-cb-60-1-z-pierscieniem-centrujacym-do-grand-vitara-2\/","title":{"rendered":"OFM092 Ko\u0142nierze dystansowe 30mm 5&#215;114.3 M12x1.25mm CB 60.1 z pier\u015bcieniem centruj\u0105cym do Grand Vitara 2"},"content":{"rendered":"<p data-start=\"0\" data-end=\"208\">Dystanse k\u00f3\u0142 s\u0105 wykonane ze specjalnego duraluminium i spe\u0142niaj\u0105 wymagane standardy jako\u015bci i bezpiecze\u0144stwa. Poprawiaj\u0105 stabilno\u015b\u0107 pojazdu po jego podniesieniu poprzez zamontowanie zawieszenia i wi\u0119kszych k\u00f3\u0142. <\/p>\n<ul>\n<li data-start=\"210\" data-end=\"334\">Pier\u015bcie\u0144 centruj\u0105cy: TAK<\/li>\n<li data-start=\"210\" data-end=\"334\">Grubo\u015b\u0107: 30 mm<\/li>\n<li data-start=\"210\" data-end=\"334\">Gwint: M12 x 1,25<\/li>\n<li data-start=\"210\" data-end=\"334\">PCD: 5 x 114,3<\/li>\n<li data-start=\"210\" data-end=\"334\">Materia\u0142: Aluminium<\/li>\n<li data-start=\"210\" data-end=\"334\">CB: 60,1<\/li>\n<li data-start=\"210\" data-end=\"334\">Model: OFM 092<\/li>\n<\/ul>\n<p data-start=\"336\" data-end=\"359\" data-is-last-node=\"\" data-is-only-node=\"\">Cena dotyczy jednej sztuki.<\/p>\n","protected":false},"excerpt":{"rendered":"<p>Dystanse k\u00f3\u0142 30mm 5&#215;114.3 M12x1.25mm CB 60.1 z pier\u015bcieniem centruj\u0105cym do Grand Vitara 2<\/p>\n","protected":false},"featured_media":42209,"comment_status":"open","ping_status":"closed","template":"","meta":[],"product_brand":[1279],"product_cat":[4612],"product_tag":[4763,4792,4859,4614,4669,4858,4670],"class_list":{"0":"post-42206","1":"product","2":"type-product","3":"status-publish","4":"has-post-thumbnail","6":"product_brand-ofm4x4","7":"product_cat-dystanse-do-kol","8":"product_tag-30mm","9":"product_tag-5x114-3","10":"product_tag-cb-60-1","11":"product_tag-centering-ring","12":"product_tag-dystanse-kol","13":"product_tag-grand-vitara-2","14":"product_tag-m12x1-25mm","15":"product_shipping_class-produse-usoare-set","17":"first","18":"instock","19":"taxable","20":"shipping-taxable","21":"purchasable","22":"product-type-simple"},"_links":{"self":[{"href":"https:\/\/ofm4x4.com\/pl\/wp-json\/wp\/v2\/product\/42206","targetHints":{"allow":["GET"]}}],"collection":[{"href":"https:\/\/ofm4x4.com\/pl\/wp-json\/wp\/v2\/product"}],"about":[{"href":"https:\/\/ofm4x4.com\/pl\/wp-json\/wp\/v2\/types\/product"}],"replies":[{"embeddable":true,"href":"https:\/\/ofm4x4.com\/pl\/wp-json\/wp\/v2\/comments?post=42206"}],"version-history":[{"count":1,"href":"https:\/\/ofm4x4.com\/pl\/wp-json\/wp\/v2\/product\/42206\/revisions"}],"predecessor-version":[{"id":42212,"href":"https:\/\/ofm4x4.com\/pl\/wp-json\/wp\/v2\/product\/42206\/revisions\/42212"}],"wp:featuredmedia":[{"embeddable":true,"href":"https:\/\/ofm4x4.com\/pl\/wp-json\/wp\/v2\/media\/42209"}],"wp:attachment":[{"href":"https:\/\/ofm4x4.com\/pl\/wp-json\/wp\/v2\/media?parent=42206"}],"wp:term":[{"taxonomy":"product_brand","embeddable":true,"href":"https:\/\/ofm4x4.com\/pl\/wp-json\/wp\/v2\/product_brand?post=42206"},{"taxonomy":"product_cat","embeddable":true,"href":"https:\/\/ofm4x4.com\/pl\/wp-json\/wp\/v2\/product_cat?post=42206"},{"taxonomy":"product_tag","embeddable":true,"href":"https:\/\/ofm4x4.com\/pl\/wp-json\/wp\/v2\/product_tag?post=42206"}],"curies":[{"name":"wp","href":"https:\/\/api.w.org\/{rel}","templated":true}]}}