{"id":42261,"date":"2022-08-23T15:15:47","date_gmt":"2022-08-23T15:15:47","guid":{"rendered":"https:\/\/ofm4x4.com\/shop\/bez-kategorii\/ofm111-kolnierze-dystansowe-50mm-6x139-7-m12x1-25-cb-110-z-pierscieniem-centrujacym-do-nissan-patrol\/"},"modified":"2025-09-24T09:37:10","modified_gmt":"2025-09-24T09:37:10","slug":"ofm111-kolnierze-dystansowe-50mm-6x139-7-m12x1-25-cb-110-z-pierscieniem-centrujacym-do-nissan-patrol","status":"publish","type":"product","link":"https:\/\/ofm4x4.com\/pl\/shop\/dystanse-do-kol\/ofm111-kolnierze-dystansowe-50mm-6x139-7-m12x1-25-cb-110-z-pierscieniem-centrujacym-do-nissan-patrol\/","title":{"rendered":"OFM111 Ko\u0142nierze dystansowe 50mm 6&#215;139.7 M12x1.25 CB 110 z pier\u015bcieniem centruj\u0105cym do Nissan Patrol"},"content":{"rendered":"<p data-start=\"0\" data-end=\"23\">Cena dotyczy jednej sztuki.<\/p>\n<ul>\n<li data-start=\"25\" data-end=\"148\">Pier\u015bcie\u0144 centruj\u0105cy: TAK<\/li>\n<li data-start=\"25\" data-end=\"148\">Grubo\u015b\u0107: 50 mm<\/li>\n<li data-start=\"25\" data-end=\"148\">Gwint: M12 x 1,25<\/li>\n<li data-start=\"25\" data-end=\"148\">PCD: 6 x 139,7<\/li>\n<li data-start=\"25\" data-end=\"148\">Materia\u0142: Aluminium<\/li>\n<li data-start=\"25\" data-end=\"148\">CB: 110<\/li>\n<li data-start=\"25\" data-end=\"148\">Model: OFM 111<\/li>\n<\/ul>\n<p data-start=\"150\" data-end=\"310\" data-is-last-node=\"\" data-is-only-node=\"\">Uwaga: Dystanse z pier\u015bcieniem centralnym do Nissana Patrola s\u0105 kompatybilne wy\u0142\u0105cznie z manualnymi piastami AVM. Nie s\u0105 kompatybilne z oryginalnymi sprz\u0119g\u0142ami fabrycznymi. <\/p>\n","protected":false},"excerpt":{"rendered":"<p>Dystanse k\u00f3\u0142 50MM 6X139.7 M12X1.25 CB110 z pier\u015bcieniem centruj\u0105cym do Nissan Patrol<\/p>\n","protected":false},"featured_media":42272,"comment_status":"open","ping_status":"closed","template":"","meta":[],"product_brand":[1279],"product_cat":[4612],"product_tag":[4671,4704,4867,4614,4669,4866,4865],"class_list":{"0":"post-42261","1":"product","2":"type-product","3":"status-publish","4":"has-post-thumbnail","6":"product_brand-ofm4x4","7":"product_cat-dystanse-do-kol","8":"product_tag-50mm","9":"product_tag-6x139-7","10":"product_tag-cb110","11":"product_tag-centering-ring","12":"product_tag-dystanse-kol","13":"product_tag-m12x1-25","14":"product_tag-nissan-patrol","15":"product_shipping_class-produse-usoare-set","17":"first","18":"instock","19":"taxable","20":"shipping-taxable","21":"purchasable","22":"product-type-simple"},"_links":{"self":[{"href":"https:\/\/ofm4x4.com\/pl\/wp-json\/wp\/v2\/product\/42261","targetHints":{"allow":["GET"]}}],"collection":[{"href":"https:\/\/ofm4x4.com\/pl\/wp-json\/wp\/v2\/product"}],"about":[{"href":"https:\/\/ofm4x4.com\/pl\/wp-json\/wp\/v2\/types\/product"}],"replies":[{"embeddable":true,"href":"https:\/\/ofm4x4.com\/pl\/wp-json\/wp\/v2\/comments?post=42261"}],"version-history":[{"count":1,"href":"https:\/\/ofm4x4.com\/pl\/wp-json\/wp\/v2\/product\/42261\/revisions"}],"predecessor-version":[{"id":42283,"href":"https:\/\/ofm4x4.com\/pl\/wp-json\/wp\/v2\/product\/42261\/revisions\/42283"}],"wp:featuredmedia":[{"embeddable":true,"href":"https:\/\/ofm4x4.com\/pl\/wp-json\/wp\/v2\/media\/42272"}],"wp:attachment":[{"href":"https:\/\/ofm4x4.com\/pl\/wp-json\/wp\/v2\/media?parent=42261"}],"wp:term":[{"taxonomy":"product_brand","embeddable":true,"href":"https:\/\/ofm4x4.com\/pl\/wp-json\/wp\/v2\/product_brand?post=42261"},{"taxonomy":"product_cat","embeddable":true,"href":"https:\/\/ofm4x4.com\/pl\/wp-json\/wp\/v2\/product_cat?post=42261"},{"taxonomy":"product_tag","embeddable":true,"href":"https:\/\/ofm4x4.com\/pl\/wp-json\/wp\/v2\/product_tag?post=42261"}],"curies":[{"name":"wp","href":"https:\/\/api.w.org\/{rel}","templated":true}]}}