{"id":42303,"date":"2022-08-23T15:22:22","date_gmt":"2022-08-23T15:22:22","guid":{"rendered":"https:\/\/ofm4x4.com\/shop\/bez-kategorii\/ofm112-kolnierze-dystansowe-30mm-6x139-7-m12x1-25mm-cb-110-z-wycietym-pierscieniem-centrujacym\/"},"modified":"2025-09-24T09:37:12","modified_gmt":"2025-09-24T09:37:12","slug":"ofm112-kolnierze-dystansowe-30mm-6x139-7-m12x1-25mm-cb-110-z-wycietym-pierscieniem-centrujacym","status":"publish","type":"product","link":"https:\/\/ofm4x4.com\/pl\/shop\/dystanse-do-kol\/ofm112-kolnierze-dystansowe-30mm-6x139-7-m12x1-25mm-cb-110-z-wycietym-pierscieniem-centrujacym\/","title":{"rendered":"OFM112 Ko\u0142nierze dystansowe 30mm 6&#215;139.7 M12x1.25mm CB 110 z wyci\u0119tym pier\u015bcieniem centruj\u0105cym"},"content":{"rendered":"<p data-start=\"0\" data-end=\"208\">Dystanse k\u00f3\u0142 s\u0105 wykonane ze specjalnego duraluminium i spe\u0142niaj\u0105 wymagane standardy jako\u015bci i bezpiecze\u0144stwa. Poprawiaj\u0105 stabilno\u015b\u0107 pojazdu po jego podniesieniu poprzez zamontowanie zawieszenia i wi\u0119kszych k\u00f3\u0142. <\/p>\n<ul>\n<li data-start=\"210\" data-end=\"333\">Pier\u015bcie\u0144 centruj\u0105cy: TAK<\/li>\n<li data-start=\"210\" data-end=\"333\">Grubo\u015b\u0107: 30 mm<\/li>\n<li data-start=\"210\" data-end=\"333\">Gwint: M12 x 1,25<\/li>\n<li data-start=\"210\" data-end=\"333\">PCD: 6 x 139,7<\/li>\n<li data-start=\"210\" data-end=\"333\">Materia\u0142: Aluminium<\/li>\n<li data-start=\"210\" data-end=\"333\">CB: 110<\/li>\n<li data-start=\"210\" data-end=\"333\">Model: OFM 112<\/li>\n<\/ul>\n<p data-start=\"335\" data-end=\"358\" data-is-last-node=\"\" data-is-only-node=\"\">Cena dotyczy jednej sztuki.<\/p>\n","protected":false},"excerpt":{"rendered":"<p>Dystanse k\u00f3\u0142 30mm 6&#215;139.7 M12x1.25mm CB 110 z wyci\u0119tym pier\u015bcieniem centruj\u0105cym<\/p>\n","protected":false},"featured_media":42320,"comment_status":"open","ping_status":"closed","template":"","meta":[],"product_brand":[1279],"product_cat":[4612],"product_tag":[4763,4704,4861,4614,4669,4670,4862],"class_list":{"0":"post-42303","1":"product","2":"type-product","3":"status-publish","4":"has-post-thumbnail","6":"product_brand-ofm4x4","7":"product_cat-dystanse-do-kol","8":"product_tag-30mm","9":"product_tag-6x139-7","10":"product_tag-cb-110","11":"product_tag-centering-ring","12":"product_tag-dystanse-kol","13":"product_tag-m12x1-25mm","14":"product_tag-wycinanie","15":"product_shipping_class-produse-usoare-set","17":"first","18":"instock","19":"taxable","20":"shipping-taxable","21":"purchasable","22":"product-type-simple"},"_links":{"self":[{"href":"https:\/\/ofm4x4.com\/pl\/wp-json\/wp\/v2\/product\/42303","targetHints":{"allow":["GET"]}}],"collection":[{"href":"https:\/\/ofm4x4.com\/pl\/wp-json\/wp\/v2\/product"}],"about":[{"href":"https:\/\/ofm4x4.com\/pl\/wp-json\/wp\/v2\/types\/product"}],"replies":[{"embeddable":true,"href":"https:\/\/ofm4x4.com\/pl\/wp-json\/wp\/v2\/comments?post=42303"}],"version-history":[{"count":1,"href":"https:\/\/ofm4x4.com\/pl\/wp-json\/wp\/v2\/product\/42303\/revisions"}],"predecessor-version":[{"id":42321,"href":"https:\/\/ofm4x4.com\/pl\/wp-json\/wp\/v2\/product\/42303\/revisions\/42321"}],"wp:featuredmedia":[{"embeddable":true,"href":"https:\/\/ofm4x4.com\/pl\/wp-json\/wp\/v2\/media\/42320"}],"wp:attachment":[{"href":"https:\/\/ofm4x4.com\/pl\/wp-json\/wp\/v2\/media?parent=42303"}],"wp:term":[{"taxonomy":"product_brand","embeddable":true,"href":"https:\/\/ofm4x4.com\/pl\/wp-json\/wp\/v2\/product_brand?post=42303"},{"taxonomy":"product_cat","embeddable":true,"href":"https:\/\/ofm4x4.com\/pl\/wp-json\/wp\/v2\/product_cat?post=42303"},{"taxonomy":"product_tag","embeddable":true,"href":"https:\/\/ofm4x4.com\/pl\/wp-json\/wp\/v2\/product_tag?post=42303"}],"curies":[{"name":"wp","href":"https:\/\/api.w.org\/{rel}","templated":true}]}}