{"id":42332,"date":"2022-08-23T14:58:31","date_gmt":"2022-08-23T14:58:31","guid":{"rendered":"https:\/\/ofm4x4.com\/shop\/bez-kategorii\/ofm109-kolnierze-dystansowe-50-mm-5-x-1397-m12x125-mm-cb-108-z-pierscieniem-centrujacym-do-suzuki\/"},"modified":"2025-09-24T09:37:21","modified_gmt":"2025-09-24T09:37:21","slug":"ofm109-kolnierze-dystansowe-50-mm-5-x-1397-m12x125-mm-cb-108-z-pierscieniem-centrujacym-do-suzuki","status":"publish","type":"product","link":"https:\/\/ofm4x4.com\/pl\/shop\/dystanse-do-kol\/ofm109-kolnierze-dystansowe-50-mm-5-x-1397-m12x125-mm-cb-108-z-pierscieniem-centrujacym-do-suzuki\/","title":{"rendered":"OFM109 Ko\u0142nierze dystansowe 50 mm 5 x 139,7 M12x1,25 mm CB 108 z pier\u015bcieniem centruj\u0105cym do Suzuki"},"content":{"rendered":"<p data-start=\"0\" data-end=\"208\">Dystanse k\u00f3\u0142 s\u0105 wykonane ze specjalnego duraluminium i spe\u0142niaj\u0105 wymagane standardy jako\u015bci i bezpiecze\u0144stwa. Poprawiaj\u0105 stabilno\u015b\u0107 pojazdu po jego podniesieniu poprzez zamontowanie zawieszenia i wi\u0119kszych k\u00f3\u0142. <\/p>\n<p data-start=\"210\" data-end=\"332\">Pier\u015bcie\u0144 centruj\u0105cy: TAK<br data-start=\"229\" data-end=\"232\">Grubo\u015b\u0107: 50 mm<br data-start=\"247\" data-end=\"250\">Gwint: M12 x 1.25<br data-start=\"268\" data-end=\"271\">PCD: 5 x 139.7<br data-start=\"285\" data-end=\"288\">Materia\u0142: Aluminium<br data-start=\"306\" data-end=\"309\">CB: 108<br data-start=\"316\" data-end=\"319\">Model: OFM109<\/p>\n<p data-start=\"334\" data-end=\"357\">Cena jest za sztuk\u0119!<\/p>\n<p data-start=\"359\" data-end=\"458\">\u015arednica wewn\u0119trzna: 108 mm<br data-start=\"381\" data-end=\"384\">\u015arednica zewn\u0119trzna: 139,7 mm<br data-start=\"408\" data-end=\"411\">Grubo\u015b\u0107 elementu dystansowego: 50 mm<br data-start=\"434\" data-end=\"437\">Skok gwintu: 1,25 mm<\/p>\n<p data-start=\"460\" data-end=\"559\" data-is-last-node=\"\" data-is-only-node=\"\">Kompatybilny z: Suzuki Vitara, Grand Vitara 1, Suzuki Samurai, Suzuki Jimny, Suzuki SJ, Suzuki X90<\/p>\n","protected":false},"excerpt":{"rendered":"<p>Dystanse k\u00f3\u0142 50mm 5 x 139.7 M12x1.25mm CB 108 z pier\u015bcieniem centruj\u0105cym do SUZUKI<\/p>\n","protected":false},"featured_media":42335,"comment_status":"open","ping_status":"closed","template":"","meta":[],"product_brand":[1279],"product_cat":[4612],"product_tag":[4870,4671,4871,4614,4669,4670,4668],"class_list":{"0":"post-42332","1":"product","2":"type-product","3":"status-publish","4":"has-post-thumbnail","6":"product_brand-ofm4x4","7":"product_cat-dystanse-do-kol","8":"product_tag-5-x-139-7","9":"product_tag-50mm","10":"product_tag-cb-108","11":"product_tag-centering-ring","12":"product_tag-dystanse-kol","13":"product_tag-m12x1-25mm","14":"product_tag-suzuki","15":"product_shipping_class-produse-usoare-set","17":"first","18":"instock","19":"taxable","20":"shipping-taxable","21":"purchasable","22":"product-type-simple"},"_links":{"self":[{"href":"https:\/\/ofm4x4.com\/pl\/wp-json\/wp\/v2\/product\/42332","targetHints":{"allow":["GET"]}}],"collection":[{"href":"https:\/\/ofm4x4.com\/pl\/wp-json\/wp\/v2\/product"}],"about":[{"href":"https:\/\/ofm4x4.com\/pl\/wp-json\/wp\/v2\/types\/product"}],"replies":[{"embeddable":true,"href":"https:\/\/ofm4x4.com\/pl\/wp-json\/wp\/v2\/comments?post=42332"}],"version-history":[{"count":1,"href":"https:\/\/ofm4x4.com\/pl\/wp-json\/wp\/v2\/product\/42332\/revisions"}],"predecessor-version":[{"id":42344,"href":"https:\/\/ofm4x4.com\/pl\/wp-json\/wp\/v2\/product\/42332\/revisions\/42344"}],"wp:featuredmedia":[{"embeddable":true,"href":"https:\/\/ofm4x4.com\/pl\/wp-json\/wp\/v2\/media\/42335"}],"wp:attachment":[{"href":"https:\/\/ofm4x4.com\/pl\/wp-json\/wp\/v2\/media?parent=42332"}],"wp:term":[{"taxonomy":"product_brand","embeddable":true,"href":"https:\/\/ofm4x4.com\/pl\/wp-json\/wp\/v2\/product_brand?post=42332"},{"taxonomy":"product_cat","embeddable":true,"href":"https:\/\/ofm4x4.com\/pl\/wp-json\/wp\/v2\/product_cat?post=42332"},{"taxonomy":"product_tag","embeddable":true,"href":"https:\/\/ofm4x4.com\/pl\/wp-json\/wp\/v2\/product_tag?post=42332"}],"curies":[{"name":"wp","href":"https:\/\/api.w.org\/{rel}","templated":true}]}}