{"id":42365,"date":"2022-08-23T13:57:17","date_gmt":"2022-08-23T13:57:17","guid":{"rendered":"https:\/\/ofm4x4.com\/shop\/bez-kategorii\/ofm108-kolnierze-dystansowe-30mm-5x139-7-m12x1-25mm-cb-108-z-pierscieniem-centrujacym-do-suzuki\/"},"modified":"2025-09-24T09:37:24","modified_gmt":"2025-09-24T09:37:24","slug":"ofm108-kolnierze-dystansowe-30mm-5x139-7-m12x1-25mm-cb-108-z-pierscieniem-centrujacym-do-suzuki","status":"publish","type":"product","link":"https:\/\/ofm4x4.com\/pl\/shop\/dystanse-do-kol\/ofm108-kolnierze-dystansowe-30mm-5x139-7-m12x1-25mm-cb-108-z-pierscieniem-centrujacym-do-suzuki\/","title":{"rendered":"OFM108 Ko\u0142nierze dystansowe 30mm 5&#215;139.7 M12x1.25mm CB 108 z pier\u015bcieniem centruj\u0105cym do Suzuki"},"content":{"rendered":"<ul>\n<li data-start=\"0\" data-end=\"122\">Pier\u015bcie\u0144 centruj\u0105cy: TAK<\/li>\n<li data-start=\"0\" data-end=\"122\">Grubo\u015b\u0107: 30 mm<\/li>\n<li data-start=\"0\" data-end=\"122\">Gwint: M12 x 1,25<\/li>\n<li data-start=\"0\" data-end=\"122\">PCD: 5 x 139,7<\/li>\n<li data-start=\"0\" data-end=\"122\">Materia\u0142: Aluminium<\/li>\n<li data-start=\"0\" data-end=\"122\">CB: 108<\/li>\n<li data-start=\"0\" data-end=\"122\">Model: OFM108<\/li>\n<\/ul>\n<p data-start=\"124\" data-end=\"147\">Cena jest za sztuk\u0119!<\/p>\n<p data-start=\"149\" data-end=\"296\" data-is-last-node=\"\" data-is-only-node=\"\">Kompatybilny z: Suzuki Vitara, Grand Vitara 1, Suzuki Samurai, Suzuki Jimny, Suzuki SJ, Suzuki X90, Lada Niva (CB: 98,5 &#8211; wymaga pier\u015bcienia centruj\u0105cego)<\/p>\n","protected":false},"excerpt":{"rendered":"<p>Dystanse k\u00f3\u0142 30mm 5&#215;139.7 M12x1.25mm CB 108 z pier\u015bcieniem centruj\u0105cym do Suzuki<\/p>\n","protected":false},"featured_media":42369,"comment_status":"open","ping_status":"closed","template":"","meta":[],"product_brand":[1279],"product_cat":[4612],"product_tag":[4763,4672,4871,4614,4669,4670,4668],"class_list":{"0":"post-42365","1":"product","2":"type-product","3":"status-publish","4":"has-post-thumbnail","6":"product_brand-ofm4x4","7":"product_cat-dystanse-do-kol","8":"product_tag-30mm","9":"product_tag-5x139-7","10":"product_tag-cb-108","11":"product_tag-centering-ring","12":"product_tag-dystanse-kol","13":"product_tag-m12x1-25mm","14":"product_tag-suzuki","15":"product_shipping_class-produse-usoare-set","17":"first","18":"instock","19":"taxable","20":"shipping-taxable","21":"purchasable","22":"product-type-simple"},"_links":{"self":[{"href":"https:\/\/ofm4x4.com\/pl\/wp-json\/wp\/v2\/product\/42365","targetHints":{"allow":["GET"]}}],"collection":[{"href":"https:\/\/ofm4x4.com\/pl\/wp-json\/wp\/v2\/product"}],"about":[{"href":"https:\/\/ofm4x4.com\/pl\/wp-json\/wp\/v2\/types\/product"}],"replies":[{"embeddable":true,"href":"https:\/\/ofm4x4.com\/pl\/wp-json\/wp\/v2\/comments?post=42365"}],"version-history":[{"count":1,"href":"https:\/\/ofm4x4.com\/pl\/wp-json\/wp\/v2\/product\/42365\/revisions"}],"predecessor-version":[{"id":42377,"href":"https:\/\/ofm4x4.com\/pl\/wp-json\/wp\/v2\/product\/42365\/revisions\/42377"}],"wp:featuredmedia":[{"embeddable":true,"href":"https:\/\/ofm4x4.com\/pl\/wp-json\/wp\/v2\/media\/42369"}],"wp:attachment":[{"href":"https:\/\/ofm4x4.com\/pl\/wp-json\/wp\/v2\/media?parent=42365"}],"wp:term":[{"taxonomy":"product_brand","embeddable":true,"href":"https:\/\/ofm4x4.com\/pl\/wp-json\/wp\/v2\/product_brand?post=42365"},{"taxonomy":"product_cat","embeddable":true,"href":"https:\/\/ofm4x4.com\/pl\/wp-json\/wp\/v2\/product_cat?post=42365"},{"taxonomy":"product_tag","embeddable":true,"href":"https:\/\/ofm4x4.com\/pl\/wp-json\/wp\/v2\/product_tag?post=42365"}],"curies":[{"name":"wp","href":"https:\/\/api.w.org\/{rel}","templated":true}]}}