{"id":42464,"date":"2022-08-24T10:16:14","date_gmt":"2022-08-24T10:16:14","guid":{"rendered":"https:\/\/ofm4x4.com\/shop\/bez-kategorii\/elektrycznie-blokowany-mechanizm-roznicowy-tre-4x4-tr208\/"},"modified":"2025-09-24T09:54:49","modified_gmt":"2025-09-24T09:54:49","slug":"elektrycznie-blokowany-mechanizm-roznicowy-tre-4x4-tr208","status":"publish","type":"product","link":"https:\/\/ofm4x4.com\/pl\/shop\/mechanizm-roznicowy-z-blokada\/elektrycznie-blokowany-mechanizm-roznicowy-tre-4x4-tr208\/","title":{"rendered":"Elektrycznie blokowany mechanizm r\u00f3\u017cnicowy TRE 4&#215;4 TR208"},"content":{"rendered":"<h2 data-start=\"81\" data-end=\"105\"><strong data-start=\"84\" data-end=\"105\">12-miesi\u0119czna gwarancja<\/strong><\/h2>\n<p data-start=\"23\" data-end=\"134\">Zaleca si\u0119 monta\u017c cz\u0119\u015bci w wyspecjalizowanym serwisie 4&#215;4, w przeciwnym razie istnieje ryzyko uszkodzenia produkt\u00f3w!<\/p>\n<ul data-start=\"136\" data-end=\"586\" data-is-last-node=\"\">\n<li data-start=\"136\" data-end=\"170\">Zapewnia 100% przyczepno\u015bci na \u017c\u0105danie<\/li>\n<li data-start=\"171\" data-end=\"220\">Nie wymaga ju\u017c u\u017cycia spr\u0119\u017carki powietrza<\/li>\n<li data-start=\"221\" data-end=\"246\">Zwi\u0119kszona pr\u0119dko\u015b\u0107 trakcji<\/li>\n<li data-start=\"247\" data-end=\"380\">Prosta i wygodna obs\u0142uga pozwala u\u017cytkownikowi skupi\u0107 si\u0119 na terenie bez po\u015bwi\u0119cania komfortu i bezpiecze\u0144stwa fotela kierowcy.<\/li>\n<li data-start=\"381\" data-end=\"455\">Niezwykle trwa\u0142y i wydajny &#8211; wykonany z materia\u0142\u00f3w najwy\u017cszej jako\u015bci<\/li>\n<li data-start=\"456\" data-end=\"526\">Niezwykle prosta i wydajna konstrukcja, zapewniaj\u0105ca maksymaln\u0105 niezawodno\u015b\u0107<\/li>\n<li data-start=\"527\" data-end=\"586\" data-is-last-node=\"\">Sprawdzony i niezawodny w ponad 80 krajach na ca\u0142ym \u015bwiecie<\/li>\n<\/ul>\n","protected":false},"excerpt":{"rendered":"<p><strong>TR208<\/strong><\/p>\n<p>Elektrycznie blokowany mechanizm r\u00f3\u017cnicowy TRE 4&#215;4<\/p>\n","protected":false},"featured_media":33937,"comment_status":"open","ping_status":"closed","template":"","meta":[],"product_brand":[1233],"product_cat":[4573],"product_tag":[4843,4873,4577],"class_list":{"0":"post-42464","1":"product","2":"type-product","3":"status-publish","4":"has-post-thumbnail","6":"product_brand-tre-4x4","7":"product_cat-mechanizm-roznicowy-z-blokada","8":"product_tag-elektrycznie-blokowany-mechanizm-roznicowy","9":"product_tag-tr208","10":"product_tag-tre-4x4","11":"product_shipping_class-alte-produse","13":"first","14":"outofstock","15":"taxable","16":"shipping-taxable","17":"purchasable","18":"product-type-simple"},"_links":{"self":[{"href":"https:\/\/ofm4x4.com\/pl\/wp-json\/wp\/v2\/product\/42464","targetHints":{"allow":["GET"]}}],"collection":[{"href":"https:\/\/ofm4x4.com\/pl\/wp-json\/wp\/v2\/product"}],"about":[{"href":"https:\/\/ofm4x4.com\/pl\/wp-json\/wp\/v2\/types\/product"}],"replies":[{"embeddable":true,"href":"https:\/\/ofm4x4.com\/pl\/wp-json\/wp\/v2\/comments?post=42464"}],"version-history":[{"count":1,"href":"https:\/\/ofm4x4.com\/pl\/wp-json\/wp\/v2\/product\/42464\/revisions"}],"predecessor-version":[{"id":42467,"href":"https:\/\/ofm4x4.com\/pl\/wp-json\/wp\/v2\/product\/42464\/revisions\/42467"}],"wp:featuredmedia":[{"embeddable":true,"href":"https:\/\/ofm4x4.com\/pl\/wp-json\/wp\/v2\/media\/33937"}],"wp:attachment":[{"href":"https:\/\/ofm4x4.com\/pl\/wp-json\/wp\/v2\/media?parent=42464"}],"wp:term":[{"taxonomy":"product_brand","embeddable":true,"href":"https:\/\/ofm4x4.com\/pl\/wp-json\/wp\/v2\/product_brand?post=42464"},{"taxonomy":"product_cat","embeddable":true,"href":"https:\/\/ofm4x4.com\/pl\/wp-json\/wp\/v2\/product_cat?post=42464"},{"taxonomy":"product_tag","embeddable":true,"href":"https:\/\/ofm4x4.com\/pl\/wp-json\/wp\/v2\/product_tag?post=42464"}],"curies":[{"name":"wp","href":"https:\/\/api.w.org\/{rel}","templated":true}]}}