{"id":42468,"date":"2022-08-24T10:48:52","date_gmt":"2022-08-24T10:48:52","guid":{"rendered":"https:\/\/ofm4x4.com\/shop\/bez-kategorii\/blokada-mechanizmu-roznicowego-tre-4x4-tylna-os-tr100-jeep\/"},"modified":"2025-09-24T09:54:59","modified_gmt":"2025-09-24T09:54:59","slug":"blokada-mechanizmu-roznicowego-tre-4x4-tylna-os-tr100-jeep","status":"publish","type":"product","link":"https:\/\/ofm4x4.com\/pl\/shop\/mechanizm-roznicowy-z-blokada\/blokada-mechanizmu-roznicowego-tre-4x4-tylna-os-tr100-jeep\/","title":{"rendered":"Blokada mechanizmu r\u00f3\u017cnicowego TRE 4&#215;4 tylna o\u015b TR100 Jeep"},"content":{"rendered":"<h2 data-start=\"81\" data-end=\"105\"><strong data-start=\"84\" data-end=\"105\">12-miesi\u0119czna gwarancja<\/strong><\/h2>\n<p data-start=\"107\" data-end=\"222\">Kompatybilno\u015b\u0107 mo\u017cna sprawdzi\u0107 w katalogu blokowanych mechanizm\u00f3w r\u00f3\u017cnicowych: <strong data-start=\"181\" data-end=\"222\">Katalog blokowanych mechanizm\u00f3w r\u00f3\u017cnicowych TRE 4&#215;4<\/strong><\/p>\n<ul>\n<li data-start=\"224\" data-end=\"590\"><strong data-start=\"224\" data-end=\"252\">2007-2018 Wrangler JK-JK<\/strong> (o\u015b przednia)<\/li>\n<li data-start=\"224\" data-end=\"590\"><strong data-start=\"268\" data-end=\"295\">1971 &#8211; 1986 Wrangler CJ<\/strong> (o\u015b przednia)<\/li>\n<li data-start=\"224\" data-end=\"590\"><strong data-start=\"311\" data-end=\"346\">2008 &#8211; 2012 Liberty-Cherokee KK<\/strong> (o\u015b przednia)<\/li>\n<li data-start=\"224\" data-end=\"590\"><strong data-start=\"362\" data-end=\"397\">2002 &#8211; 2007 Liberty-Cherokee KJ<\/strong> (o\u015b przednia)<\/li>\n<li data-start=\"224\" data-end=\"590\"><strong data-start=\"413\" data-end=\"449\">1993 &#8211; 1998 Grand Cherokee ZJ-ZG<\/strong> (o\u015b przednia)<\/li>\n<li data-start=\"224\" data-end=\"590\"><strong data-start=\"465\" data-end=\"501\">1999 &#8211; 2004 Grand Cherokee WJ-WG<\/strong> (o\u015b przednia)<\/li>\n<li data-start=\"224\" data-end=\"590\"><strong data-start=\"517\" data-end=\"544\">1984 &#8211; 2001 Cherokee XJ<\/strong> (o\u015b przednia)<\/li>\n<li data-start=\"224\" data-end=\"590\"><strong data-start=\"560\" data-end=\"590\">1996 &#8211; 2006 Wrangler TJ-LJ<\/strong><\/li>\n<\/ul>\n<p data-start=\"592\" data-end=\"678\">Do obs\u0142ugi blokady mechanizmu r\u00f3\u017cnicowego potrzebna jest r\u00f3wnie\u017c <strong data-start=\"647\" data-end=\"677\">spr\u0119\u017carka powietrza TRE 4&#215;4 12V<\/strong>.<\/p>\n<ul>\n<li data-start=\"680\" data-end=\"745\"><strong data-start=\"680\" data-end=\"694\">27 wypust\u00f3w<\/strong><\/li>\n<li data-start=\"680\" data-end=\"745\"><strong data-start=\"697\" data-end=\"719\">Osie: Dana 30, 27<\/strong><\/li>\n<li data-start=\"680\" data-end=\"745\"><strong data-start=\"722\" data-end=\"745\">Wsp\u00f3\u0142czynniki: 3.73 &#8211; 5.38<\/strong><\/li>\n<\/ul>\n<p data-start=\"747\" data-end=\"858\">Zaleca si\u0119 monta\u017c cz\u0119\u015bci w wyspecjalizowanym serwisie 4&#215;4, w przeciwnym razie istnieje ryzyko uszkodzenia produkt\u00f3w!<\/p>\n<ul data-start=\"860\" data-end=\"1440\">\n<li data-start=\"860\" data-end=\"896\">Zapewnia 100% przyczepno\u015bci na \u017c\u0105danie<\/li>\n<li data-start=\"897\" data-end=\"949\">Za\u0142\u0105czanie odbywa si\u0119 za pomoc\u0105 <strong data-start=\"925\" data-end=\"947\">kompresora TRE 4&#215;4<\/strong><\/li>\n<li data-start=\"950\" data-end=\"977\">Zwi\u0119kszona pr\u0119dko\u015b\u0107 trakcji<\/li>\n<li data-start=\"978\" data-end=\"1113\">Prosta i wygodna obs\u0142uga pozwala u\u017cytkownikowi skupi\u0107 si\u0119 na terenie bez opuszczania wygodnego i bezpiecznego fotela kierowcy.<\/li>\n<li data-start=\"1114\" data-end=\"1215\">Niezwyk\u0142a trwa\u0142o\u015b\u0107 i wytrzyma\u0142o\u015b\u0107 &#8211; do produkcji u\u017cyto wy\u0142\u0105cznie materia\u0142\u00f3w najwy\u017cszej jako\u015bci<\/li>\n<li data-start=\"1216\" data-end=\"1288\">Niezwykle prosta i wydajna konstrukcja, zapewniaj\u0105ca maksymaln\u0105 niezawodno\u015b\u0107<\/li>\n<li data-start=\"1289\" data-end=\"1357\">Konstrukcja sprawdzona i niezawodna w ponad 80 krajach na ca\u0142ym \u015bwiecie<\/li>\n<li data-start=\"1358\" data-end=\"1440\">Blokowane mechanizmy r\u00f3\u017cnicowe dost\u0119pne z przodu i z ty\u0142u dla wi\u0119kszo\u015bci modeli 4WD i 2WD.<\/li>\n<\/ul>\n","protected":false},"excerpt":{"rendered":"<p><strong>TR100<\/strong> Jeep<\/p>\n<p>Blokada mechanizmu r\u00f3\u017cnicowego TRE 4&#215;4 tylna o\u015b<\/p>\n<p>&nbsp;<\/p>\n","protected":false},"featured_media":33929,"comment_status":"open","ping_status":"closed","template":"","meta":[],"product_brand":[1233],"product_cat":[4573],"product_tag":[4874,4590,4585,4875,4577],"class_list":{"0":"post-42468","1":"product","2":"type-product","3":"status-publish","4":"has-post-thumbnail","6":"product_brand-tre-4x4","7":"product_cat-mechanizm-roznicowy-z-blokada","8":"product_tag-blokada-mechanizmu-roznicowego","9":"product_tag-jeep","10":"product_tag-rear-axle","11":"product_tag-tr100","12":"product_tag-tre-4x4","13":"product_shipping_class-alte-produse","15":"first","16":"outofstock","17":"taxable","18":"shipping-taxable","19":"purchasable","20":"product-type-simple"},"_links":{"self":[{"href":"https:\/\/ofm4x4.com\/pl\/wp-json\/wp\/v2\/product\/42468","targetHints":{"allow":["GET"]}}],"collection":[{"href":"https:\/\/ofm4x4.com\/pl\/wp-json\/wp\/v2\/product"}],"about":[{"href":"https:\/\/ofm4x4.com\/pl\/wp-json\/wp\/v2\/types\/product"}],"replies":[{"embeddable":true,"href":"https:\/\/ofm4x4.com\/pl\/wp-json\/wp\/v2\/comments?post=42468"}],"version-history":[{"count":1,"href":"https:\/\/ofm4x4.com\/pl\/wp-json\/wp\/v2\/product\/42468\/revisions"}],"predecessor-version":[{"id":42470,"href":"https:\/\/ofm4x4.com\/pl\/wp-json\/wp\/v2\/product\/42468\/revisions\/42470"}],"wp:featuredmedia":[{"embeddable":true,"href":"https:\/\/ofm4x4.com\/pl\/wp-json\/wp\/v2\/media\/33929"}],"wp:attachment":[{"href":"https:\/\/ofm4x4.com\/pl\/wp-json\/wp\/v2\/media?parent=42468"}],"wp:term":[{"taxonomy":"product_brand","embeddable":true,"href":"https:\/\/ofm4x4.com\/pl\/wp-json\/wp\/v2\/product_brand?post=42468"},{"taxonomy":"product_cat","embeddable":true,"href":"https:\/\/ofm4x4.com\/pl\/wp-json\/wp\/v2\/product_cat?post=42468"},{"taxonomy":"product_tag","embeddable":true,"href":"https:\/\/ofm4x4.com\/pl\/wp-json\/wp\/v2\/product_tag?post=42468"}],"curies":[{"name":"wp","href":"https:\/\/api.w.org\/{rel}","templated":true}]}}