{"id":42483,"date":"2022-08-25T14:28:33","date_gmt":"2022-08-25T14:28:33","guid":{"rendered":"https:\/\/ofm4x4.com\/shop\/bez-kategorii\/blokowany-mechanizm-roznicowy-tre-4x4-tylna-os-tr226-jeep-grand-cherokee\/"},"modified":"2025-09-24T09:55:14","modified_gmt":"2025-09-24T09:55:14","slug":"blokowany-mechanizm-roznicowy-tre-4x4-tylna-os-tr226-jeep-grand-cherokee","status":"publish","type":"product","link":"https:\/\/ofm4x4.com\/pl\/shop\/mechanizm-roznicowy-z-blokada\/blokowany-mechanizm-roznicowy-tre-4x4-tylna-os-tr226-jeep-grand-cherokee\/","title":{"rendered":"Blokowany mechanizm r\u00f3\u017cnicowy TRE 4&#215;4 tylna o\u015b TR226 Jeep Grand Cherokee"},"content":{"rendered":"<h3 data-start=\"0\" data-end=\"25\"><strong data-start=\"4\" data-end=\"25\">12-miesi\u0119czna gwarancja<\/strong><\/h3>\n<p data-start=\"27\" data-end=\"108\">Kompatybilno\u015b\u0107 mo\u017cna sprawdzi\u0107 w <strong data-start=\"45\" data-end=\"87\">katalogu blokowanych mechanizm\u00f3w r\u00f3\u017cnicowych TRE 4&#215;4<\/strong>.<\/p>\n<p data-start=\"110\" data-end=\"132\"><strong data-start=\"110\" data-end=\"130\">Kompatybilny z:<\/strong><\/p>\n<ul data-start=\"133\" data-end=\"208\">\n<li data-start=\"133\" data-end=\"170\"><strong data-start=\"135\" data-end=\"156\">Grand Cherokee ZJ<\/strong> (1993-1998)<\/li>\n<li data-start=\"171\" data-end=\"208\"><strong data-start=\"173\" data-end=\"194\">Grand Cherokee WJ<\/strong> (1999-2004)<\/li>\n<\/ul>\n<p data-start=\"210\" data-end=\"304\">Do obs\u0142ugi blokowanego mechanizmu r\u00f3\u017cnicowego potrzebna b\u0119dzie r\u00f3wnie\u017c <strong data-start=\"271\" data-end=\"301\">spr\u0119\u017carka powietrza TRE 4&#215;4 12V<\/strong>.<\/p>\n<ul data-start=\"306\" data-end=\"452\">\n<li data-start=\"306\" data-end=\"324\"><strong data-start=\"308\" data-end=\"322\">30 wypust\u00f3w<\/strong><\/li>\n<li data-start=\"325\" data-end=\"394\"><strong data-start=\"359\" data-end=\"381\">Grand Cherokee<\/strong> <strong data-start=\"327\" data-end=\"349\">ZJ<\/strong> <strong data-start=\"359\" data-end=\"381\">:<\/strong> C-Clip \/ <strong data-start=\"359\" data-end=\"381\">Grand Cherokee WJ:<\/strong> Non C-Clip<\/li>\n<li data-start=\"395\" data-end=\"416\"><strong data-start=\"397\" data-end=\"414\">O\u015b Dana 44A<\/strong><\/li>\n<li data-start=\"417\" data-end=\"452\"><strong data-start=\"419\" data-end=\"450\">Aluminiowa pokrywa mechanizmu r\u00f3\u017cnicowego<\/strong><\/li>\n<\/ul>\n<p data-start=\"454\" data-end=\"571\">Aby zapewni\u0107 prawid\u0142owy monta\u017c i unikn\u0105\u0107 uszkodze\u0144, zalecamy zlecenie monta\u017cu cz\u0119\u015bci <strong data-start=\"541\" data-end=\"568\">wyspecjalizowanemu serwisowi 4&#215;4<\/strong>.<\/p>\n<ul data-start=\"573\" data-end=\"1139\">\n<li data-start=\"573\" data-end=\"604\"><strong data-start=\"575\" data-end=\"602\">100% przyczepno\u015bci na \u017c\u0105danie<\/strong><\/li>\n<li data-start=\"605\" data-end=\"646\">Wsp\u00f3\u0142pracuje z <strong data-start=\"622\" data-end=\"644\">kompresorem TRE 4&#215;4<\/strong><\/li>\n<li data-start=\"647\" data-end=\"684\"><strong data-start=\"649\" data-end=\"682\">Lepsza przyczepno\u015b\u0107<\/strong><\/li>\n<li data-start=\"685\" data-end=\"808\"><strong data-start=\"687\" data-end=\"722\">Prosta i wygodna obs\u0142uga<\/strong>, pozwalaj\u0105ca u\u017cytkownikowi skupi\u0107 si\u0119 na terenie przy jednoczesnym zachowaniu <strong data-start=\"784\" data-end=\"806\">komfortu i bezpiecze\u0144stwa<\/strong>.<\/li>\n<li data-start=\"809\" data-end=\"889\"><strong data-start=\"811\" data-end=\"849\">Wyj\u0105tkowo trwa\u0142y i wydajny<\/strong>, wykonany z <strong data-start=\"861\" data-end=\"887\">wysokiej jako\u015bci materia\u0142\u00f3w<\/strong><\/li>\n<li data-start=\"890\" data-end=\"970\"><strong data-start=\"892\" data-end=\"934\">Niezwykle prosta i wydajna konstrukcja<\/strong>, zapewniaj\u0105ca <strong data-start=\"945\" data-end=\"968\">maksymaln\u0105 niezawodno\u015b\u0107<\/strong><\/li>\n<li data-start=\"971\" data-end=\"1048\"><strong data-start=\"973\" data-end=\"1001\">Sprawdzona i przetestowana konstrukcja<\/strong>, niezawodna w <strong data-start=\"1015\" data-end=\"1046\">ponad 80 krajach na ca\u0142ym \u015bwiecie<\/strong><\/li>\n<li data-start=\"1049\" data-end=\"1139\">Dost\u0119pne z <strong data-start=\"1064\" data-end=\"1105\">przednim i tylnym blokowanym mechanizmem r\u00f3\u017cnicowym<\/strong> dla wi\u0119kszo\u015bci <strong data-start=\"1115\" data-end=\"1137\">modeli 4WD i 2WD<\/strong>.<\/li>\n<\/ul>\n","protected":false},"excerpt":{"rendered":"<p><strong>TR226<\/strong> Jeep Grand Cherokee<\/p>\n<p>Blokowany mechanizm r\u00f3\u017cnicowy TRE 4&#215;4 tylna o\u015b<\/p>\n","protected":false},"featured_media":33874,"comment_status":"open","ping_status":"closed","template":"","meta":[],"product_brand":[1233],"product_cat":[4573],"product_tag":[4878,4575,4585,4876,4577],"class_list":{"0":"post-42483","1":"product","2":"type-product","3":"status-publish","4":"has-post-thumbnail","6":"product_brand-tre-4x4","7":"product_cat-mechanizm-roznicowy-z-blokada","8":"product_tag-jeep-grand-cherokee","9":"product_tag-lockable-differential","10":"product_tag-rear-axle","11":"product_tag-tr226","12":"product_tag-tre-4x4","13":"product_shipping_class-alte-produse","15":"first","16":"outofstock","17":"taxable","18":"shipping-taxable","19":"purchasable","20":"product-type-simple"},"_links":{"self":[{"href":"https:\/\/ofm4x4.com\/pl\/wp-json\/wp\/v2\/product\/42483","targetHints":{"allow":["GET"]}}],"collection":[{"href":"https:\/\/ofm4x4.com\/pl\/wp-json\/wp\/v2\/product"}],"about":[{"href":"https:\/\/ofm4x4.com\/pl\/wp-json\/wp\/v2\/types\/product"}],"replies":[{"embeddable":true,"href":"https:\/\/ofm4x4.com\/pl\/wp-json\/wp\/v2\/comments?post=42483"}],"version-history":[{"count":1,"href":"https:\/\/ofm4x4.com\/pl\/wp-json\/wp\/v2\/product\/42483\/revisions"}],"predecessor-version":[{"id":42488,"href":"https:\/\/ofm4x4.com\/pl\/wp-json\/wp\/v2\/product\/42483\/revisions\/42488"}],"wp:featuredmedia":[{"embeddable":true,"href":"https:\/\/ofm4x4.com\/pl\/wp-json\/wp\/v2\/media\/33874"}],"wp:attachment":[{"href":"https:\/\/ofm4x4.com\/pl\/wp-json\/wp\/v2\/media?parent=42483"}],"wp:term":[{"taxonomy":"product_brand","embeddable":true,"href":"https:\/\/ofm4x4.com\/pl\/wp-json\/wp\/v2\/product_brand?post=42483"},{"taxonomy":"product_cat","embeddable":true,"href":"https:\/\/ofm4x4.com\/pl\/wp-json\/wp\/v2\/product_cat?post=42483"},{"taxonomy":"product_tag","embeddable":true,"href":"https:\/\/ofm4x4.com\/pl\/wp-json\/wp\/v2\/product_tag?post=42483"}],"curies":[{"name":"wp","href":"https:\/\/api.w.org\/{rel}","templated":true}]}}