{"id":42484,"date":"2022-08-24T14:36:39","date_gmt":"2022-08-24T14:36:39","guid":{"rendered":"https:\/\/ofm4x4.com\/shop\/bez-kategorii\/blokada-mechanizmu-roznicowego-tre-4x4-przedniej-osi-tr207-suzuki-jimny\/"},"modified":"2025-09-24T09:55:14","modified_gmt":"2025-09-24T09:55:14","slug":"blokada-mechanizmu-roznicowego-tre-4x4-przedniej-osi-tr207-suzuki-jimny","status":"publish","type":"product","link":"https:\/\/ofm4x4.com\/pl\/shop\/mechanizm-roznicowy-z-blokada\/blokada-mechanizmu-roznicowego-tre-4x4-przedniej-osi-tr207-suzuki-jimny\/","title":{"rendered":"Blokada mechanizmu r\u00f3\u017cnicowego TRE 4&#215;4 przedniej osi TR207 Suzuki Jimny"},"content":{"rendered":"<h3 data-start=\"0\" data-end=\"27\"><strong data-start=\"4\" data-end=\"25\">12-miesi\u0119czna gwarancja<\/strong><\/h3>\n<p data-start=\"29\" data-end=\"136\">W katalogu mo\u017cna sprawdzi\u0107 kompatybilno\u015b\u0107 mechanizm\u00f3w r\u00f3\u017cnicowych z blokad\u0105: <strong>Katalog blokowanych mechanizm\u00f3w r\u00f3\u017cnicowych TRE 4&#215;4<\/strong><\/p>\n<p data-start=\"138\" data-end=\"166\"><strong data-start=\"138\" data-end=\"164\">1998-2003 Suzuki Jimny<\/strong><\/p>\n<p data-start=\"168\" data-end=\"256\">Do obs\u0142ugi blokady mechanizmu r\u00f3\u017cnicowego potrzebna jest r\u00f3wnie\u017c <strong data-start=\"223\" data-end=\"253\">spr\u0119\u017carka powietrza TRE 4&#215;4 12V<\/strong>.<\/p>\n<ul data-start=\"258\" data-end=\"299\">\n<li data-start=\"258\" data-end=\"276\"><strong data-start=\"260\" data-end=\"274\">22 wypusty<\/strong><\/li>\n<li data-start=\"277\" data-end=\"299\">Korona z 8 \u015brubami<\/li>\n<\/ul>\n<p data-start=\"301\" data-end=\"416\">Zaleca si\u0119 wykonanie instalacji w wyspecjalizowanym centrum serwisowym 4&#215;4, aby unikn\u0105\u0107 uszkodzenia produktu.<\/p>\n<ul data-start=\"418\" data-end=\"912\" data-is-last-node=\"\">\n<li data-start=\"418\" data-end=\"454\">Zapewnia 100% przyczepno\u015bci na \u017c\u0105danie<\/li>\n<li data-start=\"455\" data-end=\"493\">W\u0142\u0105cza si\u0119 za pomoc\u0105 spr\u0119\u017carki powietrza TRE 4&#215;4<\/li>\n<li data-start=\"494\" data-end=\"521\">Zwi\u0119kszona pr\u0119dko\u015b\u0107 trakcji<\/li>\n<li data-start=\"522\" data-end=\"636\">Prosta i wygodna obs\u0142uga pozwala kierowcy skupi\u0107 si\u0119 na terenie, przy jednoczesnym zachowaniu komfortu i bezpiecze\u0144stwa.<\/li>\n<li data-start=\"637\" data-end=\"716\">Niezwykle trwa\u0142y i wytrzyma\u0142y &#8211; wykonany wy\u0142\u0105cznie z materia\u0142\u00f3w najwy\u017cszej jako\u015bci<\/li>\n<li data-start=\"717\" data-end=\"789\">Niezwykle prosta i wydajna konstrukcja, zapewniaj\u0105ca maksymaln\u0105 niezawodno\u015b\u0107<\/li>\n<li data-start=\"790\" data-end=\"842\">Sprawdzone i przetestowane w ponad 80 krajach na ca\u0142ym \u015bwiecie<\/li>\n<li data-start=\"843\" data-end=\"912\" data-is-last-node=\"\">Dost\u0119pne dla przedniej i tylnej osi dla wi\u0119kszo\u015bci modeli 4WD i 2WD.<\/li>\n<\/ul>\n","protected":false},"excerpt":{"rendered":"<p><strong>TR207<\/strong> Suzuki Jimny<\/p>\n<p>Blokada mechanizmu r\u00f3\u017cnicowego TRE 4&#215;4 o\u015b przednia<\/p>\n","protected":false},"featured_media":33890,"comment_status":"open","ping_status":"closed","template":"","meta":[],"product_brand":[1233],"product_cat":[4573],"product_tag":[4874,4588,4877,4842,4577],"class_list":{"0":"post-42484","1":"product","2":"type-product","3":"status-publish","4":"has-post-thumbnail","6":"product_brand-tre-4x4","7":"product_cat-mechanizm-roznicowy-z-blokada","8":"product_tag-blokada-mechanizmu-roznicowego","9":"product_tag-front-axle","10":"product_tag-suzuki-jimny","11":"product_tag-tr207","12":"product_tag-tre-4x4","13":"product_shipping_class-alte-produse","15":"first","16":"instock","17":"taxable","18":"shipping-taxable","19":"purchasable","20":"product-type-simple"},"_links":{"self":[{"href":"https:\/\/ofm4x4.com\/pl\/wp-json\/wp\/v2\/product\/42484","targetHints":{"allow":["GET"]}}],"collection":[{"href":"https:\/\/ofm4x4.com\/pl\/wp-json\/wp\/v2\/product"}],"about":[{"href":"https:\/\/ofm4x4.com\/pl\/wp-json\/wp\/v2\/types\/product"}],"replies":[{"embeddable":true,"href":"https:\/\/ofm4x4.com\/pl\/wp-json\/wp\/v2\/comments?post=42484"}],"version-history":[{"count":1,"href":"https:\/\/ofm4x4.com\/pl\/wp-json\/wp\/v2\/product\/42484\/revisions"}],"predecessor-version":[{"id":42487,"href":"https:\/\/ofm4x4.com\/pl\/wp-json\/wp\/v2\/product\/42484\/revisions\/42487"}],"wp:featuredmedia":[{"embeddable":true,"href":"https:\/\/ofm4x4.com\/pl\/wp-json\/wp\/v2\/media\/33890"}],"wp:attachment":[{"href":"https:\/\/ofm4x4.com\/pl\/wp-json\/wp\/v2\/media?parent=42484"}],"wp:term":[{"taxonomy":"product_brand","embeddable":true,"href":"https:\/\/ofm4x4.com\/pl\/wp-json\/wp\/v2\/product_brand?post=42484"},{"taxonomy":"product_cat","embeddable":true,"href":"https:\/\/ofm4x4.com\/pl\/wp-json\/wp\/v2\/product_cat?post=42484"},{"taxonomy":"product_tag","embeddable":true,"href":"https:\/\/ofm4x4.com\/pl\/wp-json\/wp\/v2\/product_tag?post=42484"}],"curies":[{"name":"wp","href":"https:\/\/api.w.org\/{rel}","templated":true}]}}