{"id":42502,"date":"2022-08-25T14:30:54","date_gmt":"2022-08-25T14:30:54","guid":{"rendered":"https:\/\/ofm4x4.com\/shop\/bez-kategorii\/blokowany-mechanizm-roznicowy-tre-4x4-os-przednia-tr227-suzuki-jimny\/"},"modified":"2025-09-24T09:55:35","modified_gmt":"2025-09-24T09:55:35","slug":"blokowany-mechanizm-roznicowy-tre-4x4-os-przednia-tr227-suzuki-jimny","status":"publish","type":"product","link":"https:\/\/ofm4x4.com\/pl\/shop\/mechanizm-roznicowy-z-blokada\/blokowany-mechanizm-roznicowy-tre-4x4-os-przednia-tr227-suzuki-jimny\/","title":{"rendered":"Blokowany mechanizm r\u00f3\u017cnicowy TRE 4&#215;4 O\u015b przednia TR227 Suzuki Jimny"},"content":{"rendered":"<h3 data-start=\"0\" data-end=\"25\"><strong data-start=\"4\" data-end=\"25\">12-miesi\u0119czna gwarancja<\/strong><\/h3>\n<p data-start=\"27\" data-end=\"108\">Kompatybilno\u015b\u0107 mo\u017cna sprawdzi\u0107 w <strong data-start=\"45\" data-end=\"87\">katalogu blokowanych mechanizm\u00f3w r\u00f3\u017cnicowych TRE 4&#215;4<\/strong>.<\/p>\n<p data-start=\"110\" data-end=\"145\"><strong data-start=\"110\" data-end=\"130\">Kompatybilny z:<\/strong> Suzuki Jimny<\/p>\n<p data-start=\"147\" data-end=\"241\">Do obs\u0142ugi blokowanego mechanizmu r\u00f3\u017cnicowego potrzebna b\u0119dzie r\u00f3wnie\u017c <strong data-start=\"208\" data-end=\"238\">spr\u0119\u017carka powietrza TRE 4&#215;4 12V<\/strong>.<\/p>\n<ul data-start=\"243\" data-end=\"315\">\n<li data-start=\"243\" data-end=\"261\"><strong data-start=\"245\" data-end=\"259\">26 wypust\u00f3w<\/strong><\/li>\n<li data-start=\"262\" data-end=\"290\"><strong data-start=\"264\" data-end=\"288\">8 \u015brub na koronie<\/strong><\/li>\n<li data-start=\"291\" data-end=\"315\"><strong data-start=\"293\" data-end=\"313\">Prze\u0142o\u017cenia: wszystkie<\/strong><\/li>\n<\/ul>\n<p data-start=\"317\" data-end=\"434\">Aby zapewni\u0107 prawid\u0142owy monta\u017c i unikn\u0105\u0107 uszkodze\u0144, zalecamy zlecenie monta\u017cu cz\u0119\u015bci <strong data-start=\"404\" data-end=\"431\">wyspecjalizowanemu serwisowi 4&#215;4<\/strong>.<\/p>\n<ul data-start=\"436\" data-end=\"1002\">\n<li data-start=\"436\" data-end=\"467\"><strong data-start=\"438\" data-end=\"465\">100% przyczepno\u015bci na \u017c\u0105danie<\/strong><\/li>\n<li data-start=\"468\" data-end=\"509\">Wsp\u00f3\u0142pracuje z <strong data-start=\"485\" data-end=\"507\">kompresorem TRE 4&#215;4<\/strong><\/li>\n<li data-start=\"510\" data-end=\"547\"><strong data-start=\"512\" data-end=\"545\">Lepsza przyczepno\u015b\u0107<\/strong><\/li>\n<li data-start=\"548\" data-end=\"671\"><strong data-start=\"550\" data-end=\"585\">Prosta i wygodna obs\u0142uga<\/strong>, pozwalaj\u0105ca u\u017cytkownikowi skupi\u0107 si\u0119 na terenie przy jednoczesnym zachowaniu <strong data-start=\"647\" data-end=\"669\">komfortu i bezpiecze\u0144stwa<\/strong>.<\/li>\n<li data-start=\"672\" data-end=\"752\"><strong data-start=\"674\" data-end=\"712\">Wyj\u0105tkowo trwa\u0142y i wydajny<\/strong>, wykonany z <strong data-start=\"724\" data-end=\"750\">wysokiej jako\u015bci materia\u0142\u00f3w<\/strong><\/li>\n<li data-start=\"753\" data-end=\"833\"><strong data-start=\"755\" data-end=\"797\">Niezwykle prosta i wydajna konstrukcja<\/strong>, zapewniaj\u0105ca <strong data-start=\"808\" data-end=\"831\">maksymaln\u0105 niezawodno\u015b\u0107<\/strong><\/li>\n<li data-start=\"834\" data-end=\"911\"><strong data-start=\"836\" data-end=\"864\">Sprawdzona i przetestowana konstrukcja<\/strong>, niezawodna w <strong data-start=\"878\" data-end=\"909\">ponad 80 krajach na ca\u0142ym \u015bwiecie<\/strong><\/li>\n<li data-start=\"912\" data-end=\"1002\">Dost\u0119pne z <strong data-start=\"927\" data-end=\"968\">przednim i tylnym blokowanym mechanizmem r\u00f3\u017cnicowym<\/strong> dla wi\u0119kszo\u015bci <strong data-start=\"978\" data-end=\"1000\">modeli 4WD i 2WD<\/strong>.<\/li>\n<\/ul>\n","protected":false},"excerpt":{"rendered":"<p><strong>TR227<\/strong> Suzuki Jimny<\/p>\n<p>Blokowany mechanizm r\u00f3\u017cnicowy TRE 4&#215;4 o\u015b przednia<\/p>\n","protected":false},"featured_media":33872,"comment_status":"open","ping_status":"closed","template":"","meta":[],"product_brand":[1233],"product_cat":[4573],"product_tag":[4588,4575,4877,4577],"class_list":{"0":"post-42502","1":"product","2":"type-product","3":"status-publish","4":"has-post-thumbnail","6":"product_brand-tre-4x4","7":"product_cat-mechanizm-roznicowy-z-blokada","8":"product_tag-front-axle","9":"product_tag-lockable-differential","10":"product_tag-suzuki-jimny","11":"product_tag-tre-4x4","12":"product_shipping_class-alte-produse","14":"first","15":"instock","16":"taxable","17":"shipping-taxable","18":"purchasable","19":"product-type-simple"},"_links":{"self":[{"href":"https:\/\/ofm4x4.com\/pl\/wp-json\/wp\/v2\/product\/42502","targetHints":{"allow":["GET"]}}],"collection":[{"href":"https:\/\/ofm4x4.com\/pl\/wp-json\/wp\/v2\/product"}],"about":[{"href":"https:\/\/ofm4x4.com\/pl\/wp-json\/wp\/v2\/types\/product"}],"replies":[{"embeddable":true,"href":"https:\/\/ofm4x4.com\/pl\/wp-json\/wp\/v2\/comments?post=42502"}],"version-history":[{"count":1,"href":"https:\/\/ofm4x4.com\/pl\/wp-json\/wp\/v2\/product\/42502\/revisions"}],"predecessor-version":[{"id":42504,"href":"https:\/\/ofm4x4.com\/pl\/wp-json\/wp\/v2\/product\/42502\/revisions\/42504"}],"wp:featuredmedia":[{"embeddable":true,"href":"https:\/\/ofm4x4.com\/pl\/wp-json\/wp\/v2\/media\/33872"}],"wp:attachment":[{"href":"https:\/\/ofm4x4.com\/pl\/wp-json\/wp\/v2\/media?parent=42502"}],"wp:term":[{"taxonomy":"product_brand","embeddable":true,"href":"https:\/\/ofm4x4.com\/pl\/wp-json\/wp\/v2\/product_brand?post=42502"},{"taxonomy":"product_cat","embeddable":true,"href":"https:\/\/ofm4x4.com\/pl\/wp-json\/wp\/v2\/product_cat?post=42502"},{"taxonomy":"product_tag","embeddable":true,"href":"https:\/\/ofm4x4.com\/pl\/wp-json\/wp\/v2\/product_tag?post=42502"}],"curies":[{"name":"wp","href":"https:\/\/api.w.org\/{rel}","templated":true}]}}