{"id":42505,"date":"2023-03-21T06:23:25","date_gmt":"2023-03-21T06:23:25","guid":{"rendered":"https:\/\/ofm4x4.com\/shop\/bez-kategorii\/uniwersalna-plyta-do-wyciagarki-grizzly-8500-lbs\/"},"modified":"2025-09-24T09:55:48","modified_gmt":"2025-09-24T09:55:48","slug":"uniwersalna-plyta-do-wyciagarki-grizzly-8500-lbs","status":"publish","type":"product","link":"https:\/\/ofm4x4.com\/pl\/shop\/wciagarki-elektryczne\/czesci-wyciagarek\/uniwersalna-plyta-do-wyciagarki-grizzly-8500-lbs\/","title":{"rendered":"Uniwersalna p\u0142yta do wyci\u0105garki Grizzly 8500 lbs"},"content":{"rendered":"<p>Uniwersalna p\u0142yta do wyci\u0105garki Grizzly 8500 lbs<\/p>\n","protected":false},"excerpt":{"rendered":"<p>Uniwersalna p\u0142yta do wyci\u0105garki Grizzly 8500 lbs<\/p>\n","protected":false},"featured_media":34169,"comment_status":"open","ping_status":"closed","template":"","meta":[],"product_brand":[1308],"product_cat":[4639],"product_tag":[4881,4600,4882],"class_list":{"0":"post-42505","1":"product","2":"type-product","3":"status-publish","4":"has-post-thumbnail","6":"product_brand-grizzly-winch","7":"product_cat-czesci-wyciagarek","8":"product_tag-8500-funtow","9":"product_tag-grizzly-winch","10":"product_tag-plyta-uniwersalna","11":"product_shipping_class-alte-produse","13":"first","14":"instock","15":"taxable","16":"shipping-taxable","17":"purchasable","18":"product-type-simple"},"_links":{"self":[{"href":"https:\/\/ofm4x4.com\/pl\/wp-json\/wp\/v2\/product\/42505","targetHints":{"allow":["GET"]}}],"collection":[{"href":"https:\/\/ofm4x4.com\/pl\/wp-json\/wp\/v2\/product"}],"about":[{"href":"https:\/\/ofm4x4.com\/pl\/wp-json\/wp\/v2\/types\/product"}],"replies":[{"embeddable":true,"href":"https:\/\/ofm4x4.com\/pl\/wp-json\/wp\/v2\/comments?post=42505"}],"version-history":[{"count":1,"href":"https:\/\/ofm4x4.com\/pl\/wp-json\/wp\/v2\/product\/42505\/revisions"}],"predecessor-version":[{"id":42508,"href":"https:\/\/ofm4x4.com\/pl\/wp-json\/wp\/v2\/product\/42505\/revisions\/42508"}],"wp:featuredmedia":[{"embeddable":true,"href":"https:\/\/ofm4x4.com\/pl\/wp-json\/wp\/v2\/media\/34169"}],"wp:attachment":[{"href":"https:\/\/ofm4x4.com\/pl\/wp-json\/wp\/v2\/media?parent=42505"}],"wp:term":[{"taxonomy":"product_brand","embeddable":true,"href":"https:\/\/ofm4x4.com\/pl\/wp-json\/wp\/v2\/product_brand?post=42505"},{"taxonomy":"product_cat","embeddable":true,"href":"https:\/\/ofm4x4.com\/pl\/wp-json\/wp\/v2\/product_cat?post=42505"},{"taxonomy":"product_tag","embeddable":true,"href":"https:\/\/ofm4x4.com\/pl\/wp-json\/wp\/v2\/product_tag?post=42505"}],"curies":[{"name":"wp","href":"https:\/\/api.w.org\/{rel}","templated":true}]}}