{"id":42537,"date":"2023-04-26T11:15:40","date_gmt":"2023-04-26T11:15:40","guid":{"rendered":"https:\/\/ofm4x4.com\/shop\/bez-kategorii\/ofm4x4-szara-syntetyczna-lina-wyciagarki-plazmowej-z-hakiem-8-mm-x-18-m\/"},"modified":"2025-09-24T09:55:50","modified_gmt":"2025-09-24T09:55:50","slug":"ofm4x4-szara-syntetyczna-lina-wyciagarki-plazmowej-z-hakiem-8-mm-x-18-m","status":"publish","type":"product","link":"https:\/\/ofm4x4.com\/pl\/shop\/odzyskiwanie\/ofm4x4-szara-syntetyczna-lina-wyciagarki-plazmowej-z-hakiem-8-mm-x-18-m\/","title":{"rendered":"OFM4X4 Szara syntetyczna lina wyci\u0105garki plazmowej z hakiem 8 mm x 18 m"},"content":{"rendered":"<p data-start=\"0\" data-end=\"52\"><strong data-start=\"0\" data-end=\"50\">Szara lina syntetyczna z hakiem 8 mm x 18 m OFM4X4<\/strong><\/p>\n<ul data-start=\"54\" data-end=\"335\">\n<li data-start=\"54\" data-end=\"120\"><strong data-start=\"56\" data-end=\"118\">Zalecany do wyci\u0105garek pojazd\u00f3w terenowych (6000lbs-8500lbs)<\/strong><\/li>\n<li data-start=\"121\" data-end=\"140\"><strong data-start=\"123\" data-end=\"133\">Kolor:<\/strong> szary<\/li>\n<li data-start=\"141\" data-end=\"246\"><strong data-start=\"143\" data-end=\"244\">Posiada zewn\u0119trzn\u0105 warstw\u0119 poliuretanow\u0105, kt\u00f3ra utrzymuje kszta\u0142t liny i zapewnia d\u0142u\u017csz\u0105 \u017cywotno\u015b\u0107.<\/strong><\/li>\n<li data-start=\"247\" data-end=\"280\"><strong data-start=\"249\" data-end=\"270\">Wytrzyma\u0142o\u015b\u0107 na rozci\u0105ganie:<\/strong> 5500 kg<\/li>\n<li data-start=\"281\" data-end=\"335\"><strong data-start=\"283\" data-end=\"333\">Kompatybilny z wi\u0119kszo\u015bci\u0105 wyci\u0105garek SUV, ATV i UTV<\/strong><\/li>\n<\/ul>\n<h3 data-start=\"337\" data-end=\"360\"><strong data-start=\"341\" data-end=\"358\">Kluczowe cechy:<\/strong><\/h3>\n<ol data-start=\"361\" data-end=\"713\" data-is-last-node=\"\">\n<li data-start=\"361\" data-end=\"409\">\u0141atwy w u\u017cyciu, bez strz\u0119pienia i ostrych zako\u0144cze\u0144.<\/li>\n<li data-start=\"410\" data-end=\"459\">Mo\u017ce by\u0107 u\u017cywany w temperaturach do -20\u00b0C.<\/li>\n<li data-start=\"460\" data-end=\"559\">Niezwykle lekka, unosi si\u0119 na wodzie, ma nisk\u0105 elastyczno\u015b\u0107 i nie skr\u0119ca si\u0119 podczas ci\u0105gni\u0119cia.<\/li>\n<li data-start=\"560\" data-end=\"635\">Zmodernizuj swoj\u0105 wyci\u0105gark\u0119 za pomoc\u0105 liny mocniejszej ni\u017c tradycyjne liny stalowe.<\/li>\n<li data-start=\"636\" data-end=\"713\" data-is-last-node=\"\">Zewn\u0119trzna os\u0142ona chroni przed ostrymi powierzchniami, takimi jak ska\u0142y.<\/li>\n<\/ol>\n","protected":false},"excerpt":{"rendered":"<p><strong>OFM4X4<\/strong> Szara syntetyczna lina wyci\u0105garki plazmowej z hakiem 8 mm x 18 m<\/p>\n","protected":false},"featured_media":33945,"comment_status":"open","ping_status":"closed","template":"","meta":[],"product_brand":[1279],"product_cat":[4674],"product_tag":[4884,4676,4675,4812],"class_list":{"0":"post-42537","1":"product","2":"type-product","3":"status-publish","4":"has-post-thumbnail","6":"product_brand-ofm4x4","7":"product_cat-odzyskiwanie","8":"product_tag-8-mm-x-18-m","9":"product_tag-lina-wyciagarki-z-hakiem","10":"product_tag-ofm4x4","11":"product_tag-szara-plazma-syntetyczna","12":"product_shipping_class-alte-produse","14":"first","15":"instock","16":"taxable","17":"shipping-taxable","18":"purchasable","19":"product-type-simple"},"_links":{"self":[{"href":"https:\/\/ofm4x4.com\/pl\/wp-json\/wp\/v2\/product\/42537","targetHints":{"allow":["GET"]}}],"collection":[{"href":"https:\/\/ofm4x4.com\/pl\/wp-json\/wp\/v2\/product"}],"about":[{"href":"https:\/\/ofm4x4.com\/pl\/wp-json\/wp\/v2\/types\/product"}],"replies":[{"embeddable":true,"href":"https:\/\/ofm4x4.com\/pl\/wp-json\/wp\/v2\/comments?post=42537"}],"version-history":[{"count":1,"href":"https:\/\/ofm4x4.com\/pl\/wp-json\/wp\/v2\/product\/42537\/revisions"}],"predecessor-version":[{"id":42543,"href":"https:\/\/ofm4x4.com\/pl\/wp-json\/wp\/v2\/product\/42537\/revisions\/42543"}],"wp:featuredmedia":[{"embeddable":true,"href":"https:\/\/ofm4x4.com\/pl\/wp-json\/wp\/v2\/media\/33945"}],"wp:attachment":[{"href":"https:\/\/ofm4x4.com\/pl\/wp-json\/wp\/v2\/media?parent=42537"}],"wp:term":[{"taxonomy":"product_brand","embeddable":true,"href":"https:\/\/ofm4x4.com\/pl\/wp-json\/wp\/v2\/product_brand?post=42537"},{"taxonomy":"product_cat","embeddable":true,"href":"https:\/\/ofm4x4.com\/pl\/wp-json\/wp\/v2\/product_cat?post=42537"},{"taxonomy":"product_tag","embeddable":true,"href":"https:\/\/ofm4x4.com\/pl\/wp-json\/wp\/v2\/product_tag?post=42537"}],"curies":[{"name":"wp","href":"https:\/\/api.w.org\/{rel}","templated":true}]}}