{"id":42584,"date":"2023-02-20T12:26:09","date_gmt":"2023-02-20T12:26:09","guid":{"rendered":"https:\/\/ofm4x4.com\/shop\/bez-kategorii\/ofm114-kolnierze-dystansowe-30mm-6x139-7-m12x1-5mm-cb-106-1-z-pierscieniem-centrujacym\/"},"modified":"2025-09-24T09:56:03","modified_gmt":"2025-09-24T09:56:03","slug":"ofm114-kolnierze-dystansowe-30mm-6x139-7-m12x1-5mm-cb-106-1-z-pierscieniem-centrujacym","status":"publish","type":"product","link":"https:\/\/ofm4x4.com\/pl\/shop\/dystanse-do-kol\/ofm114-kolnierze-dystansowe-30mm-6x139-7-m12x1-5mm-cb-106-1-z-pierscieniem-centrujacym\/","title":{"rendered":"OFM114 Ko\u0142nierze dystansowe 30mm 6&#215;139.7 M12x1.5mm CB 106.1 z pier\u015bcieniem centruj\u0105cym"},"content":{"rendered":"<ul>\n<li data-start=\"0\" data-end=\"124\">Pier\u015bcie\u0144 centruj\u0105cy: TAK<\/li>\n<li data-start=\"0\" data-end=\"124\">Grubo\u015b\u0107: 30 mm<\/li>\n<li data-start=\"0\" data-end=\"124\">Gwint: M12 x 1,5<\/li>\n<li data-start=\"0\" data-end=\"124\">PCD: 6 x 139,7<\/li>\n<li data-start=\"0\" data-end=\"124\">Materia\u0142: Aluminium<\/li>\n<li data-start=\"0\" data-end=\"124\">CB: 106.1<\/li>\n<li data-start=\"0\" data-end=\"124\">Model: OFM 114<\/li>\n<\/ul>\n<p data-start=\"126\" data-end=\"334\">Dystanse k\u00f3\u0142 s\u0105 wykonane ze specjalnego duraluminium i spe\u0142niaj\u0105 wymagane standardy jako\u015bci i bezpiecze\u0144stwa. Poprawiaj\u0105 stabilno\u015b\u0107 pojazdu po jego podniesieniu poprzez zamontowanie zawieszenia i wi\u0119kszych k\u00f3\u0142. <\/p>\n<p data-start=\"336\" data-end=\"359\" data-is-last-node=\"\" data-is-only-node=\"\">Cena dotyczy jednej sztuki.<\/p>\n","protected":false},"excerpt":{"rendered":"<p>Dystanse k\u00f3\u0142 30mm 6&#215;139.7 M12x1.5mm CB 106.1 z pier\u015bcieniem centruj\u0105cym<\/p>\n","protected":false},"featured_media":42601,"comment_status":"open","ping_status":"closed","template":"","meta":[],"product_brand":[1279],"product_cat":[4612],"product_tag":[4763,4704,4886,4614,4669,4703],"class_list":{"0":"post-42584","1":"product","2":"type-product","3":"status-publish","4":"has-post-thumbnail","6":"product_brand-ofm4x4","7":"product_cat-dystanse-do-kol","8":"product_tag-30mm","9":"product_tag-6x139-7","10":"product_tag-cb-106-1","11":"product_tag-centering-ring","12":"product_tag-dystanse-kol","13":"product_tag-m12x1-5mm","14":"product_shipping_class-produse-usoare-set","16":"first","17":"instock","18":"taxable","19":"shipping-taxable","20":"purchasable","21":"product-type-simple"},"_links":{"self":[{"href":"https:\/\/ofm4x4.com\/pl\/wp-json\/wp\/v2\/product\/42584","targetHints":{"allow":["GET"]}}],"collection":[{"href":"https:\/\/ofm4x4.com\/pl\/wp-json\/wp\/v2\/product"}],"about":[{"href":"https:\/\/ofm4x4.com\/pl\/wp-json\/wp\/v2\/types\/product"}],"replies":[{"embeddable":true,"href":"https:\/\/ofm4x4.com\/pl\/wp-json\/wp\/v2\/comments?post=42584"}],"version-history":[{"count":1,"href":"https:\/\/ofm4x4.com\/pl\/wp-json\/wp\/v2\/product\/42584\/revisions"}],"predecessor-version":[{"id":42603,"href":"https:\/\/ofm4x4.com\/pl\/wp-json\/wp\/v2\/product\/42584\/revisions\/42603"}],"wp:featuredmedia":[{"embeddable":true,"href":"https:\/\/ofm4x4.com\/pl\/wp-json\/wp\/v2\/media\/42601"}],"wp:attachment":[{"href":"https:\/\/ofm4x4.com\/pl\/wp-json\/wp\/v2\/media?parent=42584"}],"wp:term":[{"taxonomy":"product_brand","embeddable":true,"href":"https:\/\/ofm4x4.com\/pl\/wp-json\/wp\/v2\/product_brand?post=42584"},{"taxonomy":"product_cat","embeddable":true,"href":"https:\/\/ofm4x4.com\/pl\/wp-json\/wp\/v2\/product_cat?post=42584"},{"taxonomy":"product_tag","embeddable":true,"href":"https:\/\/ofm4x4.com\/pl\/wp-json\/wp\/v2\/product_tag?post=42584"}],"curies":[{"name":"wp","href":"https:\/\/api.w.org\/{rel}","templated":true}]}}