{"id":42633,"date":"2022-09-23T08:30:33","date_gmt":"2022-09-23T08:30:33","guid":{"rendered":"https:\/\/ofm4x4.com\/shop\/bez-kategorii\/felga-stalowa-16x7-et-20-5x114-3-cb-60-1-off-road-do-suzuki-grand-vitara-2008\/"},"modified":"2025-09-24T09:56:07","modified_gmt":"2025-09-24T09:56:07","slug":"felga-stalowa-16x7-et-20-5x114-3-cb-60-1-off-road-do-suzuki-grand-vitara-2008","status":"publish","type":"product","link":"https:\/\/ofm4x4.com\/pl\/shop\/stalowe-felgi\/felga-stalowa-16x7-et-20-5x114-3-cb-60-1-off-road-do-suzuki-grand-vitara-2008\/","title":{"rendered":"Felga stalowa 16X7 ET +20 5&#215;114.3 CB 60.1 Off-Road do Suzuki Grand Vitara 2008"},"content":{"rendered":"<div id=\"\\\" ali-anchor-alimagic-6rxnu8=\"\" class=\"\\\" magic-0=\"\" data-section=\"\\\"AliMagic-6rxnu8\\\"\" data-section-title=\"\\\"Product\" data-spm-anchor-id=\"\\\"a2700.details.pronpeci14.i0.7ae070497Niwca\\\"\">\n<h3 data-start=\"0\" data-end=\"21\">Specyfikacje:<\/h3>\n<ul data-start=\"23\" data-end=\"223\">\n<li data-start=\"23\" data-end=\"44\"><strong data-start=\"25\" data-end=\"38\">\u015arednica:<\/strong> R16<\/li>\n<li data-start=\"45\" data-end=\"62\"><strong data-start=\"47\" data-end=\"57\">Szeroko\u015b\u0107:<\/strong> 7J<\/li>\n<li data-start=\"63\" data-end=\"87\"><strong data-start=\"65\" data-end=\"81\">ET (Offset):<\/strong> +20<\/li>\n<li data-start=\"88\" data-end=\"125\"><strong data-start=\"90\" data-end=\"113\">PCD (uk\u0142ad \u015brub):<\/strong> 5 x 114.3<\/li>\n<li data-start=\"126\" data-end=\"170\"><strong data-start=\"128\" data-end=\"138\">Kolor:<\/strong> czarny z czerwonymi i niebieskimi liniami<\/li>\n<li data-start=\"171\" data-end=\"201\"><strong data-start=\"173\" data-end=\"194\">CB (Center Bore):<\/strong> 60.1<\/li>\n<li data-start=\"202\" data-end=\"223\"><strong data-start=\"204\" data-end=\"214\">Model:<\/strong> OFM024<\/li>\n<\/ul>\n<p data-start=\"225\" data-end=\"380\">\u26a0\ufe0f Ko\u0142a te <strong data-start=\"245\" data-end=\"261\">nie s\u0105 zatwierdzone<\/strong> do u\u017cytku na drogach publicznych i <strong data-start=\"290\" data-end=\"323\">nie posiadaj\u0105 certyfikatu RAR<\/strong>.<br data-start=\"324\" data-end=\"327\">S\u0105 one przeznaczone wy\u0142\u0105cznie do <strong data-start=\"361\" data-end=\"377\">u\u017cytku w terenie<\/strong>.<\/p>\n<ul data-start=\"382\" data-end=\"664\" data-is-last-node=\"\" data-is-only-node=\"\">\n<li data-start=\"382\" data-end=\"470\">Produkt jest <strong data-start=\"399\" data-end=\"437\">malowany elektrostatycznie na czarno<\/strong>, co zwi\u0119ksza odporno\u015b\u0107 na zarysowania.<\/li>\n<li data-start=\"471\" data-end=\"664\" data-is-last-node=\"\"><strong data-start=\"477\" data-end=\"509\">Stopka ma ujemny bark<\/strong>, dzi\u0119ki czemu ko\u0142o jest bardziej wysuni\u0119te na zewn\u0105trz wzgl\u0119dem piasty, co poprawia stabilno\u015b\u0107 pojazdu i zapewnia wi\u0119kszy prze\u015bwit dla <strong data-start=\"635\" data-end=\"663\">ponadwymiarowych opon terenowych<\/strong>.<\/li>\n<\/ul>\n<\/div>\n","protected":false},"excerpt":{"rendered":"<p data-start=\"0\" data-end=\"83\"><strong data-start=\"0\" data-end=\"81\">Felga stalowa 16X7 ET +20 5X114.3 CB 60.1 Off-Road do Suzuki Grand Vitara 2008<\/strong><\/p>\n<p data-start=\"85\" data-end=\"186\">\u26a0\ufe0f Ko\u0142a te <strong data-start=\"105\" data-end=\"121\">nie s\u0105 zatwierdzone<\/strong> do u\u017cytku na drogach publicznych i <strong data-start=\"150\" data-end=\"183\">nie posiadaj\u0105 certyfikatu RAR<\/strong>.<\/p>\n<p data-start=\"188\" data-end=\"239\" data-is-last-node=\"\" data-is-only-node=\"\">S\u0105 one przeznaczone wy\u0142\u0105cznie do <strong data-start=\"222\" data-end=\"238\">u\u017cytku w terenie<\/strong>.<\/p>\n","protected":false},"featured_media":42641,"comment_status":"open","ping_status":"closed","template":"","meta":[],"product_brand":[1279],"product_cat":[4627],"product_tag":[4731,4890,4630],"class_list":{"0":"post-42633","1":"product","2":"type-product","3":"status-publish","4":"has-post-thumbnail","6":"product_brand-ofm4x4","7":"product_cat-stalowe-felgi","8":"product_tag-16x7","9":"product_tag-et-20-5x114-3-cb-60-1","10":"product_tag-steel-wheel","11":"product_shipping_class-alte-produse","13":"first","14":"outofstock","15":"taxable","16":"shipping-taxable","17":"purchasable","18":"product-type-simple"},"_links":{"self":[{"href":"https:\/\/ofm4x4.com\/pl\/wp-json\/wp\/v2\/product\/42633","targetHints":{"allow":["GET"]}}],"collection":[{"href":"https:\/\/ofm4x4.com\/pl\/wp-json\/wp\/v2\/product"}],"about":[{"href":"https:\/\/ofm4x4.com\/pl\/wp-json\/wp\/v2\/types\/product"}],"replies":[{"embeddable":true,"href":"https:\/\/ofm4x4.com\/pl\/wp-json\/wp\/v2\/comments?post=42633"}],"version-history":[{"count":1,"href":"https:\/\/ofm4x4.com\/pl\/wp-json\/wp\/v2\/product\/42633\/revisions"}],"predecessor-version":[{"id":42643,"href":"https:\/\/ofm4x4.com\/pl\/wp-json\/wp\/v2\/product\/42633\/revisions\/42643"}],"wp:featuredmedia":[{"embeddable":true,"href":"https:\/\/ofm4x4.com\/pl\/wp-json\/wp\/v2\/media\/42641"}],"wp:attachment":[{"href":"https:\/\/ofm4x4.com\/pl\/wp-json\/wp\/v2\/media?parent=42633"}],"wp:term":[{"taxonomy":"product_brand","embeddable":true,"href":"https:\/\/ofm4x4.com\/pl\/wp-json\/wp\/v2\/product_brand?post=42633"},{"taxonomy":"product_cat","embeddable":true,"href":"https:\/\/ofm4x4.com\/pl\/wp-json\/wp\/v2\/product_cat?post=42633"},{"taxonomy":"product_tag","embeddable":true,"href":"https:\/\/ofm4x4.com\/pl\/wp-json\/wp\/v2\/product_tag?post=42633"}],"curies":[{"name":"wp","href":"https:\/\/api.w.org\/{rel}","templated":true}]}}