{"id":42634,"date":"2022-08-25T14:33:06","date_gmt":"2022-08-25T14:33:06","guid":{"rendered":"https:\/\/ofm4x4.com\/shop\/bez-kategorii\/blokowany-mechanizm-roznicowy-tre-4x4-tylna-os-tr307-grand-vitara-2\/"},"modified":"2025-09-24T09:56:07","modified_gmt":"2025-09-24T09:56:07","slug":"blokowany-mechanizm-roznicowy-tre-4x4-tylna-os-tr307-grand-vitara-2","status":"publish","type":"product","link":"https:\/\/ofm4x4.com\/pl\/shop\/mechanizm-roznicowy-z-blokada\/blokowany-mechanizm-roznicowy-tre-4x4-tylna-os-tr307-grand-vitara-2\/","title":{"rendered":"Blokowany mechanizm r\u00f3\u017cnicowy TRE 4&#215;4 tylna o\u015b TR307 Grand Vitara 2"},"content":{"rendered":"<h3 data-start=\"0\" data-end=\"25\"><strong data-start=\"4\" data-end=\"25\">12-miesi\u0119czna gwarancja<\/strong><\/h3>\n<p data-start=\"27\" data-end=\"108\">Kompatybilno\u015b\u0107 mo\u017cna sprawdzi\u0107 w <strong data-start=\"45\" data-end=\"87\">katalogu blokowanych mechanizm\u00f3w r\u00f3\u017cnicowych TRE 4&#215;4<\/strong>.<\/p>\n<p data-start=\"110\" data-end=\"159\"><strong data-start=\"110\" data-end=\"130\">Kompatybilny z:<\/strong> Grand Vitara 2 (2006-2012)<\/p>\n<p data-start=\"161\" data-end=\"255\">Do obs\u0142ugi blokowanego mechanizmu r\u00f3\u017cnicowego potrzebna b\u0119dzie r\u00f3wnie\u017c <strong data-start=\"222\" data-end=\"252\">spr\u0119\u017carka powietrza TRE 4&#215;4 12V<\/strong>.<\/p>\n<ul data-start=\"257\" data-end=\"330\">\n<li data-start=\"257\" data-end=\"275\"><strong data-start=\"259\" data-end=\"273\">28 wypust\u00f3w<\/strong><\/li>\n<li data-start=\"276\" data-end=\"305\"><strong data-start=\"278\" data-end=\"303\">12 \u015brub na koronie<\/strong><\/li>\n<li data-start=\"306\" data-end=\"330\"><strong data-start=\"308\" data-end=\"328\">Prze\u0142o\u017cenia: wszystkie<\/strong><\/li>\n<\/ul>\n<p data-start=\"332\" data-end=\"449\">Aby zapewni\u0107 prawid\u0142owy monta\u017c i unikn\u0105\u0107 uszkodze\u0144, zalecamy zlecenie monta\u017cu cz\u0119\u015bci <strong data-start=\"419\" data-end=\"446\">wyspecjalizowanemu serwisowi 4&#215;4<\/strong>.<\/p>\n<ul data-start=\"451\" data-end=\"1017\">\n<li data-start=\"451\" data-end=\"482\"><strong data-start=\"453\" data-end=\"480\">100% przyczepno\u015bci na \u017c\u0105danie<\/strong><\/li>\n<li data-start=\"483\" data-end=\"524\">Wsp\u00f3\u0142pracuje z <strong data-start=\"500\" data-end=\"522\">kompresorem TRE 4&#215;4<\/strong><\/li>\n<li data-start=\"525\" data-end=\"562\"><strong data-start=\"527\" data-end=\"560\">Lepsza przyczepno\u015b\u0107<\/strong><\/li>\n<li data-start=\"563\" data-end=\"686\"><strong data-start=\"565\" data-end=\"600\">Prosta i wygodna obs\u0142uga<\/strong>, pozwalaj\u0105ca u\u017cytkownikowi skupi\u0107 si\u0119 na terenie przy jednoczesnym zachowaniu <strong data-start=\"662\" data-end=\"684\">komfortu i bezpiecze\u0144stwa<\/strong>.<\/li>\n<li data-start=\"687\" data-end=\"767\"><strong data-start=\"689\" data-end=\"727\">Wyj\u0105tkowo trwa\u0142y i wydajny<\/strong>, wykonany z <strong data-start=\"739\" data-end=\"765\">wysokiej jako\u015bci materia\u0142\u00f3w<\/strong><\/li>\n<li data-start=\"768\" data-end=\"848\"><strong data-start=\"770\" data-end=\"812\">Niezwykle prosta i wydajna konstrukcja<\/strong>, zapewniaj\u0105ca <strong data-start=\"823\" data-end=\"846\">maksymaln\u0105 niezawodno\u015b\u0107<\/strong><\/li>\n<li data-start=\"849\" data-end=\"926\"><strong data-start=\"851\" data-end=\"879\">Sprawdzona i przetestowana konstrukcja<\/strong>, niezawodna w <strong data-start=\"893\" data-end=\"924\">ponad 80 krajach na ca\u0142ym \u015bwiecie<\/strong><\/li>\n<li data-start=\"927\" data-end=\"1017\">Dost\u0119pne z <strong data-start=\"942\" data-end=\"983\">przednim i tylnym blokowanym mechanizmem r\u00f3\u017cnicowym<\/strong> dla wi\u0119kszo\u015bci <strong data-start=\"993\" data-end=\"1015\">modeli 4WD i 2WD<\/strong>.<\/li>\n<\/ul>\n","protected":false},"excerpt":{"rendered":"<p><strong>TR307<\/strong> Grand Vitara 2<\/p>\n<p>Blokowany mechanizm r\u00f3\u017cnicowy TRE 4&#215;4 O\u015b tylna<\/p>\n","protected":false},"featured_media":33870,"comment_status":"open","ping_status":"closed","template":"","meta":[],"product_brand":[1233],"product_cat":[4573],"product_tag":[4858,4575,4585,4891,4577],"class_list":{"0":"post-42634","1":"product","2":"type-product","3":"status-publish","4":"has-post-thumbnail","6":"product_brand-tre-4x4","7":"product_cat-mechanizm-roznicowy-z-blokada","8":"product_tag-grand-vitara-2","9":"product_tag-lockable-differential","10":"product_tag-rear-axle","11":"product_tag-tr307","12":"product_tag-tre-4x4","13":"product_shipping_class-alte-produse","15":"first","16":"outofstock","17":"taxable","18":"shipping-taxable","19":"purchasable","20":"product-type-simple"},"_links":{"self":[{"href":"https:\/\/ofm4x4.com\/pl\/wp-json\/wp\/v2\/product\/42634","targetHints":{"allow":["GET"]}}],"collection":[{"href":"https:\/\/ofm4x4.com\/pl\/wp-json\/wp\/v2\/product"}],"about":[{"href":"https:\/\/ofm4x4.com\/pl\/wp-json\/wp\/v2\/types\/product"}],"replies":[{"embeddable":true,"href":"https:\/\/ofm4x4.com\/pl\/wp-json\/wp\/v2\/comments?post=42634"}],"version-history":[{"count":1,"href":"https:\/\/ofm4x4.com\/pl\/wp-json\/wp\/v2\/product\/42634\/revisions"}],"predecessor-version":[{"id":42642,"href":"https:\/\/ofm4x4.com\/pl\/wp-json\/wp\/v2\/product\/42634\/revisions\/42642"}],"wp:featuredmedia":[{"embeddable":true,"href":"https:\/\/ofm4x4.com\/pl\/wp-json\/wp\/v2\/media\/33870"}],"wp:attachment":[{"href":"https:\/\/ofm4x4.com\/pl\/wp-json\/wp\/v2\/media?parent=42634"}],"wp:term":[{"taxonomy":"product_brand","embeddable":true,"href":"https:\/\/ofm4x4.com\/pl\/wp-json\/wp\/v2\/product_brand?post=42634"},{"taxonomy":"product_cat","embeddable":true,"href":"https:\/\/ofm4x4.com\/pl\/wp-json\/wp\/v2\/product_cat?post=42634"},{"taxonomy":"product_tag","embeddable":true,"href":"https:\/\/ofm4x4.com\/pl\/wp-json\/wp\/v2\/product_tag?post=42634"}],"curies":[{"name":"wp","href":"https:\/\/api.w.org\/{rel}","templated":true}]}}