{"id":42835,"date":"2023-08-01T07:19:28","date_gmt":"2023-08-01T07:19:28","guid":{"rendered":"https:\/\/ofm4x4.com\/shop\/bez-kategorii\/ofm117-kolnierze-dystansowe-30mm-6x139-7-m12x1-5mm-cb-93-1-z-pierscieniem-centrujacym-do-ford-ranger\/"},"modified":"2025-09-24T09:57:04","modified_gmt":"2025-09-24T09:57:04","slug":"ofm117-kolnierze-dystansowe-30mm-6x139-7-m12x1-5mm-cb-93-1-z-pierscieniem-centrujacym-do-ford-ranger","status":"publish","type":"product","link":"https:\/\/ofm4x4.com\/pl\/shop\/dystanse-do-kol\/ofm117-kolnierze-dystansowe-30mm-6x139-7-m12x1-5mm-cb-93-1-z-pierscieniem-centrujacym-do-ford-ranger\/","title":{"rendered":"OFM117 Ko\u0142nierze dystansowe 30mm 6&#215;139.7 M12x1.5mm CB 93.1 z pier\u015bcieniem centruj\u0105cym do Ford Ranger"},"content":{"rendered":"<p>Dystanse k\u00f3\u0142 s\u0105 wykonane ze specjalnego duraluminium i spe\u0142niaj\u0105 niezb\u0119dne wymogi jako\u015bci i bezpiecze\u0144stwa. Poprawiaj\u0105 stabilno\u015b\u0107 pojazdu po podniesieniu poprzez zamontowanie zawieszenia i wi\u0119kszych k\u00f3\u0142. <\/p>\n<ul data-start=\"0\" data-end=\"195\">\n<li data-start=\"0\" data-end=\"27\"><strong data-start=\"2\" data-end=\"21\">Pier\u015bcie\u0144 centruj\u0105cy:<\/strong> Tak<\/li>\n<li data-start=\"28\" data-end=\"51\"><strong data-start=\"30\" data-end=\"44\">Grubo\u015b\u0107:<\/strong> 30 mm<\/li>\n<li data-start=\"52\" data-end=\"81\"><strong data-start=\"54\" data-end=\"71\">Rozstaw \u015brub:<\/strong> 6&#215;139,7<\/li>\n<li data-start=\"82\" data-end=\"112\"><strong data-start=\"84\" data-end=\"100\">Rozmiar gwintu:<\/strong> M12 x 1,5<\/li>\n<li data-start=\"113\" data-end=\"139\"><strong data-start=\"115\" data-end=\"128\">Materia\u0142:<\/strong> Aluminium<\/li>\n<li data-start=\"140\" data-end=\"172\"><strong data-start=\"142\" data-end=\"163\">Otw\u00f3r centralny (CB):<\/strong> 93,1 mm<\/li>\n<li data-start=\"173\" data-end=\"195\"><strong data-start=\"175\" data-end=\"185\">Model:<\/strong> OFM 117<\/li>\n<\/ul>\n<p data-start=\"197\" data-end=\"404\">Dystanse k\u00f3\u0142 s\u0105 wykonane ze specjalnego duraluminium i spe\u0142niaj\u0105 niezb\u0119dne wymogi jako\u015bci i bezpiecze\u0144stwa. Poprawiaj\u0105 stabilno\u015b\u0107 pojazdu po podniesieniu poprzez zamontowanie zawieszenia i wi\u0119kszych k\u00f3\u0142. <\/p>\n<p data-start=\"406\" data-end=\"426\" data-is-last-node=\"\" data-is-only-node=\"\"><strong data-start=\"406\" data-end=\"426\" data-is-last-node=\"\">Cena za sztuk\u0119.<\/strong><\/p>\n","protected":false},"excerpt":{"rendered":"<p>Dystanse k\u00f3\u0142 30mm 6&#215;139.7 M12x1.5mm CB 93.1 z pier\u015bcieniem centruj\u0105cym do Ford Ranger<\/p>\n","protected":false},"featured_media":42838,"comment_status":"open","ping_status":"closed","template":"","meta":[],"product_brand":[1279],"product_cat":[4612],"product_tag":[4763,4704,4938,4614,4669,4926,4703],"class_list":{"0":"post-42835","1":"product","2":"type-product","3":"status-publish","4":"has-post-thumbnail","6":"product_brand-ofm4x4","7":"product_cat-dystanse-do-kol","8":"product_tag-30mm","9":"product_tag-6x139-7","10":"product_tag-cb-93-1","11":"product_tag-centering-ring","12":"product_tag-dystanse-kol","13":"product_tag-ford-ranger","14":"product_tag-m12x1-5mm","15":"product_shipping_class-produse-usoare-set","17":"first","18":"instock","19":"taxable","20":"shipping-taxable","21":"purchasable","22":"product-type-simple"},"_links":{"self":[{"href":"https:\/\/ofm4x4.com\/pl\/wp-json\/wp\/v2\/product\/42835","targetHints":{"allow":["GET"]}}],"collection":[{"href":"https:\/\/ofm4x4.com\/pl\/wp-json\/wp\/v2\/product"}],"about":[{"href":"https:\/\/ofm4x4.com\/pl\/wp-json\/wp\/v2\/types\/product"}],"replies":[{"embeddable":true,"href":"https:\/\/ofm4x4.com\/pl\/wp-json\/wp\/v2\/comments?post=42835"}],"version-history":[{"count":1,"href":"https:\/\/ofm4x4.com\/pl\/wp-json\/wp\/v2\/product\/42835\/revisions"}],"predecessor-version":[{"id":42848,"href":"https:\/\/ofm4x4.com\/pl\/wp-json\/wp\/v2\/product\/42835\/revisions\/42848"}],"wp:featuredmedia":[{"embeddable":true,"href":"https:\/\/ofm4x4.com\/pl\/wp-json\/wp\/v2\/media\/42838"}],"wp:attachment":[{"href":"https:\/\/ofm4x4.com\/pl\/wp-json\/wp\/v2\/media?parent=42835"}],"wp:term":[{"taxonomy":"product_brand","embeddable":true,"href":"https:\/\/ofm4x4.com\/pl\/wp-json\/wp\/v2\/product_brand?post=42835"},{"taxonomy":"product_cat","embeddable":true,"href":"https:\/\/ofm4x4.com\/pl\/wp-json\/wp\/v2\/product_cat?post=42835"},{"taxonomy":"product_tag","embeddable":true,"href":"https:\/\/ofm4x4.com\/pl\/wp-json\/wp\/v2\/product_tag?post=42835"}],"curies":[{"name":"wp","href":"https:\/\/api.w.org\/{rel}","templated":true}]}}